{"id":6190,"date":"2024-07-23T16:46:56","date_gmt":"2024-07-23T16:46:56","guid":{"rendered":"https:\/\/klin.managementpro.ro\/?post_type=product&#038;p=6190"},"modified":"2024-07-23T16:47:01","modified_gmt":"2024-07-23T16:47:01","slug":"klinozyme-detergent-trienzimatic-concentrat-1l","status":"publish","type":"product","link":"https:\/\/klin.managementpro.ro\/en\/product\/klinozyme-detergent-trienzimatic-concentrat-1l\/","title":{"rendered":"KLINOZYME - Concentrated trienzymatic detergent 1l"},"content":{"rendered":"<ul>\n<li>Detergent trienzimatic<\/li>\n<li>Performan\u021b\u0103 foarte mare de cur\u0103\u021bare<\/li>\n<li>Compatibil cu diverse materiale<\/li>\n<li>Ideal pentru utilizare \u00een baie cu ultrasunete<\/li>\n<\/ul>\n<p>KLINOZYME<strong>\u00a0<\/strong>este un detergent trienzimatic concentrat destinat cur\u0103\u021b\u0103rii instrumentarului \u0219i dispozitivelor medico-chirurgicale prin cur\u0103\u021bare manual\u0103, automat\u0103 sau \u00een b\u0103i cu ultrasunete.<\/p>\n<p><strong>PRODUCT PROPERTIES<\/strong><\/p>\n<ul>\n<li>Amestec trienzimatic ( amilaz\u0103, proteaz\u0103, lipaz\u0103)<\/li>\n<li>Mix de surfactan\u021bi cu bun\u0103 capacitate de umectare, micelizare<\/li>\n<li>Spumare redus\u0103<\/li>\n<li>Nu decoloreaz\u0103, nu p\u0103teaz\u0103, nu albe\u0219te<\/li>\n<\/ul>\n<p><strong>MOD DE UTILIZARE<\/strong>: Produsul se utilizeaz\u0103 sub form\u0103 de solu\u021bie gata de lucru de 0,25%\/0,5%. Exemplu de preparare pentru 1 L solu\u021bie 0,5%: 5 ml Klinozyme + 995 ml ap\u0103 potabil\u0103. Pentru eficien\u021b\u0103 ridicat\u0103 se recomand\u0103 utilizarea solu\u021biei gata de lucru cu temperaturi cuprinse \u00eentre 25\u00f730\u00b0C, timp de contact de 5 minute. Pentru instrumentarul cu depozite mari de material organic se recomand\u0103 cre\u0219terea timpului de contact p\u00e2n\u0103 la 15 minute sau utilizarea unei concentra\u021bii de 1% sau 1.5%. Plasa\u021bi instrumentarul\/elementele demontabile \u0219i destinate cur\u0103\u021b\u0103rii prin imersie ale dispozitivelor medicale \u00een cuva cu solu\u021bie gata de lucru pentru cur\u0103\u021bare, \u00een care lichidul trebuie s\u0103 acopere total suprafe\u021bele iar pentru goluri\/lumenuri se recomand\u0103 umplerea total\u0103 cu lichid. Dup\u0103 timpul de contact se cur\u0103\u021b\u0103 cu ap\u0103 cald\u0103 sub jet moderat iar pentru zonele cu urme vizibile se poate utiliza o lavet\u0103\/burete moale curat. Dac\u0103 dup\u0103 aplicarea procedurii de sp\u0103lare ram\u00e2n depozite organice substan\u021biale, se recomand\u0103 reaplicarea procedurii ini\u021biale, a\u0219a cum este descris\u0103 mai sus.<\/p>\n<p>Solu\u021bia se va reutiliza timp de maxim 72 de ore sau dac\u0103 devine prea murdar\u0103, atunci se va schimba. O solu\u021bie cu grad mare de \u00eenc\u0103rcare cu materii organice face dificil\u0103 cur\u0103\u021barea instrumentarului.<\/p>\n<p>Nu se recomand\u0103 amestecarea produsului cu al\u021bi agen\u021bi de cur\u0103\u021bare\/dezinfectan\u021bi. Este recomandat\u0103 imersarea instrumentarului murdar \u00een solu\u021bia de cur\u0103\u021bare imediat dup\u0103 utilizare, deoarece uscarea resturilor organice influen\u021beaz\u0103 puternic modul de cur\u0103\u021bare al acestora. Este compatibil cu majoritatea materialelor precum: o\u021bel inoxidabil, cupru, aluminiu, zinc, sticl\u0103, ceramic\u0103, teflon, plastic, cauciuc.<\/p>\n<p>Dup\u0103 etapa de cur\u0103\u021bare a instrumentarului este necesar\u0103 dezinfectarea\/sterilizarea chimic\u0103 la rece, \u00een func\u021bie de particularit\u0103\u021bile materialelor din care sunt confec\u021bionate.<\/p>\n<p><strong>AMBALARE<\/strong>: Flacoane 1 L, 5 L<\/p>\n<p><strong>CHEMICAL COMPOSITION<\/strong>: Ap\u0103 demineralizat\u0103, &gt;15% surfactan\u021bi non-ionici, &gt;10% surfactan\u021bi amfoterici, umectan\u021bi, degresan\u021bi, agen\u021bi de chelatizare, reglare pH, antiseparare, conservan\u021bi, agent de parfumare, amestec trienzimatic (proteaze, amilaze, lipaze).<\/p>\n<p><strong>CATEGORIE<\/strong>: Industriali, profesionali.<\/p>\n<p>&nbsp;<\/p>\n<p>Manufacturer: KLINTENSIV SRL<br \/>\n\u0218os. Alexandriei 544, Bragadiru city, Ilfov county.<br \/>\nTel: 021.448.14.99<br \/>\noffice@klintensiv.com | www.klintensiv.com<\/p>","protected":false},"excerpt":{"rendered":"<p><strong>KLINOZYME<\/strong> este un detergent trienzimatic concentrat destinat cur\u0103\u021b\u0103rii instrumentarului \u0219i dispozitivelor medico-chirurgicale.<\/p>","protected":false},"featured_media":5622,"comment_status":"open","ping_status":"closed","template":"","meta":[],"product_cat":[52,63,56],"product_tag":[],"class_list":{"0":"post-6190","1":"product","2":"type-product","3":"status-publish","4":"has-post-thumbnail","6":"product_cat-dezinfectanti-medicali","7":"product_cat-instrumentar-echipamente","8":"product_cat-saloane-beauty-tatoo","10":"first","11":"instock","12":"shipping-taxable","13":"purchasable","14":"product-type-simple"},"_links":{"self":[{"href":"https:\/\/klin.managementpro.ro\/en\/wp-json\/wp\/v2\/product\/6190","targetHints":{"allow":["GET"]}}],"collection":[{"href":"https:\/\/klin.managementpro.ro\/en\/wp-json\/wp\/v2\/product"}],"about":[{"href":"https:\/\/klin.managementpro.ro\/en\/wp-json\/wp\/v2\/types\/product"}],"replies":[{"embeddable":true,"href":"https:\/\/klin.managementpro.ro\/en\/wp-json\/wp\/v2\/comments?post=6190"}],"wp:featuredmedia":[{"embeddable":true,"href":"https:\/\/klin.managementpro.ro\/en\/wp-json\/wp\/v2\/media\/5622"}],"wp:attachment":[{"href":"https:\/\/klin.managementpro.ro\/en\/wp-json\/wp\/v2\/media?parent=6190"}],"wp:term":[{"taxonomy":"product_cat","embeddable":true,"href":"https:\/\/klin.managementpro.ro\/en\/wp-json\/wp\/v2\/product_cat?post=6190"},{"taxonomy":"product_tag","embeddable":true,"href":"https:\/\/klin.managementpro.ro\/en\/wp-json\/wp\/v2\/product_tag?post=6190"}],"curies":[{"name":"wp","href":"https:\/\/api.w.org\/{rel}","templated":true}]}}