{"id":6202,"date":"2024-07-23T16:47:04","date_gmt":"2024-07-23T16:47:04","guid":{"rendered":"https:\/\/klin.managementpro.ro\/?post_type=product&#038;p=6202"},"modified":"2024-07-23T16:47:07","modified_gmt":"2024-07-23T16:47:07","slug":"atomizor","status":"publish","type":"product","link":"https:\/\/klin.managementpro.ro\/en\/product\/atomizor\/","title":{"rendered":"ATOMIZOR"},"content":{"rendered":"<p class=\"p1\">Atomizorul folose\u0219te dezinfectantul din gama Klintensiv pentru a maximiza dezinfec\u021bia f\u0103r\u0103 substan\u021be chimice dure sau vapori toxici. Solu\u021bia noastr\u0103 de acid hipocloros (HOCl), ucide 99,9% dintre germeni, viru\u0219i \u0219i bacterii prin valorificarea puterii naturii. Perfect pentru unit\u0103\u021bi sanitare, acas\u0103, birou, HoReCa \u0219i multe altele!<\/p>\n<p class=\"p1\">Utiliza\u021bi dezinfectant din gama Klintensiv pentru o protec\u021bie maxim\u0103.<\/p>\n<p class=\"p1\">Nu este necesar\u0103 \u0219tergerea dup\u0103 aplicare \u0219i este sigur pentru suprafe\u021bele care intr\u0103 \u00een contact cu alimentele.<\/p>\n<p>CARACTERISTICI<\/p>\n<p>Tip pulverizator: ecran tactil<\/p>\n<p>Tip plastic: ABS<\/p>\n<p>Pulverizare HOCl =\u00a0\u00a00,26 nm<\/p>\n<p>Greutate produs: 0,49 kg<\/p>\n<p>Capacitate baterie: 3000mAh<\/p>\n<p>Putere nominala: 10W<\/p>\n<p>Timp de utilizare: 2 ore<\/p>\n<p>Baterie: Bateria este demontabil\u0103<\/p>\n<p>Aplica\u021bie: acas\u0103, haine, p\u0103r, bagaje, \u0219coal\u0103, birou, ma\u0219in\u0103 etc<\/p>\n<p>Tehnologie: Pulverizare de \u00eenalt\u0103 presiune + dezinfectie Blu-ray<\/p>","protected":false},"excerpt":{"rendered":"<p>Utilizeaz\u0103 cea mai recent\u0103 tehnologie de atomizare pentru o dezinfec\u021bie rapid\u0103 inovatoare prin particule atomizate, ideal\u0103 pentru cur\u0103\u021barea, dezinfectarea \u0219i igienizarea aerului \u0219i a suprafe\u021belor de orice tip.<\/p>","protected":false},"featured_media":5640,"comment_status":"open","ping_status":"closed","template":"","meta":[],"product_cat":[203,52,163],"product_tag":[],"class_list":{"0":"post-6202","1":"product","2":"type-product","3":"status-publish","4":"has-post-thumbnail","6":"product_cat-atomizoare","7":"product_cat-dezinfectanti-medicali","8":"product_cat-dispozitive-si-echipamente","10":"first","11":"outofstock","12":"shipping-taxable","13":"purchasable","14":"product-type-simple"},"_links":{"self":[{"href":"https:\/\/klin.managementpro.ro\/en\/wp-json\/wp\/v2\/product\/6202","targetHints":{"allow":["GET"]}}],"collection":[{"href":"https:\/\/klin.managementpro.ro\/en\/wp-json\/wp\/v2\/product"}],"about":[{"href":"https:\/\/klin.managementpro.ro\/en\/wp-json\/wp\/v2\/types\/product"}],"replies":[{"embeddable":true,"href":"https:\/\/klin.managementpro.ro\/en\/wp-json\/wp\/v2\/comments?post=6202"}],"wp:featuredmedia":[{"embeddable":true,"href":"https:\/\/klin.managementpro.ro\/en\/wp-json\/wp\/v2\/media\/5640"}],"wp:attachment":[{"href":"https:\/\/klin.managementpro.ro\/en\/wp-json\/wp\/v2\/media?parent=6202"}],"wp:term":[{"taxonomy":"product_cat","embeddable":true,"href":"https:\/\/klin.managementpro.ro\/en\/wp-json\/wp\/v2\/product_cat?post=6202"},{"taxonomy":"product_tag","embeddable":true,"href":"https:\/\/klin.managementpro.ro\/en\/wp-json\/wp\/v2\/product_tag?post=6202"}],"curies":[{"name":"wp","href":"https:\/\/api.w.org\/{rel}","templated":true}]}}