{"id":6203,"date":"2024-07-23T16:47:04","date_gmt":"2024-07-23T16:47:04","guid":{"rendered":"https:\/\/klin.managementpro.ro\/?post_type=product&#038;p=6203"},"modified":"2024-07-23T16:47:07","modified_gmt":"2024-07-23T16:47:07","slug":"atomizor-2","status":"publish","type":"product","link":"https:\/\/klin.managementpro.ro\/en\/product\/atomizor-2\/","title":{"rendered":"ATOMIZOR"},"content":{"rendered":"<p class=\"p1\">Atomizorul folose\u0219te dezinfectantul din gama Klintensiv pentru a maximiza dezinfec\u021bia f\u0103r\u0103 substan\u021be chimice dure sau vapori toxici. Solu\u021bia noastr\u0103 de acid hipocloros (HOCl), ucide 99,9% dintre germeni, viru\u0219i \u0219i bacterii prin valorificarea puterii naturii. Perfect pentru unit\u0103\u021bi sanitare, acas\u0103, birou, HoReCa \u0219i multe altele!<span class=\"Apple-converted-space\">\u00a0<\/span><\/p>\n<p class=\"p1\">Utiliza\u021bi dezinfectant din gama Klintensiv pentru o protec\u021bie maxim\u0103.<\/p>\n<p class=\"p1\">Nu este necesar\u0103 \u0219tergerea dup\u0103 aplicare \u0219i este sigur pentru suprafe\u021bele care intr\u0103 \u00een contact cu alimentele.<\/p>\n<h2 class=\"yikes-custom-woo-tab-title yikes-custom-woo-tab-title-caracteristici\">CARACTERISTICI<\/h2>\n<p>Tensiune de alimentare (baterie) = 24 V DC<\/p>\n<p>Capacitate baterie = 8 Ah<\/p>\n<p>Putere nominala = 240 W<\/p>\n<p>Viteza de pulverizare = 80 \u2013 150 ml\/min.<\/p>\n<p>(reglabil)<\/p>\n<p>Dimensiunea pic\u0103turilor = 1<span class=\"Apple-converted-space\">\u00a0\u00a0<\/span>&lt;50 microni<\/p>\n<p>Acoperirea fluxului de cea\u021b\u0103<\/p>\n<p>(\u00een condi\u021bii f\u0103r\u0103 v\u00e2nt) = 5 \u2013 8 m<\/p>\n<p>Capacitate rezervor = 2 litri<\/p>\n<p>Timp de \u00eenc\u0103rcare complet\u0103 = 4 ore<\/p>\n<p>Timp de lucru la o singur\u0103 \u00eenc\u0103rcare = 50 \u2013 60 de minute<\/p>\n<p>Dimensiuni pachet = 68,5 x 27,5 x 18 [cm]<\/p>\n<p>&nbsp;<\/p>","protected":false},"excerpt":{"rendered":"<p>Utilizeaz\u0103 cea mai recent\u0103 tehnologie de atomizare pentru o dezinfec\u021bie rapid\u0103 inovatoare prin particule atomizate, ideal\u0103 pentru cur\u0103\u021barea, dezinfectarea \u0219i igienizarea aerului \u0219i a suprafe\u021belor de orice tip.<span class=\"Apple-converted-space\">\u00a0<\/span><\/p>","protected":false},"featured_media":5641,"comment_status":"open","ping_status":"closed","template":"","meta":[],"product_cat":[203,163],"product_tag":[],"class_list":{"0":"post-6203","1":"product","2":"type-product","3":"status-publish","4":"has-post-thumbnail","6":"product_cat-atomizoare","7":"product_cat-dispozitive-si-echipamente","9":"first","10":"instock","11":"shipping-taxable","12":"purchasable","13":"product-type-simple"},"_links":{"self":[{"href":"https:\/\/klin.managementpro.ro\/en\/wp-json\/wp\/v2\/product\/6203","targetHints":{"allow":["GET"]}}],"collection":[{"href":"https:\/\/klin.managementpro.ro\/en\/wp-json\/wp\/v2\/product"}],"about":[{"href":"https:\/\/klin.managementpro.ro\/en\/wp-json\/wp\/v2\/types\/product"}],"replies":[{"embeddable":true,"href":"https:\/\/klin.managementpro.ro\/en\/wp-json\/wp\/v2\/comments?post=6203"}],"wp:featuredmedia":[{"embeddable":true,"href":"https:\/\/klin.managementpro.ro\/en\/wp-json\/wp\/v2\/media\/5641"}],"wp:attachment":[{"href":"https:\/\/klin.managementpro.ro\/en\/wp-json\/wp\/v2\/media?parent=6203"}],"wp:term":[{"taxonomy":"product_cat","embeddable":true,"href":"https:\/\/klin.managementpro.ro\/en\/wp-json\/wp\/v2\/product_cat?post=6203"},{"taxonomy":"product_tag","embeddable":true,"href":"https:\/\/klin.managementpro.ro\/en\/wp-json\/wp\/v2\/product_tag?post=6203"}],"curies":[{"name":"wp","href":"https:\/\/api.w.org\/{rel}","templated":true}]}}