{"id":6204,"date":"2024-07-23T16:47:04","date_gmt":"2024-07-23T16:47:04","guid":{"rendered":"https:\/\/klin.managementpro.ro\/?post_type=product&#038;p=6204"},"modified":"2024-07-23T16:47:07","modified_gmt":"2024-07-23T16:47:07","slug":"nebulizator-cu-ultrasunete-32-l-450w","status":"publish","type":"product","link":"https:\/\/klin.managementpro.ro\/en\/product\/nebulizator-cu-ultrasunete-32-l-450w\/","title":{"rendered":"Nebulizator cu ULTRASUNETE 32 L, 450W"},"content":{"rendered":"<p>Aceste echipamente inovative, folosesc o tehnic\u0103 de ultim\u0103 genera\u021bie, oscila\u021bia cu ultrasunete la supra-frecven\u021b\u0103 (frecven\u021ba de oscila\u021bie este de 1,7 MHz, care dep\u0103\u0219e\u0219te intervalul de auz uman \u0219i nu d\u0103uneaz\u0103 oamenilor \u0219i animalelor), prin rezonan\u021ba foilor ceramice piezoelectrice \u0219i a curentului de rezonan\u021b\u0103 de \u00eenalt\u0103 frecven\u021b\u0103, lichidul este transformat\u00a0<span class=\"s1\">\u00ee<\/span>n particule de cea\u021b\u0103 saturat\u0103 de 1-10\u03bc f\u0103r\u0103 \u00eenc\u0103lzire \u0219i reac\u021bie chimic\u0103, care sunt \u00eempr\u0103\u0219tiate din camera de nebulizare<span class=\"Apple-converted-space\">\u00a0\u00a0<\/span>cu un ventilator \u0219i ac\u021bioneaz\u0103 direct pe suprafa\u021ba obiectului prin duz\u0103 pentru a acoperi aerul sau suprafa\u021ba obiectului de dezinfectat \u0219i sterilizat.<\/p>\n<h2 class=\"yikes-custom-woo-tab-title yikes-custom-woo-tab-title-caracteristici\">CARACTERISTICI<\/h2>\n<p>dimensiune molecula de apa 1-15 microni<\/p>\n<p>Clasa de etan\u0219eitate IPX4<\/p>\n<p>Interval de operare 0<span class=\"Apple-converted-space\">\u00a0\u00a0<\/span>+40 grade Celsius<\/p>\n<p>capacitate 32 L<\/p>\n<p>putere 220 V \/ 450 W<\/p>\n<p>dimensiuni L 530 x S 340 x H 710 mm<\/p>\n<p>&nbsp;<\/p>","protected":false},"excerpt":{"rendered":"<p>Klintensiv <span class=\"s1\">\u00ee<\/span>mpreun\u0103 cu partenerii s\u0103i, introduce pe pia\u021ba din Romania generatoarele de cea\u021b\u0103 uscat\u0103 cu ultrasunete care asigur\u0103 o eficien\u021b\u0103 ridicat\u0103 de decontaminare cu un consum minim de dezinfectan\u021bi pe baz\u0103 de Acid Hipocloros.<\/p>","protected":false},"featured_media":5642,"comment_status":"open","ping_status":"closed","template":"","meta":[],"product_cat":[163,164],"product_tag":[],"class_list":{"0":"post-6204","1":"product","2":"type-product","3":"status-publish","4":"has-post-thumbnail","6":"product_cat-dispozitive-si-echipamente","7":"product_cat-nebulizatoare","9":"first","10":"instock","11":"shipping-taxable","12":"purchasable","13":"product-type-simple"},"_links":{"self":[{"href":"https:\/\/klin.managementpro.ro\/en\/wp-json\/wp\/v2\/product\/6204","targetHints":{"allow":["GET"]}}],"collection":[{"href":"https:\/\/klin.managementpro.ro\/en\/wp-json\/wp\/v2\/product"}],"about":[{"href":"https:\/\/klin.managementpro.ro\/en\/wp-json\/wp\/v2\/types\/product"}],"replies":[{"embeddable":true,"href":"https:\/\/klin.managementpro.ro\/en\/wp-json\/wp\/v2\/comments?post=6204"}],"wp:featuredmedia":[{"embeddable":true,"href":"https:\/\/klin.managementpro.ro\/en\/wp-json\/wp\/v2\/media\/5642"}],"wp:attachment":[{"href":"https:\/\/klin.managementpro.ro\/en\/wp-json\/wp\/v2\/media?parent=6204"}],"wp:term":[{"taxonomy":"product_cat","embeddable":true,"href":"https:\/\/klin.managementpro.ro\/en\/wp-json\/wp\/v2\/product_cat?post=6204"},{"taxonomy":"product_tag","embeddable":true,"href":"https:\/\/klin.managementpro.ro\/en\/wp-json\/wp\/v2\/product_tag?post=6204"}],"curies":[{"name":"wp","href":"https:\/\/api.w.org\/{rel}","templated":true}]}}