{"id":6206,"date":"2024-07-23T16:47:04","date_gmt":"2024-07-23T16:47:04","guid":{"rendered":"https:\/\/klin.managementpro.ro\/?post_type=product&#038;p=6206"},"modified":"2024-07-23T16:47:08","modified_gmt":"2024-07-23T16:47:08","slug":"nebulizator-cu-ultrasunete-25-l-800w","status":"publish","type":"product","link":"https:\/\/klin.managementpro.ro\/en\/product\/nebulizator-cu-ultrasunete-25-l-800w\/","title":{"rendered":"Nebulizator cu ULTRASUNETE 25 L, 800W"},"content":{"rendered":"<div class=\"product-tabs-wrapper\">\n<div class=\"container\">\n<div class=\"row\">\n<div class=\"col-12 poduct-tabs-inner\">\n<div class=\"woocommerce-tabs wc-tabs-wrapper tabs-layout-tabs\">\n<div class=\"wd-tab-wrapper\">\n<div id=\"tab-description\" class=\"woocommerce-Tabs-panel woocommerce-Tabs-panel--description panel entry-content wc-tab\">\n<div class=\"wc-tab-inner\">\n<div class=\"\">\n<p>Aceste echipamente inovative, folosesc o tehnic\u0103 de ultim\u0103 genera\u021bie, oscila\u021bia cu ultrasunete la supra-frecven\u021b\u0103 (frecven\u021ba de oscila\u021bie este de 1,7 MHz, care dep\u0103\u0219e\u0219te intervalul de auz uman \u0219i nu d\u0103uneaz\u0103 oamenilor \u0219i animalelor), prin rezonan\u021ba foilor ceramice piezoelectrice \u0219i a curentului de rezonan\u021b\u0103 de \u00eenalt\u0103 frecven\u021b\u0103, lichidul este transformat\u00a0<span class=\"s1\">\u00ee<\/span>n particule de cea\u021b\u0103 saturat\u0103 de 1-10\u03bc f\u0103r\u0103 \u00eenc\u0103lzire \u0219i reac\u021bie chimic\u0103, care sunt \u00eempr\u0103\u0219tiate din camera de nebulizare<span class=\"Apple-converted-space\">\u00a0\u00a0<\/span>cu un ventilator \u0219i ac\u021bioneaz\u0103 direct pe suprafa\u021ba obiectului prin duz\u0103 pentru a acoperi aerul sau suprafa\u021ba obiectului de dezinfectat \u0219i sterilizat.<\/p>\n<\/div>\n<\/div>\n<\/div>\n<\/div>\n<div class=\"wd-tab-wrapper\">\n<p>CARACTERISTICI<\/p>\n<p>Dimensiuni exterioare rezervor s\/m * L 60cm x S 40cm x H 32,5cm<\/p>\n<p>Dimensiuni exterioare carucior, l\/m * L 85cm x S 48cm x H 90cm<\/p>\n<p>Material rezervor \/ capac Plastic \/ o\u021bel inoxidabil<\/p>\n<p>Material c\u0103rucior Aluminiu<\/p>\n<p>Interval de operare 0\u00a0\u00a0+40 grade Celsius<\/p>\n<p>Clasa de etan\u0219eitate IPX4<\/p>\n<p>dimensiune molecula de apa 1-15 microni<\/p>\n<p>Num\u0103r duze\u00a0\u00a0\u00d8125\/150 1\/2<\/p>\n<p>Num\u0103r de ventilatoare pentru cea\u021b\u0103 \u00d8 125 1\/2<\/p>\n<p>Capacitate util\u0103 rezervor s\/m * 25 litri<\/p>\n<p>Parametri de putere 230v\/50Hz 800W<\/p>\n<\/div>\n<div class=\"wd-tab-wrapper\"><\/div>\n<\/div>\n<\/div>\n<\/div>\n<\/div>\n<\/div>\n<div class=\"container related-and-upsells\">\n<div class=\"related-products\"><\/div>\n<\/div>","protected":false},"excerpt":{"rendered":"<p>Aceste echipamente inovative, folosesc o tehnic\u0103 de ultim\u0103 genera\u021bie, oscila\u021bia cu ultrasunete la supra-frecven\u021b\u0103 (frecven\u021ba de oscila\u021bie este de 1,7 MHz, care dep\u0103\u0219e\u0219te intervalul de auz uman \u0219i nu d\u0103uneaz\u0103 oamenilor \u0219i animalelor), prin rezonan\u021ba foilor ceramice piezoelectrice \u0219i a curentului de rezonan\u021b\u0103 de \u00eenalt\u0103 frecven\u021b\u0103, lichidul este transformat\u00a0\u00een particule de cea\u021b\u0103 saturat\u0103 de 1-10\u03bc [&hellip;]<\/p>","protected":false},"featured_media":5664,"comment_status":"open","ping_status":"closed","template":"","meta":[],"product_cat":[163,164],"product_tag":[],"class_list":{"0":"post-6206","1":"product","2":"type-product","3":"status-publish","4":"has-post-thumbnail","6":"product_cat-dispozitive-si-echipamente","7":"product_cat-nebulizatoare","9":"first","10":"instock","11":"shipping-taxable","12":"purchasable","13":"product-type-simple"},"_links":{"self":[{"href":"https:\/\/klin.managementpro.ro\/en\/wp-json\/wp\/v2\/product\/6206","targetHints":{"allow":["GET"]}}],"collection":[{"href":"https:\/\/klin.managementpro.ro\/en\/wp-json\/wp\/v2\/product"}],"about":[{"href":"https:\/\/klin.managementpro.ro\/en\/wp-json\/wp\/v2\/types\/product"}],"replies":[{"embeddable":true,"href":"https:\/\/klin.managementpro.ro\/en\/wp-json\/wp\/v2\/comments?post=6206"}],"wp:featuredmedia":[{"embeddable":true,"href":"https:\/\/klin.managementpro.ro\/en\/wp-json\/wp\/v2\/media\/5664"}],"wp:attachment":[{"href":"https:\/\/klin.managementpro.ro\/en\/wp-json\/wp\/v2\/media?parent=6206"}],"wp:term":[{"taxonomy":"product_cat","embeddable":true,"href":"https:\/\/klin.managementpro.ro\/en\/wp-json\/wp\/v2\/product_cat?post=6206"},{"taxonomy":"product_tag","embeddable":true,"href":"https:\/\/klin.managementpro.ro\/en\/wp-json\/wp\/v2\/product_tag?post=6206"}],"curies":[{"name":"wp","href":"https:\/\/api.w.org\/{rel}","templated":true}]}}