{"id":6207,"date":"2024-07-23T16:47:04","date_gmt":"2024-07-23T16:47:04","guid":{"rendered":"https:\/\/klin.managementpro.ro\/?post_type=product&#038;p=6207"},"modified":"2024-07-23T16:47:08","modified_gmt":"2024-07-23T16:47:08","slug":"nebulizator-cu-ultrasunete-40-l-2300w","status":"publish","type":"product","link":"https:\/\/klin.managementpro.ro\/en\/product\/nebulizator-cu-ultrasunete-40-l-2300w\/","title":{"rendered":"Nebulizator cu ULTRASUNETE 40 L, 2300W"},"content":{"rendered":"<p>Aceste echipamente inovative, folosesc o tehnic\u0103 de ultim\u0103 genera\u021bie, oscila\u021bia cu ultrasunete la supra-frecven\u021b\u0103 (frecven\u021ba de oscila\u021bie este de 1,7 MHz, care dep\u0103\u0219e\u0219te intervalul de auz uman \u0219i nu d\u0103uneaz\u0103 oamenilor \u0219i animalelor), prin rezonan\u021ba foilor ceramice piezoelectrice \u0219i a curentului de rezonan\u021b\u0103 de \u00eenalt\u0103 frecven\u021b\u0103, lichidul este transformat\u00a0<span class=\"s1\">\u00ee<\/span>n particule de cea\u021b\u0103 saturat\u0103 de 1-10\u03bc f\u0103r\u0103 \u00eenc\u0103lzire \u0219i reac\u021bie chimic\u0103, care sunt \u00eempr\u0103\u0219tiate din camera de nebulizare<span class=\"Apple-converted-space\">\u00a0\u00a0<\/span>cu un ventilator \u0219i ac\u021bioneaz\u0103 direct pe suprafa\u021ba obiectului prin duz\u0103 pentru a acoperi aerul sau suprafa\u021ba obiectului de dezinfectat \u0219i sterilizat.<\/p>\n<p>CARACTERISTICI<br \/>\nDimensiune: L720*W550*H700mm<\/p>\n<p>Volum cea\u021b\u0103: 40 l\/or\u0103<\/p>\n<p>Spa\u021biu aplicabil: 1200 m\u00b3<\/p>\n<p>Putere nominala: 2300W<\/p>\n<p>Tensiune \u0219i frecven\u021b\u0103: 220V, 50~60Hz<\/p>\n<p>Ie\u0219ire pentru cea\u021b\u0103: 4 ie\u0219iri, OD110mm pentru fiecare.<\/p>\n<p>Volumul rezervorului interior de ap\u0103: 40L<\/p>\n<p>Material carcasa: PE<\/p>\n<p>Greutate neta: 55 kg<\/p>","protected":false},"excerpt":{"rendered":"<p>Aceste echipamente inovative, folosesc o tehnic\u0103 de ultim\u0103 genera\u021bie, oscila\u021bia cu ultrasunete la supra-frecven\u021b\u0103 (frecven\u021ba de oscila\u021bie este de 1,7 MHz, care dep\u0103\u0219e\u0219te intervalul de auz uman \u0219i nu d\u0103uneaz\u0103 oamenilor \u0219i animalelor), prin rezonan\u021ba foilor ceramice piezoelectrice \u0219i a curentului de rezonan\u021b\u0103 de \u00eenalt\u0103 frecven\u021b\u0103, lichidul este transformat\u00a0\u00een particule de cea\u021b\u0103 saturat\u0103 de 1-10\u03bc [&hellip;]<\/p>","protected":false},"featured_media":5665,"comment_status":"open","ping_status":"closed","template":"","meta":[],"product_cat":[163,164],"product_tag":[],"class_list":{"0":"post-6207","1":"product","2":"type-product","3":"status-publish","4":"has-post-thumbnail","6":"product_cat-dispozitive-si-echipamente","7":"product_cat-nebulizatoare","9":"first","10":"instock","11":"shipping-taxable","12":"purchasable","13":"product-type-simple"},"_links":{"self":[{"href":"https:\/\/klin.managementpro.ro\/en\/wp-json\/wp\/v2\/product\/6207","targetHints":{"allow":["GET"]}}],"collection":[{"href":"https:\/\/klin.managementpro.ro\/en\/wp-json\/wp\/v2\/product"}],"about":[{"href":"https:\/\/klin.managementpro.ro\/en\/wp-json\/wp\/v2\/types\/product"}],"replies":[{"embeddable":true,"href":"https:\/\/klin.managementpro.ro\/en\/wp-json\/wp\/v2\/comments?post=6207"}],"wp:featuredmedia":[{"embeddable":true,"href":"https:\/\/klin.managementpro.ro\/en\/wp-json\/wp\/v2\/media\/5665"}],"wp:attachment":[{"href":"https:\/\/klin.managementpro.ro\/en\/wp-json\/wp\/v2\/media?parent=6207"}],"wp:term":[{"taxonomy":"product_cat","embeddable":true,"href":"https:\/\/klin.managementpro.ro\/en\/wp-json\/wp\/v2\/product_cat?post=6207"},{"taxonomy":"product_tag","embeddable":true,"href":"https:\/\/klin.managementpro.ro\/en\/wp-json\/wp\/v2\/product_tag?post=6207"}],"curies":[{"name":"wp","href":"https:\/\/api.w.org\/{rel}","templated":true}]}}