{"id":6209,"date":"2024-07-23T16:47:04","date_gmt":"2024-07-23T16:47:04","guid":{"rendered":"https:\/\/klin.managementpro.ro\/?post_type=product&#038;p=6209"},"modified":"2024-07-23T16:47:08","modified_gmt":"2024-07-23T16:47:08","slug":"nebulizator-cu-ultrasunete-18-l-260w","status":"publish","type":"product","link":"https:\/\/klin.managementpro.ro\/en\/product\/nebulizator-cu-ultrasunete-18-l-260w\/","title":{"rendered":"Nebulizator cu ULTRASUNETE 18 L, 260W"},"content":{"rendered":"<p>Aceste echipamente inovative, folosesc o tehnic\u0103 de ultim\u0103 genera\u021bie, oscila\u021bia cu ultrasunete la supra-frecven\u021b\u0103 (frecven\u021ba de oscila\u021bie este de 1,7 MHz, care dep\u0103\u0219e\u0219te intervalul de auz uman \u0219i nu d\u0103uneaz\u0103 oamenilor \u0219i animalelor), prin rezonan\u021ba foilor ceramice piezoelectrice \u0219i a curentului de rezonan\u021b\u0103 de \u00eenalt\u0103 frecven\u021b\u0103, lichidul este transformat\u00a0\u00een particule de cea\u021b\u0103 saturat\u0103 de 1-10\u03bc f\u0103r\u0103 \u00eenc\u0103lzire \u0219i reac\u021bie chimic\u0103, care sunt \u00eempr\u0103\u0219tiate din camera de nebulizare\u00a0\u00a0cu un ventilator \u0219i ac\u021bioneaz\u0103 direct pe suprafa\u021ba obiectului prin duz\u0103 pentru a acoperi aerul sau suprafa\u021ba obiectului de dezinfectat \u0219i sterilizat.<\/p>\n<p>CARACTERISTICI<br \/>\nsistem \u201eprotec\u021bie la lucru uscat\u201d;<\/p>\n<p>control al capacit\u0103\u021bii;<\/p>\n<p>op\u021biune suplimentar\u0103 \u2013 controler wi-fi<\/p>\n<p>permi\u021b\u00e2nd controlul unit\u0103\u021bii de la distan\u021b\u0103<\/p>\n<p>conducte de distribu\u021bie a ce\u021bii din PVC;<\/p>\n<p>Alimentare electric\u0103: 220 V<\/p>\n<p>Putere electrica nominala: 260W<\/p>\n<p>Capacitate maxima: 6000 ML\/H<\/p>\n<p>Capacitatea rezervorului de acumulare: 18 L<\/p>\n<p>Dimensiuni: 500 x 500 x 1060 mm<\/p>\n<p>&nbsp;<\/p>","protected":false},"excerpt":{"rendered":"<p>Klintensiv \u00eempreun\u0103 cu partenerii s\u0103i, introduce pe pia\u021ba din Romania generatoarele de cea\u021b\u0103 uscat\u0103 cu ultrasunete care asigur\u0103 o eficien\u021b\u0103 ridicat\u0103 de decontaminare cu un consum minim de dezinfectan\u021bi pe baz\u0103 de Acid Hipocloros.<\/p>","protected":false},"featured_media":5667,"comment_status":"open","ping_status":"closed","template":"","meta":[],"product_cat":[163,164],"product_tag":[],"class_list":{"0":"post-6209","1":"product","2":"type-product","3":"status-publish","4":"has-post-thumbnail","6":"product_cat-dispozitive-si-echipamente","7":"product_cat-nebulizatoare","9":"first","10":"instock","11":"shipping-taxable","12":"purchasable","13":"product-type-simple"},"_links":{"self":[{"href":"https:\/\/klin.managementpro.ro\/en\/wp-json\/wp\/v2\/product\/6209","targetHints":{"allow":["GET"]}}],"collection":[{"href":"https:\/\/klin.managementpro.ro\/en\/wp-json\/wp\/v2\/product"}],"about":[{"href":"https:\/\/klin.managementpro.ro\/en\/wp-json\/wp\/v2\/types\/product"}],"replies":[{"embeddable":true,"href":"https:\/\/klin.managementpro.ro\/en\/wp-json\/wp\/v2\/comments?post=6209"}],"wp:featuredmedia":[{"embeddable":true,"href":"https:\/\/klin.managementpro.ro\/en\/wp-json\/wp\/v2\/media\/5667"}],"wp:attachment":[{"href":"https:\/\/klin.managementpro.ro\/en\/wp-json\/wp\/v2\/media?parent=6209"}],"wp:term":[{"taxonomy":"product_cat","embeddable":true,"href":"https:\/\/klin.managementpro.ro\/en\/wp-json\/wp\/v2\/product_cat?post=6209"},{"taxonomy":"product_tag","embeddable":true,"href":"https:\/\/klin.managementpro.ro\/en\/wp-json\/wp\/v2\/product_tag?post=6209"}],"curies":[{"name":"wp","href":"https:\/\/api.w.org\/{rel}","templated":true}]}}