{"id":6213,"date":"2024-07-23T16:47:05","date_gmt":"2024-07-23T16:47:05","guid":{"rendered":"https:\/\/klin.managementpro.ro\/?post_type=product&#038;p=6213"},"modified":"2024-07-23T16:47:09","modified_gmt":"2024-07-23T16:47:09","slug":"klintensiv-dezinfectant-pentru-ugere-mameloane-1l-non-toxic","status":"publish","type":"product","link":"https:\/\/klin.managementpro.ro\/en\/product\/klintensiv-dezinfectant-pentru-ugere-mameloane-1l-non-toxic\/","title":{"rendered":"Klintensiv &#8211; Dezinfectant pentru Ugere &#038; Mameloane 1L Non-Toxic"},"content":{"rendered":"<p>Dezinfec\u021bia mameloanelor \u00eenainte \u0219i dup\u0103 muls<\/p>\n<p>Dezinfectant pentru Ugere &amp; Mameloane 1L Non-Toxic, este destinat pentru dezinfectarea \u0219i \u00eengrijirea mameloanelor \u00eenainte \u0219i dup\u0103 muls. Pe l\u00e2ng\u0103 efectul dezinfectant (bactericid \u0219i levuricid) produsul \u00eempiedic\u0103 infect\u0103rile, catifeleaz\u0103 pielea av\u00e2nd \u0219i un efect cicatrizant. Nu este iritant\u0103.<\/p>\n<p>COMPOZI\u0162IA CHIMIC\u0102:\u00a0Substan\u021ba activ\u0103: 0,04-0,044 % clor activ eliberat din acidul hipocloros \u2013 CAS 7790-92-3; CE 232-232-5 *) acidul hipocloros este produs prin electroliza unei solu\u021bii apoase diluate de clorur\u0103 de sodiu<\/p>\n<p>Alte ingrediente: ap\u0103 \u0219i clorur\u0103 de sodiu (0,015-0,022%)<\/p>\n<p>Tip de produs 3\u00a0\u2013 Igien\u0103 veterinar\u0103<\/p>\n<p>Categorii de utilizatori: industriali, profesionali, popula\u021bie Produs biocid, gata de utilizare, cu propriet\u0103\u021bi bactericide, levuricide destinat pentru: dezinfec\u021bia ugerului \u0219i a mameloanelor la animale \u00eenainte \u0219i dup\u0103 muls;<\/p>","protected":false},"excerpt":{"rendered":"<p>Dezinfectant pentru Ugere &amp; Mameloane 1L Non-Toxic, este destinat pentru dezinfectarea \u0219i \u00eengrijirea mameloanelor \u00eenainte \u0219i dup\u0103 muls. Pe l\u00e2ng\u0103 efectul dezinfectant (bactericid \u0219i levuricid) produsul \u00eempiedic\u0103 infect\u0103rile, catifeleaz\u0103 pielea av\u00e2nd \u0219i un efect cicatrizant. Nu irita pielea animalelor.<\/p>","protected":false},"featured_media":5672,"comment_status":"open","ping_status":"closed","template":"","meta":[],"product_cat":[51],"product_tag":[],"class_list":{"0":"post-6213","1":"product","2":"type-product","3":"status-publish","4":"has-post-thumbnail","6":"product_cat-veterinar","8":"first","9":"outofstock","10":"shipping-taxable","11":"purchasable","12":"product-type-simple"},"_links":{"self":[{"href":"https:\/\/klin.managementpro.ro\/en\/wp-json\/wp\/v2\/product\/6213","targetHints":{"allow":["GET"]}}],"collection":[{"href":"https:\/\/klin.managementpro.ro\/en\/wp-json\/wp\/v2\/product"}],"about":[{"href":"https:\/\/klin.managementpro.ro\/en\/wp-json\/wp\/v2\/types\/product"}],"replies":[{"embeddable":true,"href":"https:\/\/klin.managementpro.ro\/en\/wp-json\/wp\/v2\/comments?post=6213"}],"wp:featuredmedia":[{"embeddable":true,"href":"https:\/\/klin.managementpro.ro\/en\/wp-json\/wp\/v2\/media\/5672"}],"wp:attachment":[{"href":"https:\/\/klin.managementpro.ro\/en\/wp-json\/wp\/v2\/media?parent=6213"}],"wp:term":[{"taxonomy":"product_cat","embeddable":true,"href":"https:\/\/klin.managementpro.ro\/en\/wp-json\/wp\/v2\/product_cat?post=6213"},{"taxonomy":"product_tag","embeddable":true,"href":"https:\/\/klin.managementpro.ro\/en\/wp-json\/wp\/v2\/product_tag?post=6213"}],"curies":[{"name":"wp","href":"https:\/\/api.w.org\/{rel}","templated":true}]}}