{"id":6221,"date":"2024-07-23T16:47:05","date_gmt":"2024-07-23T16:47:05","guid":{"rendered":"https:\/\/klin.managementpro.ro\/?post_type=product&#038;p=6221"},"modified":"2024-07-23T16:47:11","modified_gmt":"2024-07-23T16:47:11","slug":"klintensiv-servetele-umede-dezinfectante-pentru-suprafete-tub-120-buc","status":"publish","type":"product","link":"https:\/\/klin.managementpro.ro\/en\/product\/klintensiv-servetele-umede-dezinfectante-pentru-suprafete-tub-120-buc\/","title":{"rendered":"KLINTENSIV\u00ae - Surface disinfecting wet wipes, TUB 120 pcs."},"content":{"rendered":"<ul>\n<li>Dezinfectare de nivel \u00eenalt in maxim 60 de minute<\/li>\n<li>Compatible with multiple surfaces<\/li>\n<li>Cur\u0103\u021b\u0103 \u0219i degreseaz\u0103<\/li>\n<\/ul>\n<p>\u0218ERVE\u021aELE UMEDE DEZINFECTANTE sunt \u00eembibate cu o solu\u021bie pe baz\u0103 de saruri cuaternare de amoniu, ce prezint\u0103 o capacitate bun\u0103 de cur\u0103\u021bare \u0219i o dezinfectare de nivel \u00eenalt. Se pot aplica pe diferite suprafe\u021be dure, dar \u0219i pe instrumentar \u0219i dispozitive medicale.<\/p>\n<p><strong>Aviz emis de Comisia Na\u021bional\u0103 pentru Produse Biocide, nr. 2394BIO\/02\/12.24<\/strong><\/p>\n<p><strong>Product properties<\/strong><\/p>\n<ul>\n<li>Produsul se utilizeaz\u0103 ca atare, nu se dilueaz\u0103 \u0219i nu necesit\u0103 clatire.<\/li>\n<li>Se poate utiliza pe suprafe\u021be curate \/ murdare si prezint\u0103 ac\u021biune rapid\u0103.<\/li>\n<li>Capacitate bun\u0103 de cur\u0103\u021bare \u0219i degresare, spumare redus\u0103<\/li>\n<li>Produsul nu e coroziv<\/li>\n<li>Ambalaj impermeabil \u0219i rezistent<\/li>\n<\/ul>\n<p><strong>How to use<\/strong>: Dezinfec\u021bia suprafe\u021belor, prin \u0219tergere cu \u0219erve\u021bele \u00eembibate cu solu\u021bie dezinfectant\u0103: se folose\u0219te o cantitate suficient\u0103 de produs pentru acoperirea total\u0103 a acestora \u00eentre 5 \u0219i 60 de minute, \u00een func\u021bie de eficacitatea dorit\u0103. Dezinfec\u021bia instrumentarului sau a dispozitivelor medicale: acestea se cur\u0103\u021b\u0103, se usuc\u0103 iar apoi se \u0219terg pe toate suprafe\u021bele, cu un timp de contact de maxim 60 de minute. Dup\u0103 dezinfectare, instrumentarul este cl\u0103tit cu ap\u0103 steril\u0103.<\/p>\n<p><strong>Packaging<\/strong>: 70 buc TUB, 120 buc TUB, 80 buc pachet<\/p>\n<p><strong>Compozi\u021bia chimic\u0103 &#8211; Ingrediente active produs 100 g produs<\/strong>: 0,34% (m\/m) Clorur\u0103 de didecildimetilamoniu (nr. CE: 230 -525 -2, nr, CAS: 7173-51-5);<br \/>\n0,09% (m\/m) Compusi de amoniu cuaternar benzyl -C12-C18- alchildimetil cloruri ( nr. CE: 269-919-4, nr. CAS: 68391-01-05).<\/p>\n<p><strong>Other ingredients<\/strong>: &lt;5% surfactan\u021bi nonionici, agent de chelatizare, corectori de pH, parfum, ap\u0103.<\/p>\n<p><strong>Classification of the biocidal product<\/strong>: Grupa principala:1. Tip produs:2<\/p>\n<p><strong>User categories:<\/strong> Profesionali, industriali, popula\u021bie.<\/p>\n<p>\u0218ERVE\u021aELE UMEDE DEZINFECTANTE sunt ideale utiliz\u0103rii \u00een spitale, clinici medicale, policlinici, cabinete medicale, unit\u0103\u021bi de primiri urgen\u021be, centre de triaj. Pot fi aplicate \u0219i pe suprafe\u021be din zona de pregatire \u0219i servire a alimentelor, dar nu \u00een contact cu acestea.<\/p>\n<p>&nbsp;<\/p>\n<p>&nbsp;<\/p>\n<p>Producer:\u00a0<strong>S.C. KLINTENSIV S.R.L.<\/strong><\/p>\n<p>Sos. Alexandriei nr 544, Bragadiru, jud. Ilfov<br \/>\nPhone: 021 448 14 99<br \/>\nwww.klintensiv.ro | office@klintensiv.ro<\/p>\n<p>&nbsp;<\/p>","protected":false},"excerpt":{"rendered":"<p>\u0218ERVE\u021aELE UMEDE DEZINFECTANTE sunt \u00eembibate cu o solu\u021bie pe baz\u0103 de saruri cuaternare de amoniu, ce prezint\u0103 o capacitate bun\u0103 de cur\u0103\u021bare \u0219i o dezinfectare de nivel \u00eenalt. Se pot aplica pe diferite suprafe\u021be dure, dar \u0219i pe instrumentar \u0219i dispozitive medicale.<\/p>","protected":false},"featured_media":5681,"comment_status":"open","ping_status":"closed","template":"","meta":[],"product_cat":[52,161,53],"product_tag":[],"class_list":{"0":"post-6221","1":"product","2":"type-product","3":"status-publish","4":"has-post-thumbnail","6":"product_cat-dezinfectanti-medicali","7":"product_cat-instrumentar-echipamente-dental","8":"product_cat-suprafete","10":"first","11":"outofstock","12":"purchasable","13":"product-type-simple"},"_links":{"self":[{"href":"https:\/\/klin.managementpro.ro\/en\/wp-json\/wp\/v2\/product\/6221","targetHints":{"allow":["GET"]}}],"collection":[{"href":"https:\/\/klin.managementpro.ro\/en\/wp-json\/wp\/v2\/product"}],"about":[{"href":"https:\/\/klin.managementpro.ro\/en\/wp-json\/wp\/v2\/types\/product"}],"replies":[{"embeddable":true,"href":"https:\/\/klin.managementpro.ro\/en\/wp-json\/wp\/v2\/comments?post=6221"}],"wp:featuredmedia":[{"embeddable":true,"href":"https:\/\/klin.managementpro.ro\/en\/wp-json\/wp\/v2\/media\/5681"}],"wp:attachment":[{"href":"https:\/\/klin.managementpro.ro\/en\/wp-json\/wp\/v2\/media?parent=6221"}],"wp:term":[{"taxonomy":"product_cat","embeddable":true,"href":"https:\/\/klin.managementpro.ro\/en\/wp-json\/wp\/v2\/product_cat?post=6221"},{"taxonomy":"product_tag","embeddable":true,"href":"https:\/\/klin.managementpro.ro\/en\/wp-json\/wp\/v2\/product_tag?post=6221"}],"curies":[{"name":"wp","href":"https:\/\/api.w.org\/{rel}","templated":true}]}}