{"id":6223,"date":"2024-07-23T16:47:06","date_gmt":"2024-07-23T16:47:06","guid":{"rendered":"https:\/\/klin.managementpro.ro\/?post_type=product&#038;p=6223"},"modified":"2024-07-23T16:47:11","modified_gmt":"2024-07-23T16:47:11","slug":"klinopro-dezinfectant-pentru-suprafete-si-ustensile-1-litru","status":"publish","type":"product","link":"https:\/\/klin.managementpro.ro\/en\/product\/klinopro-dezinfectant-pentru-suprafete-si-ustensile-1-litru\/","title":{"rendered":"KLINOPRO - disinfectant for surfaces and utensils, 1 liter"},"content":{"rendered":"<p><strong>KLINOPRO<\/strong> este un lichid gata de utilizare, ce cur\u0103\u021ba \u0219i dezinfecteaz\u0103 diverse suprafe\u021be dure, neporoase, inclusiv pe cele care iau contact cu alimentele. Con\u021bine agen\u021bi tensioactivi cu capacitate bun\u0103 de cur\u0103\u021bare \u0219i spumare redus\u0103. Nu con\u021bine coloran\u021bi, nu pateaz\u0103 \u0219i nu decoloreaz\u0103.<\/p>\n<p><strong>Classification of the biocidal product: <\/strong>Grupa principal\u0103: 1.Tipul de produs: 4.<\/p>\n<p><strong>Scope of use<\/strong>: Dezinfectant lichid utilizat \u00een industria alimentar\u0103 \u0219i de preparare a furajelor.<\/p>\n<p><strong>Scope<\/strong>: Dezinfectarea echipamentelor, recipientelor, ustensilelor de consum, suprafe\u021belor folosite pentru produc\u021bia, transportul, depozitarea sau consumul produselor alimentare sau a hranei pentru animale (inclusiv ap\u0103 potabil\u0103) destinate oamenilor sau animalelor.<\/p>\n<p><strong>Categorie de utilizator<\/strong>i: profesionali, industriali, populatie.<\/p>\n<p><strong>How to use<\/strong>: Produsul se utilizeaz\u0103 ca atare, nu se dilueaz\u0103 \u0219i nu necesit\u0103 cl\u0103tire. Se poate utiliza pe suprafe\u021be curate\/murdare \u0219i prezint\u0103 ac\u021biune rapid\u0103.<br \/>\nPentru dezinfec\u021bia suprafe\u021belor se folose\u0219te o cantitate suficient\u0103 pentru acoperirea total\u0103 a acestora (6-12 ml acopera 1m<sup>2<\/sup>), prin aplicarea direct pe suprafe\u021be, folosind un pulverizator manual sau o lavet\u0103 curat\u0103 din material sintetic (preferabil poliester\/polietilena). Recipientele \u0219i ustensilele se pot dezinfecta \u0219i prin imersie. Se las\u0103 s\u0103 ac\u021bioneze \u00eentre 5 minute \u0219i 60 de minute, \u00een func\u021bie de spectrul de activitate dorit. Produsul este destinat utilizarii \u00een zonele specifice pentru pregatirea\/procesarea sau servirea alimentelor. Se aplic\u0103 direct pe suprafe\u021be curate\/murdare ale \u00eenc\u0103perilor de lucru (pardoseli, pere\u021bi, u\u0219i, geamuri, inclusiv cele din ma\u0219inile de transport alimente), mobilier (scaune, mese, blaturi de lucru, rafturi), ustensile (vase de amestecare, vase de transport, conducte, spatule, cle\u0219ti, cu\u021bite, tocatoare, \u0219.a.), echipamente (ma\u0219ini de sortat, tocatoare, amestecatoare\/mixer, vase de \u00eenc\u0103lzit, plite, r\u0103citoare, congelatoare, liofilizatoare, centrifuge, \u0219.a.). Mai poate fi utilizat<br \/>\n\u0219i pentru dezinfectarea suprafe\u021belor din zonele tip c\u0103mara\/ depozite de alimente \u00een scopul cre\u0219terii calit\u0103\u021bii condi\u021biilor de depozitare \u0219i prevenirii alter\u0103rii alimentelor (\u00een special a celor perisabile). Pentru suprafe\u021bele ce sunt \u00een contact direct cu alimentele se recomand\u0103 cl\u0103tirea cu ap\u0103 potabil\u0103 dup\u0103 timpul de ac\u021biune al produsului (sub jet sau \u0219tergere cu lavete curate de unic\u0103 folosin\u021b\u0103). Poate fi aplicat direct pe suprafe\u021be din: plastic, metale (acoperite prin vopsire\/ galvanizare, cupru, aluminiu, 314L,<br \/>\n316L, alimentar\/industrial), cauciuc, teflon, silicon, lemn, ceramic\u0103, sticl\u0103, pavimente (beton, gresie, lemn, marmur\u0103, ra\u0219in\u0103, linoleum, covoare\/mochete).<\/p>\n<p><strong>Indicatie de utilizare<\/strong>:<\/p>\n<table style=\"height: 519px;\" width=\"817\">\n<tbody>\n<tr>\n<td width=\"156\"><strong>Application method<\/strong><\/td>\n<td colspan=\"2\" width=\"312\"><strong>Concentra\u021bia solu\u021biei de lucru\/ Doza de aplicare<\/strong><\/td>\n<td width=\"156\"><strong>Action time<\/strong><\/td>\n<\/tr>\n<tr>\n<td rowspan=\"3\" width=\"156\">Spraying, wiping<\/p>\n<p>\u00een condi\u021bii de<\/p>\n<p>murd\u0103rie, imersie<\/td>\n<td width=\"156\">Bactericid, levuricid \u0219i virucid limitat Adenovirus TIP 5 \u0219i Murin Norovirus S 99 BERLIN conform<\/p>\n<p>UNE-EN-14476:2014+A2:2019<\/td>\n<td width=\"156\">Ca atare, la o<\/p>\n<p>temperatura de 20\u00b0C<\/td>\n<td width=\"156\">5 minutes<\/td>\n<\/tr>\n<tr>\n<td width=\"156\">Fungicid<\/td>\n<td width=\"156\">Ca atare, la o<\/p>\n<p>temperatura de 20\u00b0C<\/td>\n<td width=\"156\">30 minutes<\/td>\n<\/tr>\n<tr>\n<td width=\"156\">Sporicid<\/td>\n<td width=\"156\">Ca atare, la o<\/p>\n<p>temperatura de 20\u00b0C<\/td>\n<td width=\"156\">60 minutes<\/td>\n<\/tr>\n<\/tbody>\n<\/table>\n<p>The product has\u00a0<strong>AVIZ BIOCID Nr. 5096BIO\/02\/12.24 <\/strong>issued by the Ministry of Health - National Commission for Biocidal Products.<\/p>\n<p>Producator S.C. KLINTENSIV SRL<\/p>\n<p>&nbsp;<\/p>","protected":false},"excerpt":{"rendered":"<p><strong>KLINOPRO<\/strong> este un dezinfectant, igienizant \u0219i dezodorizant de nivel \u00eenalt gata de utilizare, eficient pentru suprafe\u021be \u00een general c\u00e2t \u0219i pentru suprafe\u021bele \u0219i echipamentele ce iau contact cu alimente, av\u00e2nd performan\u021be, fungicide, bactericide, levuricide, sporicide \u0219i virucide.<\/p>","protected":false},"featured_media":5683,"comment_status":"open","ping_status":"closed","template":"","meta":[],"product_cat":[178],"product_tag":[],"class_list":{"0":"post-6223","1":"product","2":"type-product","3":"status-publish","4":"has-post-thumbnail","6":"product_cat-horeca-industrial","8":"first","9":"instock","10":"shipping-taxable","11":"purchasable","12":"product-type-simple"},"_links":{"self":[{"href":"https:\/\/klin.managementpro.ro\/en\/wp-json\/wp\/v2\/product\/6223","targetHints":{"allow":["GET"]}}],"collection":[{"href":"https:\/\/klin.managementpro.ro\/en\/wp-json\/wp\/v2\/product"}],"about":[{"href":"https:\/\/klin.managementpro.ro\/en\/wp-json\/wp\/v2\/types\/product"}],"replies":[{"embeddable":true,"href":"https:\/\/klin.managementpro.ro\/en\/wp-json\/wp\/v2\/comments?post=6223"}],"wp:featuredmedia":[{"embeddable":true,"href":"https:\/\/klin.managementpro.ro\/en\/wp-json\/wp\/v2\/media\/5683"}],"wp:attachment":[{"href":"https:\/\/klin.managementpro.ro\/en\/wp-json\/wp\/v2\/media?parent=6223"}],"wp:term":[{"taxonomy":"product_cat","embeddable":true,"href":"https:\/\/klin.managementpro.ro\/en\/wp-json\/wp\/v2\/product_cat?post=6223"},{"taxonomy":"product_tag","embeddable":true,"href":"https:\/\/klin.managementpro.ro\/en\/wp-json\/wp\/v2\/product_tag?post=6223"}],"curies":[{"name":"wp","href":"https:\/\/api.w.org\/{rel}","templated":true}]}}