{"id":6227,"date":"2024-07-23T16:47:12","date_gmt":"2024-07-23T16:47:12","guid":{"rendered":"https:\/\/klin.managementpro.ro\/?post_type=product&#038;p=6227"},"modified":"2024-07-23T16:47:15","modified_gmt":"2024-07-23T16:47:15","slug":"detergent-profesional-de-vase-pentru-masini-automate-1-litru","status":"publish","type":"product","link":"https:\/\/klin.managementpro.ro\/en\/product\/detergent-profesional-de-vase-pentru-masini-automate-1-litru\/","title":{"rendered":"Detergent PROFESIONAL de vase, pentru masini automate, 1 litru"},"content":{"rendered":"<p>Detergent lichid puternic alcalin care are functia de a \u00eendeparta si curata resturile alimentare de pe portelan si sticla, grasimea \u00eentarita precum si petele de alimente uscate foarte greu de \u00eendepartat: ou, amidon, urme de cafea, ceai, etc. Detergent lichid bazic cu spumare redusa utilizabil pentru curatarea vaselor \u00een masinile de spalat vase. \u00cenmoaie efectiv suprafata vaselor si \u00eendeparteaza usor reziduurile de m\u00e2ncare. Dizolva grasimea, curata rapid fara a lasa urme si nu este necesara lustruirea dupa utilizare. Elimina mirosurile si previne formarea petelor si a depunerilor de calcar pe vase si masina de spalat.<\/p>\n<p>Compozitie: \u00cen acord cu recomandarile 648\/2004 EEC: apa, hidroxid de sodiu &lt;20%, hidroxid de potasiu &lt;15%, fosfonati&lt;5%, inhibitor de coroziune, antispumant.<\/p>\n<p>Instructiuni de utilizare: Se va aplica utiliz\u00e2nd sisteme de dozare automata sau pompa de dozare a masinii, daca exista.<br \/>\nProdusul se poate aplica si manual \u00een rezervorul pentru detergent, din masinile de spalat vase cu dimensiuni mai mici. Dozaj recomandat 0.5 &#8211; 4 ml \/ 1 l apa sau ajustati dozarea \u00een functie de numarul vaselor si gradul lor de murdarie.<br \/>\nInstructiuni de securitate: Conform fisei cu date de securitate a produsului.<\/p>","protected":false},"excerpt":{"rendered":"<p>Detergent lichid puternic alcalin care are functia de a \u00eendeparta si curata resturile alimentare de pe portelan si sticla, grasimea \u00eentarita precum si petele de alimente uscate foarte greu de \u00eendepartat: ou, amidon, urme de cafea, ceai, etc.<\/p>","protected":false},"featured_media":5708,"comment_status":"open","ping_status":"closed","template":"","meta":[],"product_cat":[210,177,209],"product_tag":[],"class_list":{"0":"post-6227","1":"product","2":"type-product","3":"status-publish","4":"has-post-thumbnail","6":"product_cat-bucatarie-horeca","7":"product_cat-curatenie-profesionala","8":"product_cat-horeca","10":"first","11":"outofstock","12":"shipping-taxable","13":"purchasable","14":"product-type-simple"},"_links":{"self":[{"href":"https:\/\/klin.managementpro.ro\/en\/wp-json\/wp\/v2\/product\/6227","targetHints":{"allow":["GET"]}}],"collection":[{"href":"https:\/\/klin.managementpro.ro\/en\/wp-json\/wp\/v2\/product"}],"about":[{"href":"https:\/\/klin.managementpro.ro\/en\/wp-json\/wp\/v2\/types\/product"}],"replies":[{"embeddable":true,"href":"https:\/\/klin.managementpro.ro\/en\/wp-json\/wp\/v2\/comments?post=6227"}],"wp:featuredmedia":[{"embeddable":true,"href":"https:\/\/klin.managementpro.ro\/en\/wp-json\/wp\/v2\/media\/5708"}],"wp:attachment":[{"href":"https:\/\/klin.managementpro.ro\/en\/wp-json\/wp\/v2\/media?parent=6227"}],"wp:term":[{"taxonomy":"product_cat","embeddable":true,"href":"https:\/\/klin.managementpro.ro\/en\/wp-json\/wp\/v2\/product_cat?post=6227"},{"taxonomy":"product_tag","embeddable":true,"href":"https:\/\/klin.managementpro.ro\/en\/wp-json\/wp\/v2\/product_tag?post=6227"}],"curies":[{"name":"wp","href":"https:\/\/api.w.org\/{rel}","templated":true}]}}