{"id":6228,"date":"2024-07-23T16:47:12","date_gmt":"2024-07-23T16:47:12","guid":{"rendered":"https:\/\/klin.managementpro.ro\/?post_type=product&#038;p=6228"},"modified":"2024-07-23T16:47:15","modified_gmt":"2024-07-23T16:47:15","slug":"crema-profesionala-de-curatare-500-ml","status":"publish","type":"product","link":"https:\/\/klin.managementpro.ro\/en\/product\/crema-profesionala-de-curatare-500-ml\/","title":{"rendered":"PROFESSIONAL Cleansing Cream, 500 ml"},"content":{"rendered":"<p>Crema profesionala folosita la cur\u021benia intensiva de \u00eentre\u021binere at\u00e2t a suprafe\u021belor din inox, c\u00e2t si a altor metale feroase si neferoase rezistente la acid. Acest produs ac\u021bioneaza foarte rapid asupra depunerilor de grasimi sau oricarei tip de mizerie. Datorita formulei sale de activare, acest produs creeaza o spuma densa \u00een timpul utilizarii astfel devenind un produs economic. \u00cenl\u0103tura depunerile grele de uleiuri si grasimi u\u0219oare depuse pe material. Nu zg\u00e2rie suprafetele. Pentru utilizare \u00een zonele de manipulare a alimentelor, plite din o\u021bel inoxidabil, sticla ceramic\u0103, pl\u0103ci ceramice \u0219i suprafe\u021be de por\u021belan. Este recomandat\u0103 utilizarea acestui produs \u00een cura\u021barea zilnica a: suprafe\u021belor emailate, ceramica, inox, depuneri de calcar de pe baterii etc.<br \/>\nCompozi\u021bie: \u00cen acord cu recomandarile 648\/2004 EEC: apa, carbonat de calciu &lt;25%, surfactan\u021bi anionici &lt;5%, solvent &lt;5%, acid citric &lt; 5% conservant, parfum(Limonen). EUH208: Con\u021bine masa de reac\u021bie compusa din : 5-cloro-2-metil-2H-izotiazol-3-ona \u0219i 2-metil -2H-izotiazol-3-ona (3:1).<br \/>\nPoate provoca o reac\u021bie alergica.<br \/>\nInstruc\u021biuni de utilizare: Se aplica ca atare pe o laveta de cura\u021benie umeda sau pe un burete umed, se cura\u021ba suprafa\u021ba \u0219i se clate\u0219te cu apa rece.<br \/>\nSafety instructions: As per product safety data sheet.<\/p>","protected":false},"excerpt":{"rendered":"<p>Crema profesionala folosita la cur\u021benia intensiva de \u00eentre\u021binere at\u00e2t a suprafe\u021belor din inox, c\u00e2t si a altor metale feroase si neferoase rezistente la acid. Acest produs ac\u021bioneaza foarte rapid asupra depunerilor de grasimi sau oricarei tip de mizerie.<\/p>","protected":false},"featured_media":5709,"comment_status":"open","ping_status":"closed","template":"","meta":[],"product_cat":[210,177,209],"product_tag":[],"class_list":{"0":"post-6228","1":"product","2":"type-product","3":"status-publish","4":"has-post-thumbnail","6":"product_cat-bucatarie-horeca","7":"product_cat-curatenie-profesionala","8":"product_cat-horeca","10":"first","11":"instock","12":"shipping-taxable","13":"purchasable","14":"product-type-simple"},"_links":{"self":[{"href":"https:\/\/klin.managementpro.ro\/en\/wp-json\/wp\/v2\/product\/6228","targetHints":{"allow":["GET"]}}],"collection":[{"href":"https:\/\/klin.managementpro.ro\/en\/wp-json\/wp\/v2\/product"}],"about":[{"href":"https:\/\/klin.managementpro.ro\/en\/wp-json\/wp\/v2\/types\/product"}],"replies":[{"embeddable":true,"href":"https:\/\/klin.managementpro.ro\/en\/wp-json\/wp\/v2\/comments?post=6228"}],"wp:featuredmedia":[{"embeddable":true,"href":"https:\/\/klin.managementpro.ro\/en\/wp-json\/wp\/v2\/media\/5709"}],"wp:attachment":[{"href":"https:\/\/klin.managementpro.ro\/en\/wp-json\/wp\/v2\/media?parent=6228"}],"wp:term":[{"taxonomy":"product_cat","embeddable":true,"href":"https:\/\/klin.managementpro.ro\/en\/wp-json\/wp\/v2\/product_cat?post=6228"},{"taxonomy":"product_tag","embeddable":true,"href":"https:\/\/klin.managementpro.ro\/en\/wp-json\/wp\/v2\/product_tag?post=6228"}],"curies":[{"name":"wp","href":"https:\/\/api.w.org\/{rel}","templated":true}]}}