{"id":6229,"date":"2024-07-23T16:47:12","date_gmt":"2024-07-23T16:47:12","guid":{"rendered":"https:\/\/klin.managementpro.ro\/?post_type=product&#038;p=6229"},"modified":"2024-07-23T16:47:15","modified_gmt":"2024-07-23T16:47:15","slug":"klindry-aditiv-clatire-vase-profesional-pentru-masini-automate-1-litru","status":"publish","type":"product","link":"https:\/\/klin.managementpro.ro\/en\/product\/klindry-aditiv-clatire-vase-profesional-pentru-masini-automate-1-litru\/","title":{"rendered":"KLINDRY aditiv clatire vase PROFESIONAL pentru masini automate, 1 litru"},"content":{"rendered":"<p>Klindry este un aditiv concentrat utilizat \u00een apa dur\u0103 de cl\u0103tire a ma\u0219inilor de sp\u0103lat vesela. Produsul \u00eendep\u0103rteaz\u0103 urmele de detergent, favorizeaz\u0103 uscarea rapid\u0103 a vaselor, tac\u00e2murilor \u0219i red\u0103 str\u0103lucirea.<br \/>\nProdus pentru uz profesional.<br \/>\nInstruc\u021biuni de utilizare: Produsul se utilizeaz\u0103 \u00een apa de cl\u0103tire \u00een dilu\u021bii cuprinse \u00eentre 0,05 \u00f7 0,2%. Se conecteaz\u0103 recipientul cu produs la ma\u0219ina de sp\u0103lat automat \u0219i se seteaz\u0103 concentra\u021bia dorit\u0103 raportat la duritatea apei potabile utilizate pentru sp\u0103lat. Produsul poate fi utilizat \u0219i \u00een b\u0103ile de cl\u0103tire manual\u0103 a veselei. Indicat a fi utilizat \u00een industria alimentar\u0103. Necesit\u0103 cl\u0103tire dup\u0103 utilizare.<br \/>\nM\u0103suri de prim ajutor: Simptomele provocate de intoxicarea cu acest produs pot ap\u0103rea posterior expunerii.<br \/>\nIngrediente: &lt;5% agenti acizi, &lt;5% solubilizanti, ap\u0103.<\/p>","protected":false},"excerpt":{"rendered":"<p>Klindry este un aditiv concentrat utilizat \u00een apa dur\u0103 de cl\u0103tire a ma\u0219inilor de sp\u0103lat vesela. Produsul \u00eendep\u0103rteaz\u0103 urmele de detergent, favorizeaz\u0103 uscarea rapid\u0103 a vaselor, tac\u00e2murilor \u0219i red\u0103 str\u0103lucirea.<\/p>","protected":false},"featured_media":5710,"comment_status":"open","ping_status":"closed","template":"","meta":[],"product_cat":[210,177],"product_tag":[],"class_list":{"0":"post-6229","1":"product","2":"type-product","3":"status-publish","4":"has-post-thumbnail","6":"product_cat-bucatarie-horeca","7":"product_cat-curatenie-profesionala","9":"first","10":"instock","11":"shipping-taxable","12":"purchasable","13":"product-type-simple"},"_links":{"self":[{"href":"https:\/\/klin.managementpro.ro\/en\/wp-json\/wp\/v2\/product\/6229","targetHints":{"allow":["GET"]}}],"collection":[{"href":"https:\/\/klin.managementpro.ro\/en\/wp-json\/wp\/v2\/product"}],"about":[{"href":"https:\/\/klin.managementpro.ro\/en\/wp-json\/wp\/v2\/types\/product"}],"replies":[{"embeddable":true,"href":"https:\/\/klin.managementpro.ro\/en\/wp-json\/wp\/v2\/comments?post=6229"}],"wp:featuredmedia":[{"embeddable":true,"href":"https:\/\/klin.managementpro.ro\/en\/wp-json\/wp\/v2\/media\/5710"}],"wp:attachment":[{"href":"https:\/\/klin.managementpro.ro\/en\/wp-json\/wp\/v2\/media?parent=6229"}],"wp:term":[{"taxonomy":"product_cat","embeddable":true,"href":"https:\/\/klin.managementpro.ro\/en\/wp-json\/wp\/v2\/product_cat?post=6229"},{"taxonomy":"product_tag","embeddable":true,"href":"https:\/\/klin.managementpro.ro\/en\/wp-json\/wp\/v2\/product_tag?post=6229"}],"curies":[{"name":"wp","href":"https:\/\/api.w.org\/{rel}","templated":true}]}}