{"id":6230,"date":"2024-07-23T16:47:12","date_gmt":"2024-07-23T16:47:12","guid":{"rendered":"https:\/\/klin.managementpro.ro\/?post_type=product&#038;p=6230"},"modified":"2024-07-23T16:47:16","modified_gmt":"2024-07-23T16:47:16","slug":"igienizat-profesional-pentru-masini-automate-vase-500-ml","status":"publish","type":"product","link":"https:\/\/klin.managementpro.ro\/en\/product\/igienizat-profesional-pentru-masini-automate-vase-500-ml\/","title":{"rendered":"Igienizat PROFESIONAL pentru masini automate vase, 500 ml"},"content":{"rendered":"<p>Degresant pentru ma\u0219ini de sp\u0103lat vase \u0219i pentru aluminiu. Produs puternic alcalin pentru apa foarte dur\u0103 care are func\u021bia de a \u00eendep\u0103rta resturile alimentare \u0219i gr\u0103simea \u00eent\u0103rit\u0103. Con\u021bine \u00een formula sa aditivi speciali pentru eliminarea urmelor de calcar, ofera o str\u0103lucire de excep\u021bie dup\u0103 utilizare.<br \/>\nCompozi\u021bie: \u00cen acord cu recomandarile 648\/2004 EEC: ap\u0103, hidroxid de sodiu &lt;20%, hidroxid de potasiu&lt;20%, solven\u021bi &lt;13%, surfactant amfoteric &lt;5%, surfactant anionic &lt;3%, inhibitor de coroziune, antispumant.<\/p>\n<p>Instruc\u021biuni de utilizare: Se va aplica utiliz\u00e2nd sisteme de dozare automat\u0103 sau pompa de dozare a ma\u0219inii, dac\u0103 exist\u0103. Produsul se poate aplica \u0219i manual \u00een rezervorul pentru detergent, din ma\u0219inile automate de sp\u0103lat vase \u0219i ustensile cu dimensiuni mai mici. Se utilizeaz\u0103 \u00een dilu\u021bie de 0.5-2%.<\/p>\n<p>Instruc\u021biuni de securitate: Conform fisei cu date de securitate a produsului.<\/p>","protected":false},"excerpt":{"rendered":"<p>Degresant pentru ma\u0219ini de sp\u0103lat vase \u0219i pentru aluminiu. Produs puternic alcalin pentru apa foarte dur\u0103 care are func\u021bia de a \u00eendep\u0103rta resturile alimentare \u0219i gr\u0103simea \u00eent\u0103rit\u0103.<\/p>","protected":false},"featured_media":5711,"comment_status":"open","ping_status":"closed","template":"","meta":[],"product_cat":[210,177,209],"product_tag":[],"class_list":{"0":"post-6230","1":"product","2":"type-product","3":"status-publish","4":"has-post-thumbnail","6":"product_cat-bucatarie-horeca","7":"product_cat-curatenie-profesionala","8":"product_cat-horeca","10":"first","11":"outofstock","12":"shipping-taxable","13":"purchasable","14":"product-type-simple"},"_links":{"self":[{"href":"https:\/\/klin.managementpro.ro\/en\/wp-json\/wp\/v2\/product\/6230","targetHints":{"allow":["GET"]}}],"collection":[{"href":"https:\/\/klin.managementpro.ro\/en\/wp-json\/wp\/v2\/product"}],"about":[{"href":"https:\/\/klin.managementpro.ro\/en\/wp-json\/wp\/v2\/types\/product"}],"replies":[{"embeddable":true,"href":"https:\/\/klin.managementpro.ro\/en\/wp-json\/wp\/v2\/comments?post=6230"}],"wp:featuredmedia":[{"embeddable":true,"href":"https:\/\/klin.managementpro.ro\/en\/wp-json\/wp\/v2\/media\/5711"}],"wp:attachment":[{"href":"https:\/\/klin.managementpro.ro\/en\/wp-json\/wp\/v2\/media?parent=6230"}],"wp:term":[{"taxonomy":"product_cat","embeddable":true,"href":"https:\/\/klin.managementpro.ro\/en\/wp-json\/wp\/v2\/product_cat?post=6230"},{"taxonomy":"product_tag","embeddable":true,"href":"https:\/\/klin.managementpro.ro\/en\/wp-json\/wp\/v2\/product_tag?post=6230"}],"curies":[{"name":"wp","href":"https:\/\/api.w.org\/{rel}","templated":true}]}}