{"id":6232,"date":"2024-07-23T16:47:13","date_gmt":"2024-07-23T16:47:13","guid":{"rendered":"https:\/\/klin.managementpro.ro\/?post_type=product&#038;p=6232"},"modified":"2024-07-23T16:47:16","modified_gmt":"2024-07-23T16:47:16","slug":"degrass-degresant-concentrat-profesional-pentru-cuptoare-1-litru","status":"publish","type":"product","link":"https:\/\/klin.managementpro.ro\/en\/product\/degrass-degresant-concentrat-profesional-pentru-cuptoare-1-litru\/","title":{"rendered":"DEGRASS, degresant concentrat PROFESIONAL pentru cuptoare, 1 litru"},"content":{"rendered":"<p>Degresant puternic alcalin, pentru cur\u0103\u021barea intensiv\u0103 a cuptoarelor, a grill-urilor \u0219i a gr\u0103tarelor. Este special pentru cur\u0103\u021barea pe baz\u0103 de spum\u0103 a suprafe\u021belor verticale. Dizolv\u0103 automat gr\u0103simea, uleiul \u0219i crustele de proteine precum \u0219i reziduurile alimentare arse. Solu\u021bia este concentrat\u0103, are o putere mare de degresare, poate fi folosit at\u00e2t la sp\u0103lare manual\u0103 c\u00e2t \u0219i automat\u0103. Este utilizat la cur\u0103\u021barea obiectelor din buc\u0103t\u0103rie (cuptor, plita, grill, gr\u0103tar, vase emailate, sticl\u0103 termorezistent\u0103) a suprafe\u021belor utilajelor tehnologice din zona de preparare a c\u0103rnii (cuptoare, t\u0103vi, fripteuse), de preparare a produselor de patiserie, produselor de ciocolata, produselor de panifica\u021bie etc. Produs universal cu multiple aplica\u021bii, inclusiv depuneri, arsuri \u0219i \u00eendep\u0103rt\u0103ri de resturi carbonizate.<br \/>\nCompozi\u021bie: \u00cen acord cu recomand\u0103rile 648\/2004 EEC: ap\u0103, hidroxid de sodiu &lt;20%, solven\u021bi &lt;15%, surfactant neionic&lt;5%, surfactant anionic &lt;5%, inhibitor de coroziune.<br \/>\nInstruc\u021biuni de utilizare: Solu\u021bia ob\u021binut\u0103 \u00een urma dilu\u021biei se adaug\u0103 \u00een rezervorul ma\u0219inii de facut spum\u0103. Se \u00eencalze\u0219te cuptorul la 30\u00b0C, c\u00e2nd acesta a ajuns la temperatura dorit\u0103 se opre\u0219te \u00eenc\u0103lzirea, se aplic\u0103 produsul cu ajutorul ma\u0219inii de facut spum\u0103, permite\u021bi timpul de contact de 5-10 min, \u00een func\u021bie de gradul de murd\u0103rie, apoi clati\u021bi bine cu ap\u0103. Dozaj recomandat 2.5-10%. Pentru arsuri \u0219i gudroane vechi \u0219i greu de \u00eendep\u0103rtat se utilizeaza nediluat.<br \/>\nInstruc\u021biuni de securitate: Conform fisei cu date de securitate a produsului.<\/p>","protected":false},"excerpt":{"rendered":"<p>Degresant puternic alcalin, pentru cur\u0103\u021barea intensiv\u0103 a cuptoarelor, a grill-urilor \u0219i a gr\u0103tarelor. Este special pentru cur\u0103\u021barea pe baz\u0103 de spum\u0103 a suprafe\u021belor verticale.<\/p>","protected":false},"featured_media":5713,"comment_status":"open","ping_status":"closed","template":"","meta":[],"product_cat":[210,177,209],"product_tag":[],"class_list":{"0":"post-6232","1":"product","2":"type-product","3":"status-publish","4":"has-post-thumbnail","6":"product_cat-bucatarie-horeca","7":"product_cat-curatenie-profesionala","8":"product_cat-horeca","10":"first","11":"instock","12":"shipping-taxable","13":"purchasable","14":"product-type-simple"},"_links":{"self":[{"href":"https:\/\/klin.managementpro.ro\/en\/wp-json\/wp\/v2\/product\/6232","targetHints":{"allow":["GET"]}}],"collection":[{"href":"https:\/\/klin.managementpro.ro\/en\/wp-json\/wp\/v2\/product"}],"about":[{"href":"https:\/\/klin.managementpro.ro\/en\/wp-json\/wp\/v2\/types\/product"}],"replies":[{"embeddable":true,"href":"https:\/\/klin.managementpro.ro\/en\/wp-json\/wp\/v2\/comments?post=6232"}],"wp:featuredmedia":[{"embeddable":true,"href":"https:\/\/klin.managementpro.ro\/en\/wp-json\/wp\/v2\/media\/5713"}],"wp:attachment":[{"href":"https:\/\/klin.managementpro.ro\/en\/wp-json\/wp\/v2\/media?parent=6232"}],"wp:term":[{"taxonomy":"product_cat","embeddable":true,"href":"https:\/\/klin.managementpro.ro\/en\/wp-json\/wp\/v2\/product_cat?post=6232"},{"taxonomy":"product_tag","embeddable":true,"href":"https:\/\/klin.managementpro.ro\/en\/wp-json\/wp\/v2\/product_tag?post=6232"}],"curies":[{"name":"wp","href":"https:\/\/api.w.org\/{rel}","templated":true}]}}