{"id":6233,"date":"2024-07-23T16:47:13","date_gmt":"2024-07-23T16:47:13","guid":{"rendered":"https:\/\/klin.managementpro.ro\/?post_type=product&#038;p=6233"},"modified":"2024-07-23T16:47:16","modified_gmt":"2024-07-23T16:47:16","slug":"degrass-rtu-degresant-profesional-pentru-cuptoare-500-ml","status":"publish","type":"product","link":"https:\/\/klin.managementpro.ro\/en\/product\/degrass-rtu-degresant-profesional-pentru-cuptoare-500-ml\/","title":{"rendered":"DEGRASS RTU, degresant PROFESIONAL pentru cuptoare, 500 ml"},"content":{"rendered":"<p>Este o solu\u021bie apoas\u0103 cu efect de degresare \u0219i solubilizare a depunerilor de gr\u0103simi arse depuse pe suprafa\u021ba cuptoarelor, plitelor, aragazelor, tig\u0103ilor, \u0219.a. Ideal utilizarii \u00een domeniul casnic \u0219i industrial.<\/p>\n<p>Instruc\u021biuni de utilizare: Produsul se utilizeaz\u0103 ca atare, nu se dilueaza. Se aplic\u0103 direct pe suprafe\u021be rezistente la coroziune utiliz\u00e2nd un aplicator manual sau o pensula\/ burete\/ lavet\u0103 din microfbr\u0103. Dup\u0103 aplicarea produsului, se lasa timp de contact 10-30 minute, apoi se cura\u021ba prin cl\u0103tire cu ap\u0103 cald\u0103. \u00cen func\u021bie de stratul depus, poate fi necesar\u0103 repetarea etapei de cura\u021bare. Pentru o cur\u0103\u021bare rapid\u0103 se recomand\u0103 aplicarea produsului \u0219i frecarea cu un burete dur. Necesit\u0103 clatire dup\u0103 utilizare. Ideal utiliz\u0103rii pe suprafe\u021bele cuptoarelor, plitelor, ma\u0219inilor de g\u0103tit, hotelor, t\u0103vilor de g\u0103tit, gr\u0103tarelor, rotisoarelor. Produsul nu se aplic\u0103 pe suprafe\u021be din: aluminiu, inox, email, s.a.<\/p>\n<p>Ingrediente: agen\u021bi alcalini, solubilizan\u021bi pentru grasimi, &gt;5 &#8211; &lt;15% surfactan\u021bi nonionici, colorant, ap\u0103.<\/p>","protected":false},"excerpt":{"rendered":"<p>Este o solu\u021bie apoas\u0103 cu efect de degresare \u0219i solubilizare a depunerilor de gr\u0103simi arse depuse pe suprafa\u021ba cuptoarelor, plitelor, aragazelor, tig\u0103ilor, \u0219.a. Ideal utilizarii \u00een domeniul casnic \u0219i industrial.<\/p>","protected":false},"featured_media":5714,"comment_status":"open","ping_status":"closed","template":"","meta":[],"product_cat":[210,177,209],"product_tag":[],"class_list":{"0":"post-6233","1":"product","2":"type-product","3":"status-publish","4":"has-post-thumbnail","6":"product_cat-bucatarie-horeca","7":"product_cat-curatenie-profesionala","8":"product_cat-horeca","10":"first","11":"instock","12":"shipping-taxable","13":"purchasable","14":"product-type-simple"},"_links":{"self":[{"href":"https:\/\/klin.managementpro.ro\/en\/wp-json\/wp\/v2\/product\/6233","targetHints":{"allow":["GET"]}}],"collection":[{"href":"https:\/\/klin.managementpro.ro\/en\/wp-json\/wp\/v2\/product"}],"about":[{"href":"https:\/\/klin.managementpro.ro\/en\/wp-json\/wp\/v2\/types\/product"}],"replies":[{"embeddable":true,"href":"https:\/\/klin.managementpro.ro\/en\/wp-json\/wp\/v2\/comments?post=6233"}],"wp:featuredmedia":[{"embeddable":true,"href":"https:\/\/klin.managementpro.ro\/en\/wp-json\/wp\/v2\/media\/5714"}],"wp:attachment":[{"href":"https:\/\/klin.managementpro.ro\/en\/wp-json\/wp\/v2\/media?parent=6233"}],"wp:term":[{"taxonomy":"product_cat","embeddable":true,"href":"https:\/\/klin.managementpro.ro\/en\/wp-json\/wp\/v2\/product_cat?post=6233"},{"taxonomy":"product_tag","embeddable":true,"href":"https:\/\/klin.managementpro.ro\/en\/wp-json\/wp\/v2\/product_tag?post=6233"}],"curies":[{"name":"wp","href":"https:\/\/api.w.org\/{rel}","templated":true}]}}