{"id":6236,"date":"2024-07-23T16:47:13","date_gmt":"2024-07-23T16:47:13","guid":{"rendered":"https:\/\/klin.managementpro.ro\/?post_type=product&#038;p=6236"},"modified":"2024-07-23T16:47:17","modified_gmt":"2024-07-23T16:47:17","slug":"oxoklin-fb-dezinfectant-profesional-pentru-suprafete-1-litru","status":"publish","type":"product","link":"https:\/\/klin.managementpro.ro\/en\/product\/oxoklin-fb-dezinfectant-profesional-pentru-suprafete-1-litru\/","title":{"rendered":"OXOKLIN F&amp;B, PROFESSIONAL surface disinfectant, 1 liter"},"content":{"rendered":"<p>OXOKLIN F&amp;B este un dezinfectant cu activitate ridicat\u0103 de oxidare, pe baz\u0103 de acid peracetic \u0219i ap\u0103 oxigenat\u0103 stabilizate, foarte eficient \u00eempotriva tuturor tipurilor de microorganisme: bacterii, levuri, fungi \u0219i virusuri. Peroxidul de hidrogen func\u021bioneaz\u0103 prin producerea de radicali liberi hidroxil distructivi care pot ataca lipidele membranei, ADN-ul si alte componente celulare esen\u021biale av\u00e2nd astfel o putere mare de dezinfectare. Grupa principala: 1; Tipul de produs: 4. Domeniu de<br \/>\nutilizare: Dezinfectant lichid utilizat \u00een industria alimentar\u0103 \u0219i de preparare a furajelor. Aria de aplicare: Dezinfectarea suprafe\u021belor echipamentelor, recipientelor, ustensilelor de consum, sau conductelor folosite pentru productia, transportul, depozitarea produselor alimentare sau hranei pentru animale (inclusiv apa potabil\u0103). Dezinfectie rezervoare, tevi, echipamente, \u00een industria prelucratratoare a laptelui \u0219i b\u0103uturilor alcoolice \/ non-alcoolice. OXOKLIN F&amp;B TP4 este utilizat pentru<br \/>\ncura\u021barea \u0219i dezinfectarea: Suprafe\u021belor de diverse tipuri din industria alimentara; Recipientelor, ustensilelor de consum folosite pentru produc\u021bia, transportul \u0219i depozitarea produselor alimentare \u0219i hranei pentru animale; Rezervoare, \u021bevi, echipamente, dezinfec\u021bie dupa cur\u0103\u021barea prin tehnici manuale, WIP \u0219i CIP \u00een industria alimentara.<br \/>\nHow to use:<\/p>\n<table style=\"height: 432px;\" width=\"1106\">\n<tbody>\n<tr>\n<td width=\"213\"><strong>\u00a0\u00a0\u00a0\u00a0\u00a0\u00a0\u00a0\u00a0\u00a0\u00a0\u00a0\u00a0\u00a0\u00a0\u00a0\u00a0 <\/strong><strong>Application method<\/strong><\/td>\n<td width=\"213\"><strong>\u00a0 \u00a0 \u00a0 \u00a0 \u00a0 Concentra\u021bia solu\u021biei de lucru <\/strong><\/p>\n<p><strong>\u00a0 \u00a0 \u00a0 \u00a0 \u00a0 \u00a0 \u00a0 \u00a0 \u00a0 \u00a0 \u00a0 \u00a0 \/ doza aplicat\u0103<\/strong><\/td>\n<td width=\"213\"><strong>\u00a0 \u00a0 \u00a0 \u00a0 \u00a0 \u00a0 \u00a0 \u00a0 \u00a0 Action time<\/strong><\/td>\n<\/tr>\n<tr>\n<td rowspan=\"4\" width=\"213\">&nbsp;<\/p>\n<p>Se aplic\u0103 prin \u0219tergere sau<\/p>\n<p>pulverizare<\/td>\n<td width=\"213\">&nbsp;<\/p>\n<p>Bactericid\u0103: 1% \/ 4-10ml\/m2<\/td>\n<td width=\"213\">5 minutes<\/td>\n<\/tr>\n<tr>\n<td width=\"213\">&nbsp;<\/p>\n<p>Levuricid\u0103, virucid\u0103: 3% \/ 4-10ml\/m2<\/td>\n<td width=\"213\">5 minutes<\/td>\n<\/tr>\n<tr>\n<td width=\"213\">Fungicid\u0103: 4% \/ 4-10ml\/m2<\/td>\n<td width=\"213\">5 minutes<\/td>\n<\/tr>\n<tr>\n<td width=\"213\">Micobactericid\u0103, sporicid\u0103: 3% \/ 4-10ml\/m2<\/td>\n<td width=\"213\">15 minutes<\/td>\n<\/tr>\n<\/tbody>\n<\/table>","protected":false},"excerpt":{"rendered":"<p>OXOKLIN F&amp;B este un dezinfectant cu activitate ridicat\u0103 de oxidare, pe baz\u0103 de acid peracetic \u0219i ap\u0103 oxigenat\u0103 stabilizate, foarte eficient \u00eempotriva tuturor tipurilor de microorganisme: bacterii, levuri, fungi \u0219i virusuri.<\/p>","protected":false},"featured_media":5717,"comment_status":"open","ping_status":"closed","template":"","meta":[],"product_cat":[178],"product_tag":[],"class_list":{"0":"post-6236","1":"product","2":"type-product","3":"status-publish","4":"has-post-thumbnail","6":"product_cat-horeca-industrial","8":"first","9":"instock","10":"shipping-taxable","11":"purchasable","12":"product-type-simple"},"_links":{"self":[{"href":"https:\/\/klin.managementpro.ro\/en\/wp-json\/wp\/v2\/product\/6236","targetHints":{"allow":["GET"]}}],"collection":[{"href":"https:\/\/klin.managementpro.ro\/en\/wp-json\/wp\/v2\/product"}],"about":[{"href":"https:\/\/klin.managementpro.ro\/en\/wp-json\/wp\/v2\/types\/product"}],"replies":[{"embeddable":true,"href":"https:\/\/klin.managementpro.ro\/en\/wp-json\/wp\/v2\/comments?post=6236"}],"wp:featuredmedia":[{"embeddable":true,"href":"https:\/\/klin.managementpro.ro\/en\/wp-json\/wp\/v2\/media\/5717"}],"wp:attachment":[{"href":"https:\/\/klin.managementpro.ro\/en\/wp-json\/wp\/v2\/media?parent=6236"}],"wp:term":[{"taxonomy":"product_cat","embeddable":true,"href":"https:\/\/klin.managementpro.ro\/en\/wp-json\/wp\/v2\/product_cat?post=6236"},{"taxonomy":"product_tag","embeddable":true,"href":"https:\/\/klin.managementpro.ro\/en\/wp-json\/wp\/v2\/product_tag?post=6236"}],"curies":[{"name":"wp","href":"https:\/\/api.w.org\/{rel}","templated":true}]}}