{"id":6237,"date":"2024-07-23T16:47:13","date_gmt":"2024-07-23T16:47:13","guid":{"rendered":"https:\/\/klin.managementpro.ro\/?post_type=product&#038;p=6237"},"modified":"2024-07-23T16:47:17","modified_gmt":"2024-07-23T16:47:17","slug":"pasta-profesionala-pentru-curatare-inox-argint-si-ustensile-bucatarie-350-gr","status":"publish","type":"product","link":"https:\/\/klin.managementpro.ro\/en\/product\/pasta-profesionala-pentru-curatare-inox-argint-si-ustensile-bucatarie-350-gr\/","title":{"rendered":"Pasta PROFESIONALA pentru curatare inox, argint si ustensile bucatarie, 350 gr"},"content":{"rendered":"<p>Detergent pasta cu parfum de l\u0103maie. Acest produs trateaz\u0103 zgarieturile de pe suprafetele de inox si obiecte din argint. Este o past\u0103 care cur\u0103t\u0103 pan\u0103 si cele mai murdare farfurii. Are un efect revigorant si cur\u0103t\u0103 cu mare usurint\u0103 gr\u0103simea ars\u0103, \u00eent\u0103rit\u0103, sau murd\u0103ria greu de \u00eendep\u0103rtat. Este deosebit de eficient\u0103 \u00eempotriva calcarului si pentru a cur\u0103ta \u00eenvelisurile reziduale produse de detergentul folosit. Mai poate fi folosit\u0103 la t\u0103vile pentru gr\u0103tar, chiuvete, blaturi si gresie. Nu zgarie suprafetele. Con\u021bine agenti de protectie a pielii.<\/p>\n<p>Compozi\u021bie: \u00cen acord cu recomand\u0103rile 648\/2004 EEC: apa, oxid mineral &lt;70%, surfactan\u021bi anionici &lt;5%, surfactant amfoteric &lt;5%, glicerin\u0103, conservant, parfum (Limonene). EUH 208: Con\u021bine masa de reactie compus\u0103 din: 5-cloro-2 &#8211; metil-2H- izotiazol-3-ona si 2-metil- 2H- izotiazol- 3-ona (3:1). Poate provoca o reactie alergic\u0103.<\/p>\n<p>Instruc\u021biuni de utilizare: Se aplic\u0103 ca atare pe o lavet\u0103 de cura\u021bare umed\u0103 sau pe un burete umed, se cur\u0103ta suprafata si se clateste cu ap\u0103.<\/p>\n<p>Safety instructions: As per product safety data sheet.<\/p>","protected":false},"excerpt":{"rendered":"<p>Detergent pasta cu parfum de l\u0103maie. Acest produs trateaz\u0103 zgarieturile de pe suprafetele de inox si obiecte din argint.<\/p>","protected":false},"featured_media":5718,"comment_status":"open","ping_status":"closed","template":"","meta":[],"product_cat":[210,177,209],"product_tag":[],"class_list":{"0":"post-6237","1":"product","2":"type-product","3":"status-publish","4":"has-post-thumbnail","6":"product_cat-bucatarie-horeca","7":"product_cat-curatenie-profesionala","8":"product_cat-horeca","10":"first","11":"instock","12":"shipping-taxable","13":"purchasable","14":"product-type-simple"},"_links":{"self":[{"href":"https:\/\/klin.managementpro.ro\/en\/wp-json\/wp\/v2\/product\/6237","targetHints":{"allow":["GET"]}}],"collection":[{"href":"https:\/\/klin.managementpro.ro\/en\/wp-json\/wp\/v2\/product"}],"about":[{"href":"https:\/\/klin.managementpro.ro\/en\/wp-json\/wp\/v2\/types\/product"}],"replies":[{"embeddable":true,"href":"https:\/\/klin.managementpro.ro\/en\/wp-json\/wp\/v2\/comments?post=6237"}],"wp:featuredmedia":[{"embeddable":true,"href":"https:\/\/klin.managementpro.ro\/en\/wp-json\/wp\/v2\/media\/5718"}],"wp:attachment":[{"href":"https:\/\/klin.managementpro.ro\/en\/wp-json\/wp\/v2\/media?parent=6237"}],"wp:term":[{"taxonomy":"product_cat","embeddable":true,"href":"https:\/\/klin.managementpro.ro\/en\/wp-json\/wp\/v2\/product_cat?post=6237"},{"taxonomy":"product_tag","embeddable":true,"href":"https:\/\/klin.managementpro.ro\/en\/wp-json\/wp\/v2\/product_tag?post=6237"}],"curies":[{"name":"wp","href":"https:\/\/api.w.org\/{rel}","templated":true}]}}