{"id":6238,"date":"2024-07-23T16:47:13","date_gmt":"2024-07-23T16:47:13","guid":{"rendered":"https:\/\/klin.managementpro.ro\/?post_type=product&#038;p=6238"},"modified":"2024-07-23T16:47:17","modified_gmt":"2024-07-23T16:47:17","slug":"solutie-inox-profesionala-1-litru","status":"publish","type":"product","link":"https:\/\/klin.managementpro.ro\/en\/product\/solutie-inox-profesionala-1-litru\/","title":{"rendered":"Solutie Inox PROFESIONALA, 1 litru"},"content":{"rendered":"<p>Acest produs asigur\u0103 un luciu de excep\u021bie suprafe\u021belor de inox. Produs recomandat pentru \u00eendep\u0103rtarea depunerilor de calcar, rugina, cruste de pe utilajele metalice \u0219i suprafe\u021be de inox, aluminiu, crom, nichel, sticl\u0103, celule de fierbere, utilaje din metal, oale, pahare, cafetiere. Red\u0103 str\u0103lucirea, previne m\u0103tuirea si \u00eentre\u021bine suprafa\u021ba f\u0103r\u0103 a o zg\u00e2ria. Are proprieta\u021bi antistatice, drept urmare, gr\u0103simea \u0219i murd\u0103ria se depun cu dificultate.<br \/>\nCompozi\u021bie: \u00cen acord cu recomand\u0103rile 648\/2004 EEC: ap\u0103, solven\u021bi &lt;50%, hidrocarburi alifatice &lt;5%, surfactant anionic &lt;5%, fosfonat &lt;5%.<\/p>\n<p>Instruc\u021biuni de utilizare: Se pulverizeaza produsul pe suprafa\u021ba de cur\u0103\u021bat, se las\u0103 sa ac\u021bioneze 2-3 minute, \u00een func\u021bie de gradul de murd\u0103rie apoi se \u0219terge cu o lavet\u0103.<\/p>\n<p>Safety instructions: As per product safety data sheet.<\/p>","protected":false},"excerpt":{"rendered":"<p>Acest produs asigur\u0103 un luciu de excep\u021bie suprafe\u021belor de inox.<\/p>","protected":false},"featured_media":5719,"comment_status":"open","ping_status":"closed","template":"","meta":[],"product_cat":[210,177,209],"product_tag":[],"class_list":{"0":"post-6238","1":"product","2":"type-product","3":"status-publish","4":"has-post-thumbnail","6":"product_cat-bucatarie-horeca","7":"product_cat-curatenie-profesionala","8":"product_cat-horeca","10":"first","11":"instock","12":"shipping-taxable","13":"purchasable","14":"product-type-simple"},"_links":{"self":[{"href":"https:\/\/klin.managementpro.ro\/en\/wp-json\/wp\/v2\/product\/6238","targetHints":{"allow":["GET"]}}],"collection":[{"href":"https:\/\/klin.managementpro.ro\/en\/wp-json\/wp\/v2\/product"}],"about":[{"href":"https:\/\/klin.managementpro.ro\/en\/wp-json\/wp\/v2\/types\/product"}],"replies":[{"embeddable":true,"href":"https:\/\/klin.managementpro.ro\/en\/wp-json\/wp\/v2\/comments?post=6238"}],"wp:featuredmedia":[{"embeddable":true,"href":"https:\/\/klin.managementpro.ro\/en\/wp-json\/wp\/v2\/media\/5719"}],"wp:attachment":[{"href":"https:\/\/klin.managementpro.ro\/en\/wp-json\/wp\/v2\/media?parent=6238"}],"wp:term":[{"taxonomy":"product_cat","embeddable":true,"href":"https:\/\/klin.managementpro.ro\/en\/wp-json\/wp\/v2\/product_cat?post=6238"},{"taxonomy":"product_tag","embeddable":true,"href":"https:\/\/klin.managementpro.ro\/en\/wp-json\/wp\/v2\/product_tag?post=6238"}],"curies":[{"name":"wp","href":"https:\/\/api.w.org\/{rel}","templated":true}]}}