{"id":6240,"date":"2024-07-23T16:47:13","date_gmt":"2024-07-23T16:47:13","guid":{"rendered":"https:\/\/klin.managementpro.ro\/?post_type=product&#038;p=6240"},"modified":"2024-07-23T16:47:18","modified_gmt":"2024-07-23T16:47:18","slug":"detergent-pardoseli-profesional-concentrat-cu-efect-de-luciu-1-litru","status":"publish","type":"product","link":"https:\/\/klin.managementpro.ro\/en\/product\/detergent-pardoseli-profesional-concentrat-cu-efect-de-luciu-1-litru\/","title":{"rendered":"Detergent pardoseli PROFESIONAL concentrat, cu efect de luciu, 1 litru"},"content":{"rendered":"<p>Detergent pentru pardoseal\u0103 cu efect de luciu puternic, folosit la cura\u021benia de \u00eentre\u021binere a pardoselilor. Are o bun\u0103 ac\u021biune de cur\u0103\u021bare, se usuc\u0103 repede f\u0103r\u0103 a l\u0103sa urme \u0219i creeaz\u0103 un luciu puternic. Nu produce mult\u0103 spum\u0103 \u0219i are un miros placut. Recomandare pentru cur\u0103\u021barea tuturor tipurilor de pardoseli, cum ar fi granit, marmur\u0103, pl\u0103ci ceramice, din por\u021belan glazurat \u0219i gresie etc. Se utilizeaz\u0103 at\u00e2t cu mopul c\u00e2t \u0219i pe ma\u0219ina de pardoseal\u0103. Produs parfumat cu arom\u0103 pl\u0103cut\u0103.<\/p>\n<p>Compozi\u021bie: \u00cen acord cu recomandarile 648\/2004 EEC: ap\u0103, solven\u021bi &lt; 15%, surfactan\u021bi anionici si neionici &lt;5%,surfactant amfoteric&lt; 3%, fosfonat &lt;1% conservant, parfum (Limonene). EUH208: Con\u021bine masa de reac\u021bie compus\u0103 din : 5-cloro-2-metil-2H-izotiazol-3-ona si 2-metil-2H-izotiazol-3-ona (3:1). Poate provoca o reac\u021bie alergic\u0103.<\/p>\n<p>Instruc\u021biuni de utilizare: Se poate utiliza manual prin dozarea produsului \u00eentr-o galeat\u0103 \u0219i se cur\u0103\u021b\u0103 cu mopul sau cu ma\u0219ini automate prin dozarea produsului \u00een rezervorul ma\u0219inii umplut \u00een prealabil cu ap\u0103. Se utilizeaz\u0103 \u00een dilu\u021bie de 0.5-2%.<br \/>\nInstruc\u021biuni de securitate: Conform fisei cu date de securitate a produsului.<\/p>","protected":false},"excerpt":{"rendered":"<p>Detergent pentru pardoseal\u0103 cu efect de luciu puternic, folosit la cura\u021benia de \u00eentre\u021binere a pardoselilor.<\/p>","protected":false},"featured_media":5721,"comment_status":"open","ping_status":"closed","template":"","meta":[],"product_cat":[177,209,214],"product_tag":[],"class_list":{"0":"post-6240","1":"product","2":"type-product","3":"status-publish","4":"has-post-thumbnail","6":"product_cat-curatenie-profesionala","7":"product_cat-horeca","8":"product_cat-pardoseli","10":"first","11":"instock","12":"shipping-taxable","13":"purchasable","14":"product-type-simple"},"_links":{"self":[{"href":"https:\/\/klin.managementpro.ro\/en\/wp-json\/wp\/v2\/product\/6240","targetHints":{"allow":["GET"]}}],"collection":[{"href":"https:\/\/klin.managementpro.ro\/en\/wp-json\/wp\/v2\/product"}],"about":[{"href":"https:\/\/klin.managementpro.ro\/en\/wp-json\/wp\/v2\/types\/product"}],"replies":[{"embeddable":true,"href":"https:\/\/klin.managementpro.ro\/en\/wp-json\/wp\/v2\/comments?post=6240"}],"wp:featuredmedia":[{"embeddable":true,"href":"https:\/\/klin.managementpro.ro\/en\/wp-json\/wp\/v2\/media\/5721"}],"wp:attachment":[{"href":"https:\/\/klin.managementpro.ro\/en\/wp-json\/wp\/v2\/media?parent=6240"}],"wp:term":[{"taxonomy":"product_cat","embeddable":true,"href":"https:\/\/klin.managementpro.ro\/en\/wp-json\/wp\/v2\/product_cat?post=6240"},{"taxonomy":"product_tag","embeddable":true,"href":"https:\/\/klin.managementpro.ro\/en\/wp-json\/wp\/v2\/product_tag?post=6240"}],"curies":[{"name":"wp","href":"https:\/\/api.w.org\/{rel}","templated":true}]}}