{"id":6244,"date":"2024-07-23T16:47:13","date_gmt":"2024-07-23T16:47:13","guid":{"rendered":"https:\/\/klin.managementpro.ro\/?post_type=product&#038;p=6244"},"modified":"2024-07-23T16:47:18","modified_gmt":"2024-07-23T16:47:18","slug":"detergent-concentrat-profesional-pentru-pardoseli-1-litru","status":"publish","type":"product","link":"https:\/\/klin.managementpro.ro\/en\/product\/detergent-concentrat-profesional-pentru-pardoseli-1-litru\/","title":{"rendered":"Detergent concentrat PROFESIONAL pentru pardoseli, 1 litru"},"content":{"rendered":"<p>Detergent concentrat, puternic parfumat, indicat pentru sp\u0103larea manual\u0103 \u0219i automat\u0103 a tuturor tipurilor de pardoseli, mozaic, gresie, faian\u021b\u0103, ceramic\u0103 etc., l\u0103s\u00e2nd un miros placut, puternic \u0219i persistent. \u00cembog\u0103\u021bit cu esen\u021be din parfumerie fin\u0103. Nu produce mult\u0103 spum\u0103. Datorit\u0103 parfumului concentrat dup\u0103 aplicarea acestui produs nu mai este necesar\u0103 odorizarea sau parfumarea spa\u021biului.<\/p>\n<p>Compozi\u021bie: \u00cen acord cu recomandarile 648\/2004 EEC: ap\u0103, solvent &lt; 10%, surfactant anionic &lt;3%, surfactant amfoteric &lt;3%, emulsie siliconic\u0103 &lt;1%, fosfonat &lt;0.5%, antispumant, conservant, parfum (Limonene, Coumarin).<\/p>\n<p>Instruc\u021biuni de utilizare: Se poate utiliza manual prin dozarea produsului \u00eentr-o galeat\u0103 \u0219i se cur\u0103\u021b\u0103 cu mopul sau cu ma\u0219ini automate prin dozarea produsului \u00een rezervorul ma\u0219inii umplut \u00een prealabil cu ap\u0103. Se utilizeaz\u0103 50-200 ml produs la 10 L ap\u0103. Nu necesit\u0103 cl\u0103tire.<\/p>\n<p>Safety instructions: As per product safety data sheet.<\/p>","protected":false},"excerpt":{"rendered":"<p>Detergent concentrat, puternic parfumat, indicat pentru sp\u0103larea manual\u0103 \u0219i automat\u0103 a tuturor tipurilor de pardoseli, mozaic, gresie, faian\u021b\u0103, ceramic\u0103 etc., l\u0103s\u00e2nd un miros placut, puternic \u0219i persistent.<\/p>","protected":false},"featured_media":5725,"comment_status":"open","ping_status":"closed","template":"","meta":[],"product_cat":[177,209,214],"product_tag":[],"class_list":{"0":"post-6244","1":"product","2":"type-product","3":"status-publish","4":"has-post-thumbnail","6":"product_cat-curatenie-profesionala","7":"product_cat-horeca","8":"product_cat-pardoseli","10":"first","11":"instock","12":"shipping-taxable","13":"purchasable","14":"product-type-simple"},"_links":{"self":[{"href":"https:\/\/klin.managementpro.ro\/en\/wp-json\/wp\/v2\/product\/6244","targetHints":{"allow":["GET"]}}],"collection":[{"href":"https:\/\/klin.managementpro.ro\/en\/wp-json\/wp\/v2\/product"}],"about":[{"href":"https:\/\/klin.managementpro.ro\/en\/wp-json\/wp\/v2\/types\/product"}],"replies":[{"embeddable":true,"href":"https:\/\/klin.managementpro.ro\/en\/wp-json\/wp\/v2\/comments?post=6244"}],"wp:featuredmedia":[{"embeddable":true,"href":"https:\/\/klin.managementpro.ro\/en\/wp-json\/wp\/v2\/media\/5725"}],"wp:attachment":[{"href":"https:\/\/klin.managementpro.ro\/en\/wp-json\/wp\/v2\/media?parent=6244"}],"wp:term":[{"taxonomy":"product_cat","embeddable":true,"href":"https:\/\/klin.managementpro.ro\/en\/wp-json\/wp\/v2\/product_cat?post=6244"},{"taxonomy":"product_tag","embeddable":true,"href":"https:\/\/klin.managementpro.ro\/en\/wp-json\/wp\/v2\/product_tag?post=6244"}],"curies":[{"name":"wp","href":"https:\/\/api.w.org\/{rel}","templated":true}]}}