{"id":6245,"date":"2024-07-23T16:47:14","date_gmt":"2024-07-23T16:47:14","guid":{"rendered":"https:\/\/klin.managementpro.ro\/?post_type=product&#038;p=6245"},"modified":"2024-07-23T16:47:19","modified_gmt":"2024-07-23T16:47:19","slug":"detergent-profesional-concentrat-pentru-parchet-intretinerea-suprafetelor-din-lemn-1-litru","status":"publish","type":"product","link":"https:\/\/klin.managementpro.ro\/en\/product\/detergent-profesional-concentrat-pentru-parchet-intretinerea-suprafetelor-din-lemn-1-litru\/","title":{"rendered":"Detergent PROFESIONAL concentrat pentru parchet &#8211; intre\u021binerea suprafe\u021belor din lemn, 1 litru"},"content":{"rendered":"<p>Detergent odorizant cu spumare controlat\u0103 pentru \u00eentre\u021binerea \u0219i cur\u0103\u021barea tuturor pardoselilor \u00een special din lemn sau pal. Ofer\u0103 un luciu de excep\u021bie datorit\u0103 materiilor prime special \u00eencorporate. Detergent special conceput pentru \u00eendep\u0103rtarea eficient\u0103 a murd\u0103riei de pe parchet. Confer\u0103 luciu \u0219i formeaz\u0103 o pelicul\u0103 protectoare \u00eempotriva umezelii \u0219i a petelor. Descompune sursele de mirosuri nepl\u0103cute, intensific\u00e2nd efectul parfumului proaspat, contribuind la \u00eemprosp\u0103tarea ambientului. Se utilizeaz\u0103 at\u00e2t manual c\u00e2t \u0219i automat.<\/p>\n<p>Compozi\u021bie: \u00cen acord cu recomand\u0103rile 648\/2004 EEC : ap\u0103, solven\u021bi &lt;10%, surfactant anionic &lt; 3%, surfactant amfoteric &lt;2%, surfactant neionici &lt;2%, emulsie siliconic\u0103, conservant, parfum (Citronellol, Limonene, Linalool ). EUH208: Con\u021bine mas\u0103 de reac\u021bie compus\u0103 din : 5-cloro-2-metil- 2H -izotiazol-3- ona si 2-metil-2H- izotiazol-3-ona (3:1). Poate provoca o reac\u021bie alergic\u0103.<br \/>\nInstruc\u021biuni de utilizare: Se poate utiliza manual prin dozarea produsului \u00eentr-o g\u0103leat\u0103 \u0219i se cur\u0103\u021b\u0103 cu mopul sau cu ma\u0219ini automate prin dozarea produsului \u00een rezervorul ma\u0219inii umplut \u00een prealabil cu ap\u0103. Se utilizeaz\u0103 50-200 ml la 10 L de ap\u0103, \u00een func\u021bie de gradul de murd\u0103rie. Nu necesit\u0103 cl\u0103tire.<\/p>\n<p>Safety instructions: As per product safety data sheet.<\/p>","protected":false},"excerpt":{"rendered":"<p>Detergent odorizant cu spumare controlat\u0103 pentru \u00eentre\u021binerea \u0219i cur\u0103\u021barea tuturor pardoselilor \u00een special din lemn sau pal.<\/p>","protected":false},"featured_media":5726,"comment_status":"open","ping_status":"closed","template":"","meta":[],"product_cat":[177,209,214],"product_tag":[],"class_list":{"0":"post-6245","1":"product","2":"type-product","3":"status-publish","4":"has-post-thumbnail","6":"product_cat-curatenie-profesionala","7":"product_cat-horeca","8":"product_cat-pardoseli","10":"first","11":"instock","12":"shipping-taxable","13":"purchasable","14":"product-type-simple"},"_links":{"self":[{"href":"https:\/\/klin.managementpro.ro\/en\/wp-json\/wp\/v2\/product\/6245","targetHints":{"allow":["GET"]}}],"collection":[{"href":"https:\/\/klin.managementpro.ro\/en\/wp-json\/wp\/v2\/product"}],"about":[{"href":"https:\/\/klin.managementpro.ro\/en\/wp-json\/wp\/v2\/types\/product"}],"replies":[{"embeddable":true,"href":"https:\/\/klin.managementpro.ro\/en\/wp-json\/wp\/v2\/comments?post=6245"}],"wp:featuredmedia":[{"embeddable":true,"href":"https:\/\/klin.managementpro.ro\/en\/wp-json\/wp\/v2\/media\/5726"}],"wp:attachment":[{"href":"https:\/\/klin.managementpro.ro\/en\/wp-json\/wp\/v2\/media?parent=6245"}],"wp:term":[{"taxonomy":"product_cat","embeddable":true,"href":"https:\/\/klin.managementpro.ro\/en\/wp-json\/wp\/v2\/product_cat?post=6245"},{"taxonomy":"product_tag","embeddable":true,"href":"https:\/\/klin.managementpro.ro\/en\/wp-json\/wp\/v2\/product_tag?post=6245"}],"curies":[{"name":"wp","href":"https:\/\/api.w.org\/{rel}","templated":true}]}}