{"id":6246,"date":"2024-07-23T16:47:14","date_gmt":"2024-07-23T16:47:14","guid":{"rendered":"https:\/\/klin.managementpro.ro\/?post_type=product&#038;p=6246"},"modified":"2024-07-23T16:47:19","modified_gmt":"2024-07-23T16:47:19","slug":"degresant-profesional-concentrat-pentru-pardoseli-1-litru","status":"publish","type":"product","link":"https:\/\/klin.managementpro.ro\/en\/product\/degresant-profesional-concentrat-pentru-pardoseli-1-litru\/","title":{"rendered":"Degreaser PROFESSIONAL concentrated for floors, 1 liter"},"content":{"rendered":"<p>Detergent profesional concentrat pentru degresarea \u0219i cur\u0103\u021barea zilnic\u0103 a suprafe\u021belor dure, rezistente la ap\u0103. Este recomandat pentru atelierele de lucru \u0219i zonele industriale. Poate fi folosit \u00een industria alimentar\u0103 \u0219i \u00een buc\u0103t\u0103rii. Dizolv\u0103 uleiurile grele, gr\u0103simile, proteinele. \u00cenl\u0103tura rapid orice urm\u0103 de mizerie inclusiv ceara veche de pe suprafe\u021bele ceruite. Se utilizeaz\u0103 at\u00e2t manual c\u00e2t \u0219i cu ma\u0219ina de profil. Produs f\u0103r\u0103 miros. Se poate utiliza \u00een cur\u0103\u021benia dup\u0103 incendiu. Asigur\u0103 o cur\u0103\u021bare \u0219i degresare \u00een profunzime, fara a afecta suprafa\u021ba \u0219i f\u0103r\u0103 a l\u0103sa suprafa\u021ba alunecoas\u0103. Pentru utilizare \u00een ateliere \u0219i aplica\u021bii industriale; pardoseli \u0219i suprafe\u021be rezistente la alcalin; refacerea daunelor provocate de incendiu. Decapant profesional cu ac\u021bionare rapid\u0103 \u00een profunzime pentru toate pardoselile.<\/p>\n<p>Compozi\u021bie: \u00cen acord cu recomand\u0103rile 648\/2004 EEC : ap\u0103, solven\u021bi &lt;10%, surfactant anionic &lt; 3%, hidroxid de sodiu &lt;3%, metasilicat de sodiu &lt; 1%, 2-aminoetanol &lt;1%, antispumant, inhibitor de coroziune.<\/p>\n<p>Instruc\u021biuni de utilizare: Se poate utiliza manual prin dozarea produsului \u00eentr-o galeat\u0103 \u0219i se sterge cu mopul sau cu ma\u0219ini automate prin dozarea produsului \u00een rezervorul ma\u0219inii umplut \u00een prealabil cu ap\u0103. Se utilizeaz\u0103 50-200 ml la 10 L de ap\u0103. Nu necesit\u0103 clatire.<\/p>\n<p>Safety instructions: As per product safety data sheet.<\/p>","protected":false},"excerpt":{"rendered":"<p>Detergent profesional concentrat pentru degresarea \u0219i cur\u0103\u021barea zilnic\u0103 a suprafe\u021belor dure, rezistente la ap\u0103.<\/p>","protected":false},"featured_media":5727,"comment_status":"open","ping_status":"closed","template":"","meta":[],"product_cat":[177,209,214],"product_tag":[],"class_list":{"0":"post-6246","1":"product","2":"type-product","3":"status-publish","4":"has-post-thumbnail","6":"product_cat-curatenie-profesionala","7":"product_cat-horeca","8":"product_cat-pardoseli","10":"first","11":"instock","12":"shipping-taxable","13":"purchasable","14":"product-type-simple"},"_links":{"self":[{"href":"https:\/\/klin.managementpro.ro\/en\/wp-json\/wp\/v2\/product\/6246","targetHints":{"allow":["GET"]}}],"collection":[{"href":"https:\/\/klin.managementpro.ro\/en\/wp-json\/wp\/v2\/product"}],"about":[{"href":"https:\/\/klin.managementpro.ro\/en\/wp-json\/wp\/v2\/types\/product"}],"replies":[{"embeddable":true,"href":"https:\/\/klin.managementpro.ro\/en\/wp-json\/wp\/v2\/comments?post=6246"}],"wp:featuredmedia":[{"embeddable":true,"href":"https:\/\/klin.managementpro.ro\/en\/wp-json\/wp\/v2\/media\/5727"}],"wp:attachment":[{"href":"https:\/\/klin.managementpro.ro\/en\/wp-json\/wp\/v2\/media?parent=6246"}],"wp:term":[{"taxonomy":"product_cat","embeddable":true,"href":"https:\/\/klin.managementpro.ro\/en\/wp-json\/wp\/v2\/product_cat?post=6246"},{"taxonomy":"product_tag","embeddable":true,"href":"https:\/\/klin.managementpro.ro\/en\/wp-json\/wp\/v2\/product_tag?post=6246"}],"curies":[{"name":"wp","href":"https:\/\/api.w.org\/{rel}","templated":true}]}}