{"id":6249,"date":"2024-07-23T16:47:14","date_gmt":"2024-07-23T16:47:14","guid":{"rendered":"https:\/\/klin.managementpro.ro\/?post_type=product&#038;p=6249"},"modified":"2024-07-23T16:47:19","modified_gmt":"2024-07-23T16:47:19","slug":"detartrant-profesional-wc-1-litru","status":"publish","type":"product","link":"https:\/\/klin.managementpro.ro\/en\/product\/detartrant-profesional-wc-1-litru\/","title":{"rendered":"Detartrant PROFESIONAL WC, 1 litru"},"content":{"rendered":"<p>Produs care hidrolizeaz\u0103 \u0219i dizolv\u0103 depunerile at\u00e2t minerale, c\u00e2t \u0219i organice. Produs lichid concentrat acid pentru \u00eendep\u0103rtarea tuturor tipurilor de depuneri de rugin\u0103, piatr\u0103, ciment sau alte tipuri de mizerie de pe suprafe\u021bele rezistente la acid inclusiv vasele de WC \u0219i urinalele rezistente la acizi. Nu se aplic\u0103 pe suprafe\u021bele din inox.<br \/>\nA nu se utiliza pe marmur\u0103 sau granit.<\/p>\n<p>Compozi\u021bie: \u00cen acord cu recomand\u0103rile 648\/2004 EEC: ap\u0103, acid anorganic &lt;15%, surfactant neionic &lt;5%, inhibitor de coroziune, parfum (Limonene).<\/p>\n<p>Instruc\u021biuni de utilizare: Se aplic\u0103 nediluat sau diluat \u00een func\u021bie de gravitatea depunerilor sau de vechimea lor, \u00eentr-o pelicul\u0103 sub\u021bire \u0219i se las\u0103 s\u0103 ac\u021bioneze cca. 5-7 minute, dup\u021b care se cl\u021bte\u0219te abundent.<br \/>\nCur\u0103\u021bare de \u00eentre\u021binere: 0.5-10%<br \/>\nCur\u0103\u021bare de baz\u0103: Nediluat<\/p>\n<p>Safety instructions: As per product safety data sheet.<\/p>","protected":false},"excerpt":{"rendered":"<p>Produs care hidrolizeaz\u0103 \u0219i dizolv\u0103 depunerile at\u00e2t minerale, c\u00e2t \u0219i organice. Produs lichid concentrat acid pentru \u00eendep\u0103rtarea tuturor tipurilor de depuneri de rugin\u0103, piatr\u0103, ciment sau alte tipuri de mizerie de pe suprafe\u021bele rezistente la acid inclusiv vasele de WC \u0219i urinalele rezistente la acizi.<\/p>","protected":false},"featured_media":5752,"comment_status":"open","ping_status":"closed","template":"","meta":[],"product_cat":[215,177,209],"product_tag":[],"class_list":{"0":"post-6249","1":"product","2":"type-product","3":"status-publish","4":"has-post-thumbnail","6":"product_cat-baie-horeca","7":"product_cat-curatenie-profesionala","8":"product_cat-horeca","10":"first","11":"instock","12":"shipping-taxable","13":"purchasable","14":"product-type-simple"},"_links":{"self":[{"href":"https:\/\/klin.managementpro.ro\/en\/wp-json\/wp\/v2\/product\/6249","targetHints":{"allow":["GET"]}}],"collection":[{"href":"https:\/\/klin.managementpro.ro\/en\/wp-json\/wp\/v2\/product"}],"about":[{"href":"https:\/\/klin.managementpro.ro\/en\/wp-json\/wp\/v2\/types\/product"}],"replies":[{"embeddable":true,"href":"https:\/\/klin.managementpro.ro\/en\/wp-json\/wp\/v2\/comments?post=6249"}],"wp:featuredmedia":[{"embeddable":true,"href":"https:\/\/klin.managementpro.ro\/en\/wp-json\/wp\/v2\/media\/5752"}],"wp:attachment":[{"href":"https:\/\/klin.managementpro.ro\/en\/wp-json\/wp\/v2\/media?parent=6249"}],"wp:term":[{"taxonomy":"product_cat","embeddable":true,"href":"https:\/\/klin.managementpro.ro\/en\/wp-json\/wp\/v2\/product_cat?post=6249"},{"taxonomy":"product_tag","embeddable":true,"href":"https:\/\/klin.managementpro.ro\/en\/wp-json\/wp\/v2\/product_tag?post=6249"}],"curies":[{"name":"wp","href":"https:\/\/api.w.org\/{rel}","templated":true}]}}