{"id":6251,"date":"2024-07-23T16:47:14","date_gmt":"2024-07-23T16:47:14","guid":{"rendered":"https:\/\/klin.managementpro.ro\/?post_type=product&#038;p=6251"},"modified":"2024-07-23T16:47:20","modified_gmt":"2024-07-23T16:47:20","slug":"pastile-pisoar-odorizante-profesionale-30-buc","status":"publish","type":"product","link":"https:\/\/klin.managementpro.ro\/en\/product\/pastile-pisoar-odorizante-profesionale-30-buc\/","title":{"rendered":"Pastile pisoar odorizante PROFESIONALE, 30 buc."},"content":{"rendered":"<p>Pastile pisoar odorizante pentru vasul de pisoar. Potrivit pentru odorizarea toaletei \u0219i neutralizarea mirosurilor nepl\u0103cute. Substan\u021bele active din compozi\u021bie sunt prietenoase cu mediul, distrug resturile organice \u0219i depunerile de urin\u0103 din pisoare reduc\u00e2nd p\u00e2n\u0103 la eliminare mirosurile nepl\u0103cute.<\/p>\n<p>Compozi\u021bie: \u00cen acord cu recomand\u0103rile 648\/2004 EEC: s\u0103pun &lt;15%, clorur\u0103 de sodiu &lt;10%, surfactant anionic &lt;3%, parfum (D-Limonen).<\/p>\n<p>Instruc\u021biuni de utilizare: Se aplic\u0103 \u00een bazinul de pisoar o pastila de 15 g.<\/p>\n<p>Safety instructions: As per product safety data sheet.<\/p>","protected":false},"excerpt":{"rendered":"<p>Pastile pisoar odorizante pentru vasul de pisoar. Potrivit pentru odorizarea toaletei \u0219i neutralizarea mirosurilor nepl\u0103cute.<\/p>","protected":false},"featured_media":5754,"comment_status":"open","ping_status":"closed","template":"","meta":[],"product_cat":[215,177,209],"product_tag":[],"class_list":{"0":"post-6251","1":"product","2":"type-product","3":"status-publish","4":"has-post-thumbnail","6":"product_cat-baie-horeca","7":"product_cat-curatenie-profesionala","8":"product_cat-horeca","10":"first","11":"outofstock","12":"shipping-taxable","13":"purchasable","14":"product-type-simple"},"_links":{"self":[{"href":"https:\/\/klin.managementpro.ro\/en\/wp-json\/wp\/v2\/product\/6251","targetHints":{"allow":["GET"]}}],"collection":[{"href":"https:\/\/klin.managementpro.ro\/en\/wp-json\/wp\/v2\/product"}],"about":[{"href":"https:\/\/klin.managementpro.ro\/en\/wp-json\/wp\/v2\/types\/product"}],"replies":[{"embeddable":true,"href":"https:\/\/klin.managementpro.ro\/en\/wp-json\/wp\/v2\/comments?post=6251"}],"wp:featuredmedia":[{"embeddable":true,"href":"https:\/\/klin.managementpro.ro\/en\/wp-json\/wp\/v2\/media\/5754"}],"wp:attachment":[{"href":"https:\/\/klin.managementpro.ro\/en\/wp-json\/wp\/v2\/media?parent=6251"}],"wp:term":[{"taxonomy":"product_cat","embeddable":true,"href":"https:\/\/klin.managementpro.ro\/en\/wp-json\/wp\/v2\/product_cat?post=6251"},{"taxonomy":"product_tag","embeddable":true,"href":"https:\/\/klin.managementpro.ro\/en\/wp-json\/wp\/v2\/product_tag?post=6251"}],"curies":[{"name":"wp","href":"https:\/\/api.w.org\/{rel}","templated":true}]}}