{"id":6252,"date":"2024-07-23T16:47:14","date_gmt":"2024-07-23T16:47:14","guid":{"rendered":"https:\/\/klin.managementpro.ro\/?post_type=product&#038;p=6252"},"modified":"2024-07-23T16:47:20","modified_gmt":"2024-07-23T16:47:20","slug":"solutie-profesionala-pentru-lemn-si-mobila-500-ml","status":"publish","type":"product","link":"https:\/\/klin.managementpro.ro\/en\/product\/solutie-profesionala-pentru-lemn-si-mobila-500-ml\/","title":{"rendered":"Solu\u021bie PROFESIONAL\u0102 pentru lemn si mobil\u0103, 500 ml"},"content":{"rendered":"<p>Produs economic, special creat pentru \u00eentre\u021binerea suprafe\u021belor din lemn, pal, plastic, inclusiv sticl\u0103. Produs parfumat cu aplicare manual\u0103. Solu\u021bie pentru \u00eendep\u0103rtarea eficient\u0103 a murd\u0103riei de pe mobil\u0103 \u0219i a suprafe\u021belor din lemn sau laminate. Solu\u021bie gata de utilizare, pentru o utilizare rapid\u0103 \u0219i \u00eentre\u021binerea u\u0219oara a lemnului \u0219i a suprafe\u021belor dure laminate (de exemplu, mobilier, u\u0219i). Cur\u0103\u021b\u0103 \u00een profunzime protej\u00e2nd aspectul original. \u00cendep\u0103rteaz\u0103 murd\u0103ria, petele \u0219i amprentele, oferind efect antistatic \u0219i protec\u021bie \u00eempotriva murd\u0103riei.<\/p>\n<p>Compozi\u021bie: \u00cen acord cu recomand\u0103rile 648\/2004 EEC : ap\u0103, solvent &lt; 10%, surfactant anionic &lt;4%, surfactant amfoteric &lt;3%, emulsie siliconica &lt; 1%, conservant, parfum.<br \/>\nEUH208: Con\u021bine mas\u0103 de reac\u021bie compus\u0103 din : 5-cloro-2-metil-2H-izotiazol-3-ona si 2-metil-2H-izotiazol-3-ona (3:1). Poate provoca o reac\u021bie alergic\u0103.<\/p>\n<p>Instruc\u021biuni de utilizare: Se aplic\u0103 ca atare prin pulverizare dup\u0103<br \/>\ncare se \u0219terge cu o lavet\u0103 uscat\u0103.<\/p>\n<p>Safety instructions: As per product safety data sheet.<\/p>","protected":false},"excerpt":{"rendered":"<p>Produs economic, special creat pentru \u00eentre\u021binerea suprafe\u021belor din lemn, pal, plastic, inclusiv sticl\u0103. Produs parfumat cu aplicare manual\u0103. Solu\u021bie pentru \u00eendep\u0103rtarea eficient\u0103 a murd\u0103riei de pe mobil\u0103 \u0219i a suprafe\u021belor din lemn sau laminate. Solu\u021bie gata de utilizare, pentru o utilizare rapid\u0103 \u0219i \u00eentre\u021binerea u\u0219oara a lemnului \u0219i a suprafe\u021belor dure laminate (de exemplu, mobilier, [&hellip;]<\/p>","protected":false},"featured_media":5755,"comment_status":"open","ping_status":"closed","template":"","meta":[],"product_cat":[177,209,216],"product_tag":[],"class_list":{"0":"post-6252","1":"product","2":"type-product","3":"status-publish","4":"has-post-thumbnail","6":"product_cat-curatenie-profesionala","7":"product_cat-horeca","8":"product_cat-mobila-geamuri","10":"first","11":"instock","12":"shipping-taxable","13":"purchasable","14":"product-type-simple"},"_links":{"self":[{"href":"https:\/\/klin.managementpro.ro\/en\/wp-json\/wp\/v2\/product\/6252","targetHints":{"allow":["GET"]}}],"collection":[{"href":"https:\/\/klin.managementpro.ro\/en\/wp-json\/wp\/v2\/product"}],"about":[{"href":"https:\/\/klin.managementpro.ro\/en\/wp-json\/wp\/v2\/types\/product"}],"replies":[{"embeddable":true,"href":"https:\/\/klin.managementpro.ro\/en\/wp-json\/wp\/v2\/comments?post=6252"}],"wp:featuredmedia":[{"embeddable":true,"href":"https:\/\/klin.managementpro.ro\/en\/wp-json\/wp\/v2\/media\/5755"}],"wp:attachment":[{"href":"https:\/\/klin.managementpro.ro\/en\/wp-json\/wp\/v2\/media?parent=6252"}],"wp:term":[{"taxonomy":"product_cat","embeddable":true,"href":"https:\/\/klin.managementpro.ro\/en\/wp-json\/wp\/v2\/product_cat?post=6252"},{"taxonomy":"product_tag","embeddable":true,"href":"https:\/\/klin.managementpro.ro\/en\/wp-json\/wp\/v2\/product_tag?post=6252"}],"curies":[{"name":"wp","href":"https:\/\/api.w.org\/{rel}","templated":true}]}}