{"id":6254,"date":"2024-07-23T16:47:21","date_gmt":"2024-07-23T16:47:21","guid":{"rendered":"https:\/\/klin.managementpro.ro\/?post_type=product&#038;p=6254"},"modified":"2024-07-23T16:47:22","modified_gmt":"2024-07-23T16:47:22","slug":"klinglass-concentrat-solutie-profesionala-pentru-curatare-geamuri-1-litru","status":"publish","type":"product","link":"https:\/\/klin.managementpro.ro\/en\/product\/klinglass-concentrat-solutie-profesionala-pentru-curatare-geamuri-1-litru\/","title":{"rendered":"Klinglass concentrat, solu\u021bie PROFESIONAL\u0102 pentru cur\u0103\u021bare geamuri, 1 litru"},"content":{"rendered":"<p>Detergent de geamuri concentrat cu efect de anti-murd\u0103rire folosit la cur\u0103\u021barea sticlei, a geamurilor, a cadrelor de ferestre, a suprafe\u021belor din resopal ( panou laminat) \u0219i a geamurilor de ma\u0219ini. Este ideal pentru a \u0219terge murd\u0103ria cauzat\u0103 de insecte. Are o performan\u021b\u0103 bun\u0103 de cur\u0103\u021bare \u0219i previne murd\u0103rirea ulterioar\u0103 rapid. Nu produce mult\u0103 spum\u0103, are un rezultat foarte bun dac\u0103 este folosit cu racleta. Se usuc\u0103 rapid \u0219i f\u0103r\u0103 urme. Ofer\u0103 avantajul unei aderen\u021be mai bune pe suprafe\u021be,<br \/>\nac\u021bion\u00e2nd eficient asupra petelor rezistente.<\/p>\n<p>Compozi\u021bie: \u00cen acord cu recomandarile 648\/2004 EEC: ap\u0103, solven\u021bi &lt; 10%, surfactan\u021bi anionici &lt; 3%, citrat de sodiu, conservant, amoniac, colorant, parfum(Limonene).<br \/>\nEUH208: Con\u021bine mas\u0103 de reac\u021bie compus\u0103 din: 5-cloro-2-metil-2H -izotiazol -3-ona \u0219i 2- metil- H-izotiazol-3-ona (3:1). Poate provoca o reac\u021bie alergic\u0103.<\/p>\n<p>Instruc\u021biuni de utilizare: Solu\u021bia ob\u021binut\u0103 \u00een urma dilu\u021biei se<br \/>\nfolose\u0219te prin pulverizare pe suprafa\u021ba ce se dore\u0219te sa fie cur\u0103\u021bat\u0103 \u0219i se \u0219terge cu o lavet\u0103 curat\u0103, din bumbac sau microfibr\u0103. Pentru rutina zilnic\u0103 de cur\u0103\u021benie se recomand\u0103 utilizarea a 10 &#8211; 60 ml produs la 1 L ap\u0103. Dozajul poate s\u0103 creasc\u0103 \u00een func\u021bie de gradul de murd\u0103rie.<\/p>\n<p>Safety instructions: As per product safety data sheet.<\/p>","protected":false},"excerpt":{"rendered":"<p>Detergent de geamuri concentrat cu efect de anti-murd\u0103rire folosit la cur\u0103\u021barea sticlei, a geamurilor, a cadrelor de ferestre, a suprafe\u021belor din resopal ( panou laminat) \u0219i a geamurilor de ma\u0219ini.<\/p>","protected":false},"featured_media":5757,"comment_status":"open","ping_status":"closed","template":"","meta":[],"product_cat":[177,209,216],"product_tag":[],"class_list":{"0":"post-6254","1":"product","2":"type-product","3":"status-publish","4":"has-post-thumbnail","6":"product_cat-curatenie-profesionala","7":"product_cat-horeca","8":"product_cat-mobila-geamuri","10":"first","11":"instock","12":"shipping-taxable","13":"purchasable","14":"product-type-simple"},"_links":{"self":[{"href":"https:\/\/klin.managementpro.ro\/en\/wp-json\/wp\/v2\/product\/6254","targetHints":{"allow":["GET"]}}],"collection":[{"href":"https:\/\/klin.managementpro.ro\/en\/wp-json\/wp\/v2\/product"}],"about":[{"href":"https:\/\/klin.managementpro.ro\/en\/wp-json\/wp\/v2\/types\/product"}],"replies":[{"embeddable":true,"href":"https:\/\/klin.managementpro.ro\/en\/wp-json\/wp\/v2\/comments?post=6254"}],"wp:featuredmedia":[{"embeddable":true,"href":"https:\/\/klin.managementpro.ro\/en\/wp-json\/wp\/v2\/media\/5757"}],"wp:attachment":[{"href":"https:\/\/klin.managementpro.ro\/en\/wp-json\/wp\/v2\/media?parent=6254"}],"wp:term":[{"taxonomy":"product_cat","embeddable":true,"href":"https:\/\/klin.managementpro.ro\/en\/wp-json\/wp\/v2\/product_cat?post=6254"},{"taxonomy":"product_tag","embeddable":true,"href":"https:\/\/klin.managementpro.ro\/en\/wp-json\/wp\/v2\/product_tag?post=6254"}],"curies":[{"name":"wp","href":"https:\/\/api.w.org\/{rel}","templated":true}]}}