{"id":6255,"date":"2024-07-23T16:47:21","date_gmt":"2024-07-23T16:47:21","guid":{"rendered":"https:\/\/klin.managementpro.ro\/?post_type=product&#038;p=6255"},"modified":"2024-07-23T16:47:23","modified_gmt":"2024-07-23T16:47:23","slug":"klinglass-rtu-solutie-profesionala-pentru-curatare-geamuri-500-ml","status":"publish","type":"product","link":"https:\/\/klin.managementpro.ro\/en\/product\/klinglass-rtu-solutie-profesionala-pentru-curatare-geamuri-500-ml\/","title":{"rendered":"Klinglass RTU solu\u021bie PROFESIONAL\u0102 pentru cur\u0103\u021bare geamuri, 500 ml"},"content":{"rendered":"<p>Klinglass RTU:<br \/>\n\u2022 Solu\u021bia ideal\u0103 pentru orice suprafa\u021b\u0103 din sticl\u0103<br \/>\n\u2022 Combate formarea condensului pe sticl\u0103 men\u021bin\u00e2nd-o str\u0103lucitoare mai mult timp.<\/p>\n<p>Indica\u021bii de utilizare: Asigur\u0103 o cur\u0103\u021benie de durat\u0103, f\u0103r\u0103 pete sau urme, \u0219i este, \u00een special, adecvat pentru suprafe\u021bele din sticl\u0103, respectiv oglinzi.<\/p>\n<p>Mod de utilizare: Produsul se utilizeaz\u0103 ca atare \u0219i se pulverizeaz\u0103 uniform pe \u00eentreaga suprafa\u021b\u0103 a sticlei pentru a asigura o capacitate excelent\u0103 de cur\u0103\u021bare. Se aplic\u0103 o cantitate suficient\u0103 de produs pentru a solubiliza depunerile de murd\u0103rie de pe suprafe\u021be. Se las\u0103 sa ac\u021bioneze 30-60 de secunde.<br \/>\nCura\u021barea se realizeaz\u0103 prin tehnica \u0219tergerii suprafe\u021belor cu o lavet\u0103 textil\u0103 uscat\u0103 \u0219i curat\u0103. \u0218terge\u021bi suprafa\u021ba cu un material textil moale, ce nu las\u0103 scame. Nu necesit\u0103 cl\u0103tire. Acest produs de cur\u0103\u021bare versatil este de asemenea, compatibil cu majoritatea materialelor precum: o\u021bel inoxidabil, metale cromate\/ vopsite, cupru,<br \/>\naluminiu, zinc, sticl\u0103, plastic, cauciuc\/ silicon, lemn natural sau acoperit.<br \/>\nFara solven\u021bi nocivi sau abrazivi.<\/p>\n<p>Ingrediente: ap\u0103 demineralizat\u0103, solu\u021bie amoniacal\u0103, &lt;5% surfactan\u021bi non-ionici, alcool izopropilic, degresan\u021bi, agen\u021bi de chelatizare, colorant.<\/p>\n<p>Categorie de utilizare: popula\u021bie.<\/p>","protected":false},"excerpt":{"rendered":"<p>Klinglass RTU:<br \/>\n\u2022 Solu\u021bia ideal\u0103 pentru orice suprafa\u021b\u0103 din sticl\u0103.<br \/>\n\u2022 Combate formarea condensului pe sticl\u0103 men\u021bin\u00e2nd-o str\u0103lucitoare mai mult timp.<\/p>","protected":false},"featured_media":5758,"comment_status":"open","ping_status":"closed","template":"","meta":[],"product_cat":[177,209,216],"product_tag":[],"class_list":{"0":"post-6255","1":"product","2":"type-product","3":"status-publish","4":"has-post-thumbnail","6":"product_cat-curatenie-profesionala","7":"product_cat-horeca","8":"product_cat-mobila-geamuri","10":"first","11":"instock","12":"shipping-taxable","13":"purchasable","14":"product-type-simple"},"_links":{"self":[{"href":"https:\/\/klin.managementpro.ro\/en\/wp-json\/wp\/v2\/product\/6255","targetHints":{"allow":["GET"]}}],"collection":[{"href":"https:\/\/klin.managementpro.ro\/en\/wp-json\/wp\/v2\/product"}],"about":[{"href":"https:\/\/klin.managementpro.ro\/en\/wp-json\/wp\/v2\/types\/product"}],"replies":[{"embeddable":true,"href":"https:\/\/klin.managementpro.ro\/en\/wp-json\/wp\/v2\/comments?post=6255"}],"wp:featuredmedia":[{"embeddable":true,"href":"https:\/\/klin.managementpro.ro\/en\/wp-json\/wp\/v2\/media\/5758"}],"wp:attachment":[{"href":"https:\/\/klin.managementpro.ro\/en\/wp-json\/wp\/v2\/media?parent=6255"}],"wp:term":[{"taxonomy":"product_cat","embeddable":true,"href":"https:\/\/klin.managementpro.ro\/en\/wp-json\/wp\/v2\/product_cat?post=6255"},{"taxonomy":"product_tag","embeddable":true,"href":"https:\/\/klin.managementpro.ro\/en\/wp-json\/wp\/v2\/product_tag?post=6255"}],"curies":[{"name":"wp","href":"https:\/\/api.w.org\/{rel}","templated":true}]}}