{"id":6258,"date":"2024-07-23T16:47:21","date_gmt":"2024-07-23T16:47:21","guid":{"rendered":"https:\/\/klin.managementpro.ro\/?post_type=product&#038;p=6258"},"modified":"2024-07-23T16:47:23","modified_gmt":"2024-07-23T16:47:23","slug":"sapun-lichid-profesional-spuma-500-ml","status":"publish","type":"product","link":"https:\/\/klin.managementpro.ro\/en\/product\/sapun-lichid-profesional-spuma-500-ml\/","title":{"rendered":"Sapun lichid PROFESIONAL spuma, 500 ml"},"content":{"rendered":"<p>S\u0103pun lichid spum\u0103 pentru m\u00e2ini, cu formul\u0103 sigur\u0103 \u0219i eficient\u0103 \u00eempotriva murd\u0103riei. Formula concentrat\u0103, las\u0103 pielea hidratat\u0103 \u0219i catifelat\u0103 dup\u0103 utilizare, deoarece este \u00eemboga\u021bit cu glicerin\u0103 \u0219i aloe vera. Ofer\u0103 o spum\u0103 foarte bogat\u0103. Produs u\u0219or parfumat.<br \/>\nIngrediente : Aqua, Dodecylbenzene Sulfonic Acid, C12-14 Pareth-7, Sodium C14-16 Olefin Sulfonate, Sodium Laureth Sulfate, Cocamidopropyl BetaineCocamide Dea, Diethanolamine, Glycerine, Aloe vera barbadensis leaf extract, Sodium Chloride, 2-Phenoxyethanol, Ethylhexylglycerin, Parfum, Linalool.<\/p>","protected":false},"excerpt":{"rendered":"<p><strong>Soap<\/strong> lichid<strong> spum\u0103<\/strong> pentru m\u00e2ini, u\u0219or parfumat, cu formul\u0103 sigur\u0103 \u0219i eficient\u0103 \u00eempotriva murd\u0103riei.<\/p>","protected":false},"featured_media":5761,"comment_status":"open","ping_status":"closed","template":"","meta":[],"product_cat":[177,209,218],"product_tag":[],"class_list":{"0":"post-6258","1":"product","2":"type-product","3":"status-publish","4":"has-post-thumbnail","6":"product_cat-curatenie-profesionala","7":"product_cat-horeca","8":"product_cat-igiena-maini","10":"first","11":"instock","12":"shipping-taxable","13":"purchasable","14":"product-type-simple"},"_links":{"self":[{"href":"https:\/\/klin.managementpro.ro\/en\/wp-json\/wp\/v2\/product\/6258","targetHints":{"allow":["GET"]}}],"collection":[{"href":"https:\/\/klin.managementpro.ro\/en\/wp-json\/wp\/v2\/product"}],"about":[{"href":"https:\/\/klin.managementpro.ro\/en\/wp-json\/wp\/v2\/types\/product"}],"replies":[{"embeddable":true,"href":"https:\/\/klin.managementpro.ro\/en\/wp-json\/wp\/v2\/comments?post=6258"}],"wp:featuredmedia":[{"embeddable":true,"href":"https:\/\/klin.managementpro.ro\/en\/wp-json\/wp\/v2\/media\/5761"}],"wp:attachment":[{"href":"https:\/\/klin.managementpro.ro\/en\/wp-json\/wp\/v2\/media?parent=6258"}],"wp:term":[{"taxonomy":"product_cat","embeddable":true,"href":"https:\/\/klin.managementpro.ro\/en\/wp-json\/wp\/v2\/product_cat?post=6258"},{"taxonomy":"product_tag","embeddable":true,"href":"https:\/\/klin.managementpro.ro\/en\/wp-json\/wp\/v2\/product_tag?post=6258"}],"curies":[{"name":"wp","href":"https:\/\/api.w.org\/{rel}","templated":true}]}}