{"id":6260,"date":"2024-07-23T16:47:21","date_gmt":"2024-07-23T16:47:21","guid":{"rendered":"https:\/\/klin.managementpro.ro\/?post_type=product&#038;p=6260"},"modified":"2024-07-23T16:47:24","modified_gmt":"2024-07-23T16:47:24","slug":"klinall-dezinfectant-pentru-maini-spray-40-ml-cadou-comanda","status":"publish","type":"product","link":"https:\/\/klin.managementpro.ro\/en\/product\/klinall-dezinfectant-pentru-maini-spray-40-ml-cadou-comanda\/","title":{"rendered":"KlinAll\u00ae &#8211; Dezinfectant pentru maini spray, 40 ml (cadou comanda)"},"content":{"rendered":"<p><strong>KlinAll\u00ae<\/strong> este o solu\u021bie hidroalcoolic\u0103 pentru dezinfectarea \u015fi men\u0163inerea igienei \u00een scopul dezinfec\u0163iei m\u00e2inilor prin frecare. Produs testat conform normelor UE \u00een vigoare, care elimin\u0103 germenii \u00een 30 secunde. Are ac\u0163iune rapid\u0103, fiind un produs ideal pentru utiliz\u0103ri frecvente. Substan\u0163ele protectoare \u015fi hidratante pentru piele previn apari\u0163ia zonelor uscate \u015fi senza\u0163ia de piele cr\u0103pat\u0103. Produsul are ac\u021biune biocid\u0103 certificat\u0103.<\/p>\n<p><strong>Product benefits:<\/strong><\/p>\n<ul>\n<li>dezinfectant profesional cu actiune rapida (85% alcool)<\/li>\n<li>actiune virucida si bactericida certificata<\/li>\n<li>efect anti-microbian si proprietati excelente de protectie a pielii<\/li>\n<li>potrivit pentru dezinfectare igienica (30 sec) a mainilor<\/li>\n<li>uscare rapida; nu necesita clatire<\/li>\n<li>fara senzatie lipicioasa pe piele dupa aplicare<\/li>\n<\/ul>\n<p><strong>Main group 1:<\/strong> Disinfectants and biocidal products<\/p>\n<p><strong>Tip de produs TP1:<\/strong> Este un produs biocid destinat igienei umane. Solutie hidroalcoolica pentru dezinfectarea igienica.<\/p>\n<p><strong>User category:<\/strong> industriali, populatie.<\/p>\n<p style=\"text-align: justify;\"><strong>Atentionari:\u00a0<\/strong>A se folosi numai dupa ce au fost citite si intelese instructiunile de utilizare. Este recomandata depozitarea in spatii inchise, curate, bine aerisite, cu temperaturi cuprinse intre + 5 \u00b0C si + 30\u00b0C. Fiecare lot de livrare va fi insotit de documentul de certificare a calitatii, intocmit conform dispozitiilor legale in vigoare, respectiv declaratia de conformitate intocmita pe baza fiselor tehnice, a buletinelor de analiza si a avizului sanitar.<\/p>\n<p><strong>Avizat de Ministerul S\u0103n\u0103t\u0103\u021bii\u00a0sub nr. 4217BIO\/01\/12.24<\/strong><\/p>\n<p>Produc\u0103tor: KLINTENSIV S.R.L<\/p>","protected":false},"excerpt":{"rendered":"<p style=\"text-align: justify;\"><strong>KlinAll\u00ae<\/strong> este o solu\u021bie hidroalcoolic\u0103 pentru dezinfectarea \u015fi men\u0163inerea igienei \u00een scopul dezinfec\u0163iei m\u00e2inilor prin frecare.<\/p>","protected":false},"featured_media":5765,"comment_status":"open","ping_status":"closed","template":"","meta":[],"product_cat":[59],"product_tag":[],"class_list":{"0":"post-6260","1":"product","2":"type-product","3":"status-publish","4":"has-post-thumbnail","6":"product_cat-fara-categorie","8":"first","9":"instock","10":"purchasable","11":"product-type-simple"},"_links":{"self":[{"href":"https:\/\/klin.managementpro.ro\/en\/wp-json\/wp\/v2\/product\/6260","targetHints":{"allow":["GET"]}}],"collection":[{"href":"https:\/\/klin.managementpro.ro\/en\/wp-json\/wp\/v2\/product"}],"about":[{"href":"https:\/\/klin.managementpro.ro\/en\/wp-json\/wp\/v2\/types\/product"}],"replies":[{"embeddable":true,"href":"https:\/\/klin.managementpro.ro\/en\/wp-json\/wp\/v2\/comments?post=6260"}],"wp:featuredmedia":[{"embeddable":true,"href":"https:\/\/klin.managementpro.ro\/en\/wp-json\/wp\/v2\/media\/5765"}],"wp:attachment":[{"href":"https:\/\/klin.managementpro.ro\/en\/wp-json\/wp\/v2\/media?parent=6260"}],"wp:term":[{"taxonomy":"product_cat","embeddable":true,"href":"https:\/\/klin.managementpro.ro\/en\/wp-json\/wp\/v2\/product_cat?post=6260"},{"taxonomy":"product_tag","embeddable":true,"href":"https:\/\/klin.managementpro.ro\/en\/wp-json\/wp\/v2\/product_tag?post=6260"}],"curies":[{"name":"wp","href":"https:\/\/api.w.org\/{rel}","templated":true}]}}