{"id":6262,"date":"2024-07-23T16:47:21","date_gmt":"2024-07-23T16:47:21","guid":{"rendered":"https:\/\/klin.managementpro.ro\/?post_type=product&#038;p=6262"},"modified":"2024-07-23T16:47:24","modified_gmt":"2024-07-23T16:47:24","slug":"multiclin-detergent-profesional-concentrat-cu-amoniac-1-litru","status":"publish","type":"product","link":"https:\/\/klin.managementpro.ro\/en\/product\/multiclin-detergent-profesional-concentrat-cu-amoniac-1-litru\/","title":{"rendered":"MultiClin detergent PROFESIONAL concentrat cu amoniac, 1 litru"},"content":{"rendered":"<p>Detergent cu aplica\u021bii multiple puternic odorizant cu spumare controlat\u0103 pentru \u00eentre\u021binerea, eliminarea petelor \u0219i cur\u0103\u021barea tuturor pardoselilor sau suprafe\u021belor. Asigur\u0103 un luciu de excep\u021bie \u0219i se utilizeaz\u0103 at\u00e2t manual c\u00e2t \u0219i automat cu ma\u0219in\u0103 de profil. Este un detergent special conceput pentru degresarea \u0219i cur\u0103\u021barea suprafe\u021belor. Nu atac\u0103 garniturile de cauciuc, plasticul sau vopseaua de orice natur\u0103. Foarte eficient \u00een \u00eendep\u0103rtarea impurita\u021bilor \u0219i a prafului. Toate suprafe\u021bele<br \/>\nrezistente la ap\u0103, de ex. suprafe\u021be din plastic, suprafe\u021be de sticl\u0103, u\u0219i, rame de ferestre \u0219i \u00eenc\u0103lzitoare; pardoseli rezistente la ap\u0103; materiale rezistente la ap\u0103; poate fi utilizat pe pardoseli din lemn sigilate, pl\u0103ci de siguran\u021ba, pl\u0103ci de gresie por\u021belanat\u0103 \u0219i pl\u0103ci ceramice, alam\u0103, cupru \u0219i majoritatea suprafe\u021belor din plastic.<\/p>\n<p>Compozi\u021bie: \u00cen acord cu recomandarile 648\/2004 EEC: ap\u0103, solven\u021bi &lt;10%, surfactan\u021bi neionici \u0219i anionici &lt;3%, fosfonat &lt;0.5%, amoniac, parfum (Benzyl alchool, Cumarine).<\/p>\n<p>Instruc\u021biuni de utilizare: Se poate utiliza diluat sau nediluat \u00een func\u021bie de gradul de murd\u0103rie. Pentru dilu\u021bie utiliza\u021bi recipiente gradate sau pompe de dozaj.<\/p>\n<p>Cura\u021benie zilnic\u0103: 50-200 ml la 10 L ap\u0103.<\/p>\n<p>Cura\u021barea prin pulverizare: 50 ml\/ 600 ml ap\u0103.<\/p>\n<p>Cura\u021benie periodic\u0103 (cur\u0103\u021bare dificil\u0103): 200-500 ml la 10 L ap\u0103, sau se pulverizeaz\u0103 ca atare \u0219i se sterge cu o lavet\u0103 curat\u0103 din bumbac sau microfibr\u0103.<\/p>\n<p>Safety instructions: As per product safety data sheet.<\/p>","protected":false},"excerpt":{"rendered":"<p>Detergent cu aplica\u021bii multiple puternic odorizant cu spumare controlat\u0103 pentru \u00eentre\u021binerea, eliminarea petelor \u0219i cur\u0103\u021barea tuturor pardoselilor sau suprafe\u021belor.<\/p>","protected":false},"featured_media":5767,"comment_status":"open","ping_status":"closed","template":"","meta":[],"product_cat":[177,209,216],"product_tag":[],"class_list":{"0":"post-6262","1":"product","2":"type-product","3":"status-publish","4":"has-post-thumbnail","6":"product_cat-curatenie-profesionala","7":"product_cat-horeca","8":"product_cat-mobila-geamuri","10":"first","11":"outofstock","12":"shipping-taxable","13":"purchasable","14":"product-type-simple"},"_links":{"self":[{"href":"https:\/\/klin.managementpro.ro\/en\/wp-json\/wp\/v2\/product\/6262","targetHints":{"allow":["GET"]}}],"collection":[{"href":"https:\/\/klin.managementpro.ro\/en\/wp-json\/wp\/v2\/product"}],"about":[{"href":"https:\/\/klin.managementpro.ro\/en\/wp-json\/wp\/v2\/types\/product"}],"replies":[{"embeddable":true,"href":"https:\/\/klin.managementpro.ro\/en\/wp-json\/wp\/v2\/comments?post=6262"}],"wp:featuredmedia":[{"embeddable":true,"href":"https:\/\/klin.managementpro.ro\/en\/wp-json\/wp\/v2\/media\/5767"}],"wp:attachment":[{"href":"https:\/\/klin.managementpro.ro\/en\/wp-json\/wp\/v2\/media?parent=6262"}],"wp:term":[{"taxonomy":"product_cat","embeddable":true,"href":"https:\/\/klin.managementpro.ro\/en\/wp-json\/wp\/v2\/product_cat?post=6262"},{"taxonomy":"product_tag","embeddable":true,"href":"https:\/\/klin.managementpro.ro\/en\/wp-json\/wp\/v2\/product_tag?post=6262"}],"curies":[{"name":"wp","href":"https:\/\/api.w.org\/{rel}","templated":true}]}}