{"id":6266,"date":"2024-07-23T16:47:21","date_gmt":"2024-07-23T16:47:21","guid":{"rendered":"https:\/\/klin.managementpro.ro\/?post_type=product&#038;p=6266"},"modified":"2024-07-23T16:47:25","modified_gmt":"2024-07-23T16:47:25","slug":"deziamino-detergent-dezinfectant-concentrat-1-litru","status":"publish","type":"product","link":"https:\/\/klin.managementpro.ro\/en\/product\/deziamino-detergent-dezinfectant-concentrat-1-litru\/","title":{"rendered":"DEZIAMINO - Concentrated disinfecting detergent, 1 Liter"},"content":{"rendered":"<ul>\n<li>Wide range<\/li>\n<li>Ac\u021biune in maxim 30 de minute<\/li>\n<li>Nu p\u0103teaz\u0103 si nu decoloreaz\u0103<\/li>\n<\/ul>\n<p>DEZIAMINO este un detergent lichid concentrat cu spectru larg de eficacitate biocid\u0103, fiind destinat cur\u0103\u021b\u0103rii \u0219i dezinfect\u0103rii suprafe\u021belor dure.<\/p>\n<p><strong>Aviz emis de Comisia Na\u021bionala pentru Produse Biocide nr.6328BIO\/02\/12.24<\/strong><\/p>\n<p><strong>Propriet\u0103\u021bi Produs<\/strong><\/p>\n<ul>\n<li>Contains surfactants with good cleaning and low foaming properties<\/li>\n<li>Nu decoloreaz\u0103 \u0219i nu pateaz\u0103 dup\u0103 aplicarea pe suprafe\u021be netede \u0219i solide<\/li>\n<li>Prezinta o eficien\u021b\u0103 demonstrat\u0103, inclusiv \u00een condi\u021bii de murd\u0103rie<\/li>\n<\/ul>\n<p><strong>How to use<\/strong>: Pentru dezinfec\u021bia suprafe\u021belor se folose\u0219te o cantitate suficient\u0103 de solu\u021bie (0,2-5)% gata de lucru, pentru acoperirea total\u0103 a acestora (4-10 ml acoper\u0103 1 m<sup>2<\/sup>), prin tehnicile de aplicare direct pe suprafe\u021be (pulverizare urmat\u0103 de \u0219tergere sau \u0219tergere cu laveta impregnat\u0103 cu produs). Dupa preparare solu\u021bia gata de lucru poate fi folosit\u0103 \u00een maxim 14 zile calendaristice.<\/p>\n<p><strong>Packaging<\/strong>: Flacoane: 1L, 5L<\/p>\n<p><strong>Compozitia chimic\u0103 &#8211; Ingrediente active pentru 100g produs:\u00a0<\/strong>5,10% (m\/m) N-(3-aminopropil)-N-dodecilpropan-1,3-diamin\u0103, nr. CAS: 2372-82-9, CE: 219-145-8; 2,50% (m\/m) Clorur\u0103 de didecildimetilamoniu, nr. CAS: 7173-51-5, CE: 230-525-2.<\/p>\n<p><strong>Other ingredients<\/strong>: \u22655% &lt;15% surfactan\u021bi nonionici solubilizan\u021bi, inhibitori de coroziune, agent de chelatizare, colorant, ap\u0103.<\/p>\n<p><strong>Classification of the biocidal product<\/strong>: Grupa principala: 1. Tip produs: 2.<\/p>\n<p><strong>User categories<\/strong>: Profesionali, profesionali, popula\u021bie<\/p>\n<p>&nbsp;<\/p>\n<p>&nbsp;<\/p>\n<p>&nbsp;<\/p>\n<p>Producer:\u00a0<strong>S.C. KLINTENSIV S.R.L.<\/strong><\/p>\n<p>Sos. Alexandriei nr 544, Bragadiru, jud. Ilfov<br \/>\nPhone: 021 448 14 99<br \/>\nwww.klintensiv.ro | office@klintensiv.ro<\/p>\n<p>&nbsp;<\/p>\n<p>&nbsp;<\/p>\n<p>&nbsp;<\/p>","protected":false},"excerpt":{"rendered":"<p>DEZIAMINO se utilizeaz\u0103 pentru dezinfectarea diferitelor suprafe\u021be din spitale, clinici, cabinete medicale, ambulan\u021be, unit\u0103\u021bi primiri urgen\u021be, unit\u0103\u021bi medicale mobile, \u0219.a. Produsul poate fi aplicat \u0219i pe suprafe\u021be din zona de pregatire \u0219i servire a alimentelor (cantin\u0103, buc\u0103tarie), dar nu \u00een contact cu acestea.<\/p>","protected":false},"featured_media":5771,"comment_status":"open","ping_status":"closed","template":"","meta":[],"product_cat":[52,63,53],"product_tag":[],"class_list":{"0":"post-6266","1":"product","2":"type-product","3":"status-publish","4":"has-post-thumbnail","6":"product_cat-dezinfectanti-medicali","7":"product_cat-instrumentar-echipamente","8":"product_cat-suprafete","10":"first","11":"instock","12":"shipping-taxable","13":"purchasable","14":"product-type-simple"},"_links":{"self":[{"href":"https:\/\/klin.managementpro.ro\/en\/wp-json\/wp\/v2\/product\/6266","targetHints":{"allow":["GET"]}}],"collection":[{"href":"https:\/\/klin.managementpro.ro\/en\/wp-json\/wp\/v2\/product"}],"about":[{"href":"https:\/\/klin.managementpro.ro\/en\/wp-json\/wp\/v2\/types\/product"}],"replies":[{"embeddable":true,"href":"https:\/\/klin.managementpro.ro\/en\/wp-json\/wp\/v2\/comments?post=6266"}],"wp:featuredmedia":[{"embeddable":true,"href":"https:\/\/klin.managementpro.ro\/en\/wp-json\/wp\/v2\/media\/5771"}],"wp:attachment":[{"href":"https:\/\/klin.managementpro.ro\/en\/wp-json\/wp\/v2\/media?parent=6266"}],"wp:term":[{"taxonomy":"product_cat","embeddable":true,"href":"https:\/\/klin.managementpro.ro\/en\/wp-json\/wp\/v2\/product_cat?post=6266"},{"taxonomy":"product_tag","embeddable":true,"href":"https:\/\/klin.managementpro.ro\/en\/wp-json\/wp\/v2\/product_tag?post=6266"}],"curies":[{"name":"wp","href":"https:\/\/api.w.org\/{rel}","templated":true}]}}