{"id":6281,"date":"2024-07-23T16:47:22","date_gmt":"2024-07-23T16:47:22","guid":{"rendered":"https:\/\/klin.managementpro.ro\/?post_type=product&#038;p=6281"},"modified":"2024-07-23T16:47:27","modified_gmt":"2024-07-23T16:47:27","slug":"peroklin-dezinfectant-concentrat-5-litri","status":"publish","type":"product","link":"https:\/\/klin.managementpro.ro\/en\/product\/peroklin-dezinfectant-concentrat-5-litri\/","title":{"rendered":"PEROKLIN &#8211; Dezinfectant Concentrat, 5 litri"},"content":{"rendered":"<ul>\n<li>Wide range<\/li>\n<li>Capacitate bun\u0103 de cur\u0103\u021bare si degresare<\/li>\n<li>F\u0103r\u0103 cl\u0103tire<\/li>\n<li>Nu face spum\u0103<\/li>\n<\/ul>\n<p>PEROKLIN CONCENTRAT este un lichid concentrat ce ac\u021bioneaz\u0103 pe un spectru larg antimicrobian. Poate fi utilizat \u00een scop industrial \u0219i profesional la dezinfectarea suprafe\u021belor dure de diverse tipuri, respectiv a pavimentelor, la dezinfectarea instrumentarului medical\/dispozitivelor medicale \u0219i la dezinfectarea camerelor pe cale<br \/>\naerian\u0103, prin nebulizare.<\/p>\n<p><strong>Aviz emis de Comisia Na\u021bional\u0103 pentru Produse Biocide nr. 6033BIO\/02\/12.24<\/strong><\/p>\n<p><strong>Product properties<\/strong><\/p>\n<ul>\n<li>Capacitate bun\u0103 de cur\u0103\u021bare \u0219i degresare, care nu spumeaz\u0103<\/li>\n<li>Neutralizeaz\u0103 mirosurile neplacute<\/li>\n<li>Compatible with multiple surfaces<\/li>\n<\/ul>\n<p><strong>How to use<\/strong>: \u00cen func\u021bie de spectrul de activitate dorit, se prepar\u0103 o solu\u021bie de lucru, de concentra\u021bii cuprinse in intervalul 4% \u00f7 20% (v\/v). Pentru dezinfec\u021bia suprafe\u021belor se folose\u0219te o cantitate suficient\u0103 pentru acoperirea total\u0103 a acestora prin tehnicile de aplicare direct pe suprafe\u021be: prin \u0219tergere cu laveta umezit\u0103 \u00een<br \/>\nsolu\u021bia preparat\u0103 sau pulverizarea solu\u021biei preparate, urmat\u0103 de \u0219tergere cu laveta. Pentru suprafe\u021bele neuniforme (col\u021buri, muchii\/ \u00eembin\u0103ri, suprafe\u021be greu accesibile prin \u0219tergere) se folose\u0219te tehnica pulverizarii. Produsul se utilizeaz\u0103 pe suprafe\u021be curate\/ murdare \u0219i nu necesit\u0103 cl\u0103tire.<br \/>\nPentru dezinfec\u021bia suprafe\u021belor prin tehnica nebuliz\u0103rii, se prepar\u0103 o solu\u021bie 20% (v\/v) din produsul PEROKLIN CONCENTRAT apoi, cu solu\u021bia ob\u021binut\u0103, se alimenteaz\u0103 recipientul echipamentului de nebulizare. Cantitatea de produs necesar\u0103 se calculeaz\u0103 pentru volumul \u00eenc\u0103perii \u021bin\u00e2nd cont de faptul ca pentru 1 m\u00b2 se aplic\u0103 8 ml solu\u021bie 20% (v\/v).<br \/>\nPentru dezinfec\u021bia instrumentarului medico-chirurgical, acesta este cur\u0103\u021bat \u0219i \u0219ters cu lavete din h\u00e2rtie pentru \u00eendepartarea urmelor de ap\u0103, apoi este plasat \u00een cuv\u0103 pentru dezinfectare astfel \u00eenc\u00e2t s\u0103 fie acoperit total de lichid, iar toate orificiile\/ lumenurile instrumentarului s\u0103 fie umplute cu lichid. Se folose\u0219te o solu\u021bie de concentra\u021bie 20% (v\/v).<\/p>\n<p><strong>Packaging<\/strong>: Flacoane: 1L, 5L<\/p>\n<p><strong>Chemical composition - Active ingredients per 100 g product<\/strong>: Clorur\u0103 de didecildimetil amoniu: 1,75% (m\/m); ( nr. CAS: 7173-51-5; nr. CE: 230-525-2)<br \/>\nPeroxid de hidrogen: 30% (m\/m); (nr. CAS: 7722-84-1; nr. CE: 231-765-0)<\/p>\n<p><strong>Other ingredients<\/strong>: ap\u0103, &lt;5% surfactant nonionic, agent pentru corec\u021bie pH \u0219i stabilizant<\/p>\n<p><strong>Classification of the biocidal product<\/strong>: Grupa principala 1, tip produs 2.<\/p>\n<p><strong>User categories<\/strong>: Profesionali, popula\u021bie.<\/p>\n<p>PEROKLIN CONCENTRAT este ideal utiliz\u0103rii: \u00een spitale, clinici, laboratoare, policlinici, cabinete medicale, ambulan\u021be, inclusiv zonele de birou ale acestora sau zonele de cantin\u021b, dar nu pe alimente\/contact direct cu acestea. Se poate folosi pe suprafe\u021be intens accesate de oameni cu un risc mare de contaminare (spa\u021bii de triaj\/ a\u0219teptare, vestiare, camere pentru consulta\u021bii, ambulan\u021be).<\/p>\n<p>&nbsp;<\/p>\n<p>&nbsp;<\/p>\n<p>Producer:\u00a0<strong>S.C. KLINTENSIV S.R.L.<\/strong><\/p>\n<p>Sos. Alexandriei nr 544, Bragadiru, jud. Ilfov<br \/>\nPhone: 021 448 14 99<br \/>\nwww.klintensiv.ro | office@klintensiv.ro<\/p>","protected":false},"excerpt":{"rendered":"<p>PEROKLIN CONCENTRAT este un lichid concentrat ce ac\u021bioneaz\u0103 pe un spectru larg antimicrobian.<\/p>","protected":false},"featured_media":5814,"comment_status":"open","ping_status":"closed","template":"","meta":[],"product_cat":[52,63,53],"product_tag":[],"class_list":{"0":"post-6281","1":"product","2":"type-product","3":"status-publish","4":"has-post-thumbnail","6":"product_cat-dezinfectanti-medicali","7":"product_cat-instrumentar-echipamente","8":"product_cat-suprafete","10":"first","11":"instock","12":"shipping-taxable","13":"purchasable","14":"product-type-simple"},"_links":{"self":[{"href":"https:\/\/klin.managementpro.ro\/en\/wp-json\/wp\/v2\/product\/6281","targetHints":{"allow":["GET"]}}],"collection":[{"href":"https:\/\/klin.managementpro.ro\/en\/wp-json\/wp\/v2\/product"}],"about":[{"href":"https:\/\/klin.managementpro.ro\/en\/wp-json\/wp\/v2\/types\/product"}],"replies":[{"embeddable":true,"href":"https:\/\/klin.managementpro.ro\/en\/wp-json\/wp\/v2\/comments?post=6281"}],"wp:featuredmedia":[{"embeddable":true,"href":"https:\/\/klin.managementpro.ro\/en\/wp-json\/wp\/v2\/media\/5814"}],"wp:attachment":[{"href":"https:\/\/klin.managementpro.ro\/en\/wp-json\/wp\/v2\/media?parent=6281"}],"wp:term":[{"taxonomy":"product_cat","embeddable":true,"href":"https:\/\/klin.managementpro.ro\/en\/wp-json\/wp\/v2\/product_cat?post=6281"},{"taxonomy":"product_tag","embeddable":true,"href":"https:\/\/klin.managementpro.ro\/en\/wp-json\/wp\/v2\/product_tag?post=6281"}],"curies":[{"name":"wp","href":"https:\/\/api.w.org\/{rel}","templated":true}]}}