{"id":6282,"date":"2024-07-23T16:47:28","date_gmt":"2024-07-23T16:47:28","guid":{"rendered":"https:\/\/klin.managementpro.ro\/?post_type=product&#038;p=6282"},"modified":"2024-07-23T16:47:30","modified_gmt":"2024-07-23T16:47:30","slug":"klintensiv-pure-hypochlorous-for-air-500-ml","status":"publish","type":"product","link":"https:\/\/klin.managementpro.ro\/en\/product\/klintensiv-pure-hypochlorous-for-air-500-ml\/","title":{"rendered":"Klintensiv Pure Hypochlorous For Air, 500 ml"},"content":{"rendered":"<ul>\n<li>Dezinfectare intr-un singur pas<\/li>\n<li>Ac\u021bioneaz\u0103 prin mecannism de oxidare<\/li>\n<li>biodegradabil \u0219i ecologic (dup\u0103 utilizare se descompune)<\/li>\n<\/ul>\n<p><strong>Klintensiv Pure Hypochlorous 4Air <\/strong>este un lichid gata de utilizare, pe baz\u0103 de acid hipocloros, folosit la dezinfectarea suprafe\u021belor camerelor pe cale aerian\u0103 (cea\u021b\u0103 uscat\u0103).<\/p>\n<p><strong>Opinion issued by the National Commission for Biocidal Products, no.<\/strong><strong> 5834BIO\/02\/12.24<\/strong><\/p>\n<p><strong>PRODUCT PROPERTIES<\/strong><\/p>\n<ul>\n<li>Nu este coroziv<\/li>\n<li>Potrivit pentru suprafe\u021be multiple<\/li>\n<li>Nu se dilueaz\u0103<\/li>\n<li>No rinsing required<\/li>\n<li>Produsul nu este iritant pentru piele, c\u0103i respiratorii, mucoase oculare si bucale, in condi\u021bii normale de utilizare.<\/li>\n<\/ul>\n<p><strong>HOW TO USE: <\/strong>Dezinfectarea suprafe\u021belor camerelor prin nebulizare: se utilizeaz\u0103 produsul ca atare pentru un timp de contact de 60 de minute \u0219i cu un consum de 11,5 ml\/m<sup>3<\/sup>. Pentru setarea parametrilor echipamentului, se respect\u0103 instruc\u021biunile produc\u0103torului nebulizatorului. Dup\u0103 finalizarea opera\u021biei de nebulizare, se las\u0103 produsul s\u0103 ac\u021bioneze 60 de minute, apoi se aerise\u0219te \u00eenc\u0103perea. Nu sta\u021bi \u00een aceea\u0219i incint\u0103 \u00een timp ce se efectueaz\u0103 dezinfectarea prin nebulizare. P\u0103stra\u021bi ferestrele \u0219i u\u0219ile \u00eenchise pe durata timpului de nebulizare \u0219i de ac\u021biune. Pentru siguran\u021b\u0103, se recomand\u0103 testarea compatibilit\u0103\u021bii cu suprafe\u021bele sensibile, \u00eentr-un loc ascuns, \u00eenainte de utilizare. Nu necesit\u0103 cl\u0103tire dup\u0103 aplicare.<\/p>\n<p><strong>PACK:<\/strong> Flacoane 500 ml, 1 L, 5 L<\/p>\n<p><strong>CHEMICAL COMPOSITION<\/strong> &#8211; <strong>Ingredient activ pentru 100g produs<\/strong>: 0,0510-0,0549 % clor activ eliberat din acidul hipocloros* \u2013 CAS 7790-92-3; CE 232-232-5<\/p>\n<p>* acidul hipocloros este produs prin electroliza unei solu\u021bii apoase diluate de clorur\u0103 de sodiu<\/p>\n<p><strong>Other ingredients<\/strong>: ap\u0103 \u0219i clorur\u0103 de sodiu (0,013-0,016%)<\/p>\n<p><strong>\u00ceNCADRAREA PRODUSULUI BIOCID<\/strong>: Main group: 1; Product type: 2<\/p>\n<p><strong>CATEGORIES:<\/strong> Profesionali, industriali, popula\u021bie.<\/p>\n<p>&nbsp;<\/p>\n<p>Producer:\u00a0<strong>S.C. KLINTENSIV S.R.L.<\/strong><\/p>\n<p>Sos. Alexandriei nr 544, Bragadiru, jud. Ilfov<br \/>\nPhone: 021 448 14 99<br \/>\nwww.klintensiv.ro | office@klintensiv.ro<\/p>\n<p>&nbsp;<\/p>","protected":false},"excerpt":{"rendered":"<p><strong>Klintensiv Pure Hypochlorous 4Air <\/strong>este un lichid gata de utilizare, pe baz\u0103 de acid hipocloros, folosit la dezinfectarea suprafe\u021belor camerelor pe cale aerian\u0103 (cea\u021b\u0103 uscat\u0103).<\/p>","protected":false},"featured_media":5815,"comment_status":"open","ping_status":"closed","template":"","meta":[],"product_cat":[52,60,53],"product_tag":[],"class_list":{"0":"post-6282","1":"product","2":"type-product","3":"status-publish","4":"has-post-thumbnail","6":"product_cat-dezinfectanti-medicali","7":"product_cat-microaeroflora","8":"product_cat-suprafete","10":"first","11":"outofstock","12":"shipping-taxable","13":"purchasable","14":"product-type-simple"},"_links":{"self":[{"href":"https:\/\/klin.managementpro.ro\/en\/wp-json\/wp\/v2\/product\/6282","targetHints":{"allow":["GET"]}}],"collection":[{"href":"https:\/\/klin.managementpro.ro\/en\/wp-json\/wp\/v2\/product"}],"about":[{"href":"https:\/\/klin.managementpro.ro\/en\/wp-json\/wp\/v2\/types\/product"}],"replies":[{"embeddable":true,"href":"https:\/\/klin.managementpro.ro\/en\/wp-json\/wp\/v2\/comments?post=6282"}],"wp:featuredmedia":[{"embeddable":true,"href":"https:\/\/klin.managementpro.ro\/en\/wp-json\/wp\/v2\/media\/5815"}],"wp:attachment":[{"href":"https:\/\/klin.managementpro.ro\/en\/wp-json\/wp\/v2\/media?parent=6282"}],"wp:term":[{"taxonomy":"product_cat","embeddable":true,"href":"https:\/\/klin.managementpro.ro\/en\/wp-json\/wp\/v2\/product_cat?post=6282"},{"taxonomy":"product_tag","embeddable":true,"href":"https:\/\/klin.managementpro.ro\/en\/wp-json\/wp\/v2\/product_tag?post=6282"}],"curies":[{"name":"wp","href":"https:\/\/api.w.org\/{rel}","templated":true}]}}