{"id":6285,"date":"2024-07-23T16:47:28","date_gmt":"2024-07-23T16:47:28","guid":{"rendered":"https:\/\/klin.managementpro.ro\/?post_type=product&#038;p=6285"},"modified":"2024-07-23T16:47:31","modified_gmt":"2024-07-23T16:47:31","slug":"oxoklin-powder-1kg","status":"publish","type":"product","link":"https:\/\/klin.managementpro.ro\/en\/product\/oxoklin-powder-1kg\/","title":{"rendered":"OXOKLIN POWDER, 1Kg"},"content":{"rendered":"<ul>\n<li>Dezinfectant de nivel \u00eenalt<\/li>\n<li>Ac\u021bioneaz\u0103 rapid \u0219i la temperaturi scazute<\/li>\n<li>Mecanism de oxidare celular\u0103<\/li>\n<li>F\u0103r\u0103 cl\u0103tire<\/li>\n<\/ul>\n<p>OXOKLIN POWDER este o pulbere cu propriet\u0103\u021bi dezinfectante de nivel \u00eenalt \u0219i cu o ac\u021biune rapid\u0103 \u00eempotriva microorganismelor. Produsul ac\u021bioneaz\u0103 \u00eempotriva bacteriilor, fungilor \u0219i virusurilor prin mecanism de oxidare. Dezinfecteaz\u0103 o gam\u0103 larg\u0103 de suprafe\u021be dure. Dezinfecteaz\u0103 \u0219i cur\u0103\u021b\u0103 instrumentarul medical\/ dispozitivele medicale, dar \u0219i materialele textile.<\/p>\n<p><strong>Aviz emis de Comisia Na\u021bional\u0103 pentru Produse Biocide nr. 6363BIO\/02\/12.24<\/strong><\/p>\n<p><strong>Product properties<\/strong><\/p>\n<ul>\n<li>Este stabil din punct de vedere chimic<\/li>\n<li>Ac\u021bioneaz\u0103 inclusiv la temperaturi scazute<\/li>\n<li>Este economic \u0219i u\u0219or de utilizat<\/li>\n<li>Este biodegradabil<\/li>\n<\/ul>\n<p><strong>How to use<\/strong>: Produsul se prepar\u0103 sub forma de dilu\u021bie de minim 0,5% (m\/v) pentru solu\u021bia gata de lucru (\u00een acord cu spectrul de eficacitate dorit) \u0219i poate fi utilizat pe suprafe\u021be curate\/ murdare, iar acesta prezint\u0103 ac\u021biune rapid\u0103. Exemplu mod de preparare: 5 g dezinfectant + 1 L ap\u0103 potabil\u0103 \/ distilat\u0103, pentru a ob\u021bine 1 L<br \/>\nsolu\u021bie gata de lucru.<\/p>\n<p>Solu\u021bia se utilizeaz\u0103 numai dup\u0103: -dizolvarea totala a produsului \u00een ap\u0103 iar pentru dizolvarea rapid\u0103 se recomand\u0103 ca apa s\u0103 fie cald\u0103 (30\u00b0C);<\/p>\n<p>-un timp de a\u0219teptare de 15 minute pentru generarea \u00een situ a acidului peracetic dupa dizolvarea ingredientelor.<\/p>\n<p>Solu\u021bia preparat\u0103 este pastrat\u0103 \u00een recipiente \u00eenchise, ferit\u0103 de ac\u021biunea direct\u0103 a luminii (naturale\/ artificiale), la temperatura camerei \u0219i se utilizeaz\u0103 \u00een maxim 8 de<br \/>\nore de la preparare. Folosind un pulverizator manual, se aplic\u0103 pe toate suprafe\u021bele sub form\u0103 de solu\u021bie gata de lucru (0,5-5)% (m\/v) respect\u00e2nd timpii de contact specifica\u021bi \u00een tabel. \u0218terge\u021bi bine suprafa\u021ba folosind o lavet\u0103 curat\u0103 din material sintetic (preferabil poliester\/polietilen\u0103). Nu necesit\u0103 cl\u0103tire. Pentru dezinfectarea instrumentarului se utilizeaz\u0103 o solu\u021bie de concentra\u021bie (0,8 &#8211; 5)% (m\/v) \u00een acord cu spectrul de eficacitate dorit \u0219i se imerseaz\u0103 total \u00een aceasta. Dup\u0103 dezinfectare,<br \/>\ninstrumentarul este cl\u0103tit cu ap\u0103 steril\u0103. Dezinfectarea materialelor textile se face prin imersie sau sp\u0103lare la un timp de contact de 30 de minute. Pentru o cur\u0103\u021bare adecvat\u0103 a textilelor murdare, se recomand\u0103 utilizarea unui detergent pentru haine. Dupa etapa de dezinfectare este necesar\u0103 clatirea materialelor textile.<\/p>\n<p><strong>Packaging:<\/strong> Flacoane: 1Kg<\/p>\n<p><strong>Compozi\u021bia chimic\u0103 &#8211; Ingrediente active pentru 100 g produs: <\/strong>2,4% (m\/m) Compu\u0219i cuaternari de amoniu clorura\u021bi, benzil-C12-C14-alchildimetil, CE: 287-089-1, CAS: 85409-22-9; 14% (m\/m) Acid peracetic CAS: 79-21-0, generat in situ din 15% TAED \u0219i 40% Percarbonat de sodiu; 0,5 % (m\/v) solutie OXOKLIN powder con\u021bine: 0.012% compu\u0219i cuaternari de amoniu clorura\u021bi, benzil-C12-14-alchildimetil (CAS 85409-22-9), 0.075% acid peracetic generat in situ (CAS 79-21-0).<\/p>\n<p><strong>Other ingredients<\/strong>: &lt;5% surfactan\u021bi anionici, carbonat de sodiu, metasilicat de sodiu<\/p>\n<p><strong>Classification of the biocidal product<\/strong>: Grupa principal\u0103 1, tip produs 2.<\/p>\n<p><strong>User categories<\/strong>: Industriali, profesionali, popula\u021bie.<\/p>\n<p>OXOKLIN POWDER ac\u021bioneaz\u0103 pe suprafe\u021be multiple, fiind compatibil cu materiale ca: o\u021bel inoxidabil, PVC, polipropilen\u0103, polietilen\u0103, silicon, sticl\u0103, cauciuc. Nu corodeaz\u0103 aluminiul, o\u021belul inoxul, o\u021belul cositorit, materialele plastice precum teflonul, PE, PP \u0219i PS. Corodeaza fierul. Nu este recomandat pentru utilizarea pe materiale din cupru. Nu se recomanda utilizarea pentru pre-dezinfectarea instrumentarul din crom si nichel cu urme vizibile de deteriorare\/ uzur\u0103.<\/p>\n<p>&nbsp;<\/p>\n<p>&nbsp;<\/p>\n<p>Producer:\u00a0<strong>S.C. KLINTENSIV S.R.L.<\/strong><\/p>\n<p>Sos. Alexandriei nr 544, Bragadiru, jud. Ilfov<br \/>\nPhone: 021 448 14 99<br \/>\nwww.klintensiv.ro | office@klintensiv.ro<\/p>\n<p>&nbsp;<\/p>\n<p>&nbsp;<\/p>","protected":false},"excerpt":{"rendered":"<p>OXOKLIN POWDER este o pulbere cu propriet\u0103\u021bi dezinfectante de nivel \u00eenalt \u0219i cu o ac\u021biune rapid\u0103 \u00eempotriva microorganismelor.<\/p>","protected":false},"featured_media":5818,"comment_status":"open","ping_status":"closed","template":"","meta":[],"product_cat":[52,53],"product_tag":[],"class_list":{"0":"post-6285","1":"product","2":"type-product","3":"status-publish","4":"has-post-thumbnail","6":"product_cat-dezinfectanti-medicali","7":"product_cat-suprafete","9":"first","10":"instock","11":"shipping-taxable","12":"purchasable","13":"product-type-simple"},"_links":{"self":[{"href":"https:\/\/klin.managementpro.ro\/en\/wp-json\/wp\/v2\/product\/6285","targetHints":{"allow":["GET"]}}],"collection":[{"href":"https:\/\/klin.managementpro.ro\/en\/wp-json\/wp\/v2\/product"}],"about":[{"href":"https:\/\/klin.managementpro.ro\/en\/wp-json\/wp\/v2\/types\/product"}],"replies":[{"embeddable":true,"href":"https:\/\/klin.managementpro.ro\/en\/wp-json\/wp\/v2\/comments?post=6285"}],"wp:featuredmedia":[{"embeddable":true,"href":"https:\/\/klin.managementpro.ro\/en\/wp-json\/wp\/v2\/media\/5818"}],"wp:attachment":[{"href":"https:\/\/klin.managementpro.ro\/en\/wp-json\/wp\/v2\/media?parent=6285"}],"wp:term":[{"taxonomy":"product_cat","embeddable":true,"href":"https:\/\/klin.managementpro.ro\/en\/wp-json\/wp\/v2\/product_cat?post=6285"},{"taxonomy":"product_tag","embeddable":true,"href":"https:\/\/klin.managementpro.ro\/en\/wp-json\/wp\/v2\/product_tag?post=6285"}],"curies":[{"name":"wp","href":"https:\/\/api.w.org\/{rel}","templated":true}]}}