{"id":6286,"date":"2024-07-23T16:47:28","date_gmt":"2024-07-23T16:47:28","guid":{"rendered":"https:\/\/klin.managementpro.ro\/?post_type=product&#038;p=6286"},"modified":"2024-07-23T16:47:31","modified_gmt":"2024-07-23T16:47:31","slug":"amino-enzy-foam-1-litru","status":"publish","type":"product","link":"https:\/\/klin.managementpro.ro\/en\/product\/amino-enzy-foam-1-litru\/","title":{"rendered":"AMINO ENZY FOAM, 1 liter"},"content":{"rendered":"<p><strong>AMINO ENZY FOAM<\/strong><\/p>\n<ul>\n<li>Formulare Trienzimatica<\/li>\n<li>Cur\u0103\u021b\u0103 \u0219i dezinfecteaz\u0103 de nivel mediu suprafe\u021bele dure \u0219i instrumentarul medical<\/li>\n<li>Compatible with multiple surfaces<\/li>\n<\/ul>\n<p>AMINO ENZY FOAM este un detergent lichid trienzimatic ce cur\u0103\u021b\u0103 \u0219i dezinfecteaz\u0103 multiple suprafe\u021be dure, dar \u0219i instrumentarul medical utilizat \u00een interven\u021bii medico-chirurgicale (endoscoape, instrumente reutilizabile pentru cateterism \u0219i laparoscopie, interven\u021bii chirurgicale robotizate), care trebuie cur\u0103\u021bat fara aplicarea unor tehnici mecanice agresive (elastomeri sau perii).<\/p>\n<p><strong>Aviz emis de Comisia Na\u021bional\u0103 pentru Produse Biocide nr.5874BIO\/02\/12.24<\/strong><\/p>\n<ul>\n<li>Cur\u0103\u021b\u0103 \u0219i dezinfecteaz\u0103 instrumentarul medical f\u0103r\u0103 a-l deteriora<\/li>\n<li>pH neutru<\/li>\n<li>Con\u021bine agen\u021bi tensioactivi cu capacitate bun\u0103 de spumare, umectare \u0219i cur\u0103\u021bare<\/li>\n<li>Desface \u0219i \u00eendeparteaz\u0103 urmele de materii organice prin ac\u021biunea complexului trienzimatic<\/li>\n<li>For\u021ba jetului de lichid, prin pulverizarea solu\u021biei, asigur\u0103 o fixare bun\u0103 a produsului, dar \u0219i o patrundere adecvat\u0103, fiind o alternativ\u0103 \u00een lipsa unui echipament cu ultrasunete<\/li>\n<\/ul>\n<p><strong>How to use<\/strong>: Instrumentarul medico-chirurgical utilizat este precur\u0103\u021bat sub jet cu ap\u0103 potabil\u0103, pentru \u00eendepartarea depozitelor de materie organic\u0103, apoi este plasat \u00een cuva de cur\u0103\u021bare \u0219i pre-dezinfectare. Produsul este aplicat prin pulverizare direct pe zona care necesit\u0103 cur\u0103\u021bare \u0219i dezinfectare, utiliz\u00e2nd un trigger\/ pulverizator manual sau prin imersie \u00een cuva cu produs gata de lucru. Produsul se aplic\u0103 uniform pe \u00eentreaga suprafa\u021b\u0103, se las\u0103 s\u0103 ac\u021bioneze \u00eentre 5 minute \u0219i 60 de minute, \u00een func\u021bie de tipul de dezinfec\u021bie dorit \u0219i se clate\u0219te cu ap\u0103 potabil\u0103. Poate fi utilizat \u0219i \u00een baile de ultrasunte sau echipamentele automate de cur\u0103\u021bat instrumentar.<\/p>\n<p><strong>Packaging<\/strong>: Flacoane: 1L, 5L<\/p>\n<p><b>Compozitia Chimica &#8211; Ingrediente active pentru 100g produs: <\/b>0,153% (m\/m) N-(3-aminopropil)-N-dodecilpropan-1,3-diamina, nr. CAS: 2372-82-9, CE: 219-145-8; 0,14% (m\/m) Poly(oxi-1,2-etanedil), alfa-[2-(didecilmetilamoniu)etil]-omega-hidroxi- propanoat nr. CE: 94667-33-1.<\/p>\n<p>Alte ingrediente: &lt;5% surfactan\u021bi nonionici, solubilizan\u021bi, inhibitori de coroziune, agent de chelatizare, ap\u0103, enzime.<\/p>\n<p><strong>\u00cencadrare produs biocid<\/strong>: Grupa principala 1, tip produs 2.<\/p>\n<p><strong>User categories<\/strong>: Industriali, profesionali, popula\u021bie.<\/p>\n<p>&nbsp;<\/p>\n<p>&nbsp;<\/p>\n<p>&nbsp;<\/p>\n<p>Producer:\u00a0<strong>S.C. KLINTENSIV S.R.L.<\/strong><\/p>\n<p>Sos. Alexandriei nr 544, Bragadiru, jud. Ilfov<br \/>\nPhone: 021 448 14 99<br \/>\nwww.klintensiv.ro | office@klintensiv.ro<\/p>","protected":false},"excerpt":{"rendered":"<p><strong>AMINO ENZY FOAM<\/strong> \u00a0este foarte eficient \u00eempotriva multor tipuri de microorganisme: bacterii, levuri, fungi, micobacterii, virusuri.<\/p>","protected":false},"featured_media":5819,"comment_status":"open","ping_status":"closed","template":"","meta":[],"product_cat":[52,63,53],"product_tag":[],"class_list":{"0":"post-6286","1":"product","2":"type-product","3":"status-publish","4":"has-post-thumbnail","6":"product_cat-dezinfectanti-medicali","7":"product_cat-instrumentar-echipamente","8":"product_cat-suprafete","10":"first","11":"instock","12":"shipping-taxable","13":"purchasable","14":"product-type-simple"},"_links":{"self":[{"href":"https:\/\/klin.managementpro.ro\/en\/wp-json\/wp\/v2\/product\/6286","targetHints":{"allow":["GET"]}}],"collection":[{"href":"https:\/\/klin.managementpro.ro\/en\/wp-json\/wp\/v2\/product"}],"about":[{"href":"https:\/\/klin.managementpro.ro\/en\/wp-json\/wp\/v2\/types\/product"}],"replies":[{"embeddable":true,"href":"https:\/\/klin.managementpro.ro\/en\/wp-json\/wp\/v2\/comments?post=6286"}],"wp:featuredmedia":[{"embeddable":true,"href":"https:\/\/klin.managementpro.ro\/en\/wp-json\/wp\/v2\/media\/5819"}],"wp:attachment":[{"href":"https:\/\/klin.managementpro.ro\/en\/wp-json\/wp\/v2\/media?parent=6286"}],"wp:term":[{"taxonomy":"product_cat","embeddable":true,"href":"https:\/\/klin.managementpro.ro\/en\/wp-json\/wp\/v2\/product_cat?post=6286"},{"taxonomy":"product_tag","embeddable":true,"href":"https:\/\/klin.managementpro.ro\/en\/wp-json\/wp\/v2\/product_tag?post=6286"}],"curies":[{"name":"wp","href":"https:\/\/api.w.org\/{rel}","templated":true}]}}