{"id":6290,"date":"2024-07-23T16:47:28","date_gmt":"2024-07-23T16:47:28","guid":{"rendered":"https:\/\/klin.managementpro.ro\/?post_type=product&#038;p=6290"},"modified":"2024-07-23T16:47:32","modified_gmt":"2024-07-23T16:47:32","slug":"dezidiol-spray-dezinfectant-pentru-maini-si-tegumente-1-litru","status":"publish","type":"product","link":"https:\/\/klin.managementpro.ro\/en\/product\/dezidiol-spray-dezinfectant-pentru-maini-si-tegumente-1-litru\/","title":{"rendered":"DEZIDIOL SPRAY &#8211; Dezinfectant pentru maini si tegumente, 1 litru"},"content":{"rendered":"<p>DEZIDIOL SPRAY este solu\u021bia ideal\u0103 pentru dezinfectarea igienic\u0103 a m\u00e2inilor, indiferent de locul \u00een care v\u0103 afla\u021bi. Este un lichid gata de utilizare, pe baz\u0103 de doi alcooli \u0219i clorhexidin\u0103, destinat dezinfect\u0103rii igienice a m\u00e2inilor. Acesta ofer\u0103 o ac\u021biune rapid\u0103, fiind potrivit pentru utilizare zilnic\u0103. Formula sa eficient\u0103, cu un con\u021binut redus de alcool, asigur\u0103 o protec\u021bie rapid\u0103 \u0219i eficace \u00eempotriva microorganismelor.<\/p>\n<p><strong>Aviz emis de Comisia Na\u021bional\u0103 pentru Produse Biocide, nr. 6372BIO\/01\/12.24<\/strong><\/p>\n<h5><strong>Benefits:<\/strong><\/h5>\n<ul>\n<li>Con\u021binut redus de alcool: Asigur\u0103 o dezinfectare eficient\u0103 f\u0103r\u0103 a cauza usc\u0103ciune sau irita\u021bii ale pielii, men\u021bin\u00e2ndu-i s\u0103n\u0103tatea \u0219i confortul.<\/li>\n<li>Ac\u021biune bactericid\u0103 MRSA \u00een doar 30 de secunde: Distruge rapid bacteriile, inclusiv tulpinile rezistente la meticilin\u0103, asigur\u00e2nd un mediu sigur \u0219i igienic.<\/li>\n<li>Agent emolient \u0219i hidratant: Glicerina din compozi\u021bie protejeaz\u0103 \u0219i hidrateaz\u0103 pielea, conferindu-i o senza\u021bie de catifelare \u0219i confort, chiar \u0219i dup\u0103 utilizare frecvent\u0103.<\/li>\n<li>Testat dermatologic: Formula a fost supus\u0103 testelor dermatologice pentru a garanta siguran\u021ba \u0219i toleran\u021ba pielii, fiind potrivit\u0103 pentru toate tipurile de piele, inclusiv cele sensibile.<\/li>\n<li>Adecvat pentru uz profesional \u0219i personal.<\/li>\n<\/ul>\n<p style=\"color:#ffff; margin-bottom: 8px;\">.<\/p>\n<h5><strong>How to use:<\/strong><\/h5>\n<p>Se dozeaz\u0103 cantitatea necesar\u0103 de produs, se freac\u0103 m\u00e2inile direct, palm\u0103 pe palm\u0103, apoi se alterneaz\u0103 palma cu dosul m\u00e2inilor. Se freac\u0103 cu aten\u021bie v\u00e2rful degetelor, \u00eencheieturile degetelor \u0219i cutele epidermei. Pentru dezinfec\u021bia igienic\u0103 a m\u00e2inilor, se aplic\u0103 2*4 ml produs, se freac\u0103 m\u00e2inile timp de 2*30 secunde. \u00cen scopul ob\u021binerii unor rezultate bune, este indicat\u0103 \u00eendepartarea inelelor, unghiilor false, respectiv altor accesorii care \u00eempiedic\u0103 contactul direct al pielii cu produsul.<\/p>\n<p>Pentru atingerea efectului virucid general este necesar\u0103 utilizarea unei cantit\u0103\u021bi de produs necesar\u0103 men\u021binerii umede a tegumentelor timp de 2 minute.<\/p>\n<h5><strong>Composition:<\/strong><\/h5>\n<ul>\n<li>Ingrediente active (pentru 100 g produs): 36% Etanol, 24% Izopropanol, 0,5% Digluconat de clorhexidin\u0103.<\/li>\n<li>Alte ingrediente: Glicerin\u0103 (agent emolient \u0219i hidratant), parfum, ap\u0103.<\/li>\n<\/ul>\n<p style=\"color:#ffff; margin-bottom: 8px;\">.<\/p>\n<h5><strong>Precautions:<\/strong><\/h5>\n<ul>\n<li>A se evita contactul cu ochii \u0219i pielea iritat\u0103.<\/li>\n<li>A nu se ingera produsul.<\/li>\n<li>Pentru ob\u021binerea efectului virucid general m\u00e2inile trebuie s\u0103 r\u0103m\u00e2n\u0103 umede timp de 2 minute dup\u0103 aplicare.<\/li>\n<li>Produsul trebuie depozitat \u00eentr-un loc uscat, ferit de razele soarelui \u0219i de \u00eenghe\u021b.<\/li>\n<\/ul>","protected":false},"excerpt":{"rendered":"<div class=\"flex-1 overflow-hidden\">\n<div class=\"react-scroll-to-bottom--css-lecid-79elbk h-full\">\n<div class=\"react-scroll-to-bottom--css-lecid-1n7m0yu\">\n<div>\n<div class=\"flex flex-col text-sm pb-9\">\n<div class=\"w-full text-token-text-primary\" dir=\"auto\" data-testid=\"conversation-turn-31\">\n<div class=\"px-4 py-2 justify-center text-base md:gap-6 m-auto\">\n<div class=\"flex flex-1 text-base mx-auto gap-3 juice:gap-4 juice:md:gap-6 md:px-5 lg:px-1 xl:px-5 md:max-w-3xl lg:max-w-[40rem] xl:max-w-[48rem]\">\n<div class=\"relative flex w-full flex-col agent-turn\">\n<div class=\"flex-col gap-1 md:gap-3\">\n<div class=\"flex flex-grow flex-col max-w-full\">\n<div class=\"min-h-[20px] text-message flex flex-col items-start gap-3 whitespace-pre-wrap break-words [.text-message+&amp;]:mt-5 overflow-x-auto\" dir=\"auto\" data-message-author-role=\"assistant\" data-message-id=\"8a703a42-6bfc-4efb-99cd-b2bff4f3feb7\">\n<div class=\"markdown prose w-full break-words dark:prose-invert light\">\n<p>With <strong>DEZIDIOL SPRAY<\/strong>\u00a0ob\u021bine\u021bi o dezinfectare eficient\u0103 \u0219i rapid\u0103 a m\u00e2inilor, indiferent de loca\u021bie. Formula sa cu con\u021binut redus de alcool ofer\u0103 protec\u021bie \u00eempotriva microorganismelor, f\u0103r\u0103 a afecta negativ pielea. \u00cen doar 30 de secunde, ac\u021bioneaz\u0103 bactericid asupra bacteriilor, inclusiv MRSA, pentru a asigura un mediu sigur \u0219i igienic. Cu glicerina sa emolient\u0103 \u0219i hidratant\u0103, protejeaz\u0103 \u0219i catifeleaz\u0103 pielea, oferind confortul dorit, chiar \u0219i dup\u0103 utilizare frecvent\u0103. Testat dermatologic, este sigur pentru toate tipurile de piele, inclusiv cele sensibile.<\/p>\n<\/div>\n<\/div>\n<\/div>\n<\/div>\n<\/div>\n<\/div>\n<\/div>\n<\/div>\n<\/div>\n<\/div>\n<\/div>\n<\/div>\n<\/div>","protected":false},"featured_media":5841,"comment_status":"open","ping_status":"closed","template":"","meta":[],"product_cat":[52,54],"product_tag":[],"class_list":{"0":"post-6290","1":"product","2":"type-product","3":"status-publish","4":"has-post-thumbnail","6":"product_cat-dezinfectanti-medicali","7":"product_cat-tegumente","9":"first","10":"instock","11":"shipping-taxable","12":"purchasable","13":"product-type-simple"},"_links":{"self":[{"href":"https:\/\/klin.managementpro.ro\/en\/wp-json\/wp\/v2\/product\/6290","targetHints":{"allow":["GET"]}}],"collection":[{"href":"https:\/\/klin.managementpro.ro\/en\/wp-json\/wp\/v2\/product"}],"about":[{"href":"https:\/\/klin.managementpro.ro\/en\/wp-json\/wp\/v2\/types\/product"}],"replies":[{"embeddable":true,"href":"https:\/\/klin.managementpro.ro\/en\/wp-json\/wp\/v2\/comments?post=6290"}],"wp:featuredmedia":[{"embeddable":true,"href":"https:\/\/klin.managementpro.ro\/en\/wp-json\/wp\/v2\/media\/5841"}],"wp:attachment":[{"href":"https:\/\/klin.managementpro.ro\/en\/wp-json\/wp\/v2\/media?parent=6290"}],"wp:term":[{"taxonomy":"product_cat","embeddable":true,"href":"https:\/\/klin.managementpro.ro\/en\/wp-json\/wp\/v2\/product_cat?post=6290"},{"taxonomy":"product_tag","embeddable":true,"href":"https:\/\/klin.managementpro.ro\/en\/wp-json\/wp\/v2\/product_tag?post=6290"}],"curies":[{"name":"wp","href":"https:\/\/api.w.org\/{rel}","templated":true}]}}