{"id":6296,"date":"2024-07-23T16:47:29","date_gmt":"2024-07-23T16:47:29","guid":{"rendered":"https:\/\/klin.managementpro.ro\/?post_type=product&#038;p=6296"},"modified":"2024-07-23T16:47:33","modified_gmt":"2024-07-23T16:47:33","slug":"nozoklin-rtu-dezinfectant-pentru-suprafete-5-litri","status":"publish","type":"product","link":"https:\/\/klin.managementpro.ro\/en\/product\/nozoklin-rtu-dezinfectant-pentru-suprafete-5-litri\/","title":{"rendered":"NOZOKLIN RTU &#8211; Dezinfectant pentru Suprafete, 5 litri"},"content":{"rendered":"<ul>\n<li>Eficien\u021b\u0103 demonstrat\u0103 \u00een condi\u021bii de murd\u0103rie<\/li>\n<li>Efect rapid \u00een maxim 15 minute<\/li>\n<li>Compatibil cu majoritatea suprafe\u021belor dure<\/li>\n<\/ul>\n<p>NOZOKLIN RTU este un lichid gata de lucru, ce ofer\u0103 o dezinfec\u021bie de nivel mediu \u00een maxim 15 minute de la aplicare pe diferite suprafe\u021be dure.<\/p>\n<p><strong>Aviz emis de Comisia Na\u021bional\u0103 pentru Produse Biocide nr.6049BIO\/02\/12.24<\/strong><\/p>\n<p><strong>Product properties<\/strong><\/p>\n<ul>\n<li>Produsul se utilizeaz\u0103 ca atare, nu se dilueaz\u0103 \u0219i nu necesit\u0103 cl\u0103tire<\/li>\n<li>Are o capacitate bun\u0103 de cur\u0103\u021bare, degresare \u0219i spumare redus\u0103<\/li>\n<li>Se poate folosi inclusiv pe suprafe\u021be murdare cu produse biologice<\/li>\n<li>Nu con\u021bine coloran\u021bi, nu pateaz\u0103, nu decoloreaz\u0103 \u0219i nu albe\u0219te.<\/li>\n<\/ul>\n<p><strong>How to use<\/strong>: Pentru dezinfec\u021bia suprafe\u021belor se folose\u0219te o cantitate suficient\u0103 pentru acoperirea total\u0103 a acestora (4-10 ml acopera 1m\u00b2 ), prin tehnicile de pulverizare \/ \u0219tergere \u0219i se las\u0103 s\u0103 ac\u021bioneze \u00eentre 1 minut \u0219i 15 minute, \u00een func\u021bie de tipul de dezinfec\u021bie dorit. Produsul poate fi aplicat \u0219i pe suprafe\u021be din zona de preg\u0103tire \u0219i servire a alimentelor, dar nu \u00een contact cu acestea\/ pe alimente. Pentru suprafe\u021be ce sunt \u00een contact direct cu alimentele se recomand\u0103 cl\u0103tire cu ap\u0103 potabil\u0103 dup\u0103 timpul de ac\u021biune al produsului (sub jet sau \u0219tergere cu lavete curate de unic\u0103 \u00eentrebuin\u021bare). Se recomand\u0103 folosirea manu\u0219ilor de protec\u021bie minor\u0103.<\/p>\n<p><strong>Packaging<\/strong>: Flacoane: 1L, 5L<\/p>\n<p><strong>Compozi\u021bia chimic\u0103 &#8211; Ingrediente active pentru 100g produs: <\/strong>0,3% (m\/m) Clorur\u0103 de didecildimetilamoniu (nr. CE: 230 -525 -2, nr, CAS: 7173-51-5).<\/p>\n<p><strong>Other ingredients<\/strong>: &lt;5% surfactan\u021bi nonionici, agent de chelatizare, corectori de pH, parfum, ap\u0103.<\/p>\n<p><strong>Classification of the biocidal product<\/strong>: Grupa principala 1, tip produs 2.<\/p>\n<p><strong>User categories<\/strong>: Industriali, profesionali, popula\u021bie.<\/p>\n<p>Nozoklin RTU este ideal utiliz\u0103rii \u00een spitale, clinici medicale, policlinici, cabinete medicale, unit\u0103\u021bi de primiri urgen\u021be, centre de triaj, dar \u0219i \u00een domeniul industrial \u0219i casnic.<\/p>\n<p>&nbsp;<\/p>\n<p>Producer:\u00a0<strong>S.C. KLINTENSIV S.R.L.<\/strong><\/p>\n<p>Sos. Alexandriei nr 544, Bragadiru, jud. Ilfov<br \/>\nPhone: 021 448 14 99<br \/>\nwww.klintensiv.ro | office@klintensiv.ro<\/p>\n<p>&nbsp;<\/p>","protected":false},"excerpt":{"rendered":"<p>NOZOKLIN RTU este un lichid gata de lucru, ce ofera o dezinfec\u021bie de nivel mediu \u00een maxim 15 minute de la aplicare pe diferite suprafe\u021be dure.<\/p>","protected":false},"featured_media":5847,"comment_status":"open","ping_status":"closed","template":"","meta":[],"product_cat":[52,53],"product_tag":[],"class_list":{"0":"post-6296","1":"product","2":"type-product","3":"status-publish","4":"has-post-thumbnail","6":"product_cat-dezinfectanti-medicali","7":"product_cat-suprafete","9":"first","10":"outofstock","11":"shipping-taxable","12":"purchasable","13":"product-type-simple"},"_links":{"self":[{"href":"https:\/\/klin.managementpro.ro\/en\/wp-json\/wp\/v2\/product\/6296","targetHints":{"allow":["GET"]}}],"collection":[{"href":"https:\/\/klin.managementpro.ro\/en\/wp-json\/wp\/v2\/product"}],"about":[{"href":"https:\/\/klin.managementpro.ro\/en\/wp-json\/wp\/v2\/types\/product"}],"replies":[{"embeddable":true,"href":"https:\/\/klin.managementpro.ro\/en\/wp-json\/wp\/v2\/comments?post=6296"}],"wp:featuredmedia":[{"embeddable":true,"href":"https:\/\/klin.managementpro.ro\/en\/wp-json\/wp\/v2\/media\/5847"}],"wp:attachment":[{"href":"https:\/\/klin.managementpro.ro\/en\/wp-json\/wp\/v2\/media?parent=6296"}],"wp:term":[{"taxonomy":"product_cat","embeddable":true,"href":"https:\/\/klin.managementpro.ro\/en\/wp-json\/wp\/v2\/product_cat?post=6296"},{"taxonomy":"product_tag","embeddable":true,"href":"https:\/\/klin.managementpro.ro\/en\/wp-json\/wp\/v2\/product_tag?post=6296"}],"curies":[{"name":"wp","href":"https:\/\/api.w.org\/{rel}","templated":true}]}}