{"id":6297,"date":"2024-07-23T16:47:29","date_gmt":"2024-07-23T16:47:29","guid":{"rendered":"https:\/\/klin.managementpro.ro\/?post_type=product&#038;p=6297"},"modified":"2024-07-23T16:47:33","modified_gmt":"2024-07-23T16:47:33","slug":"klintensiv-disinfectantodorizer-hospital-level-1-litru","status":"publish","type":"product","link":"https:\/\/klin.managementpro.ro\/en\/product\/klintensiv-disinfectantodorizer-hospital-level-1-litru\/","title":{"rendered":"KLINTENSIV DISINFECTANT&amp;ODORIZER HOSPITAL LEVEL, 1 liter"},"content":{"rendered":"<ul>\n<li>U\u0219or de utilizat<\/li>\n<li>Ac\u021bioneaz\u0103 prin mecanism de oxidare<\/li>\n<li>Biodegradabil \u0219i ecologic (dup\u0103 utilizare se descompune)<\/li>\n<\/ul>\n<p><strong>Klintensiv Disinfectant&amp;Odorizer Hospital Level <\/strong>este un lichid gata de utilizare, pe baz\u0103 de acid hipocloros, folosit la dezinfectarea suprafe\u021belor din spitale, clinici \u0219i cabinete medicale, unit\u0103\u021bi de primiri urgen\u021be, centre de triaj.<\/p>\n<p><strong>Opinion issued by the National Commission for Biocidal Products, no.<\/strong><strong> 5834BIO\/02\/12.24<\/strong><\/p>\n<p><strong>PRODUCT PROPERTIES<\/strong><\/p>\n<ul>\n<li>Nu este coroziv<\/li>\n<li>Potrivit pentru suprafe\u021be multiple<\/li>\n<li>Nu se dilueaz\u0103<\/li>\n<li>No rinsing required<\/li>\n<li>Produsul nu este iritant pentru piele, cai respiratorii, mucoase oculare si bucale, in condi\u021bii normale de utilizare<\/li>\n<\/ul>\n<p><strong>MOD DE UTILIZARE<\/strong>: Dezinfectarea suprafe\u021belor prin \u0219tergere\/pulverizare: se aplic\u0103 uniform, prin tehnica \u0219tergerii sau pulveriz\u0103rii produsului, pe \u00eentreaga suprafa\u021b\u0103 cur\u0103\u021bat\u0103 \u00een prealabil de murd\u0103rie, p\u00e2n\u0103 la completa umezire. Suprafa\u021ba este men\u021binut\u0103 umed\u0103 pe tot parcursul timpului de ac\u021biune al solu\u021biei: minim 5 minute. Dup\u0103 ce a trecut timpul de contact, \u0219terge\u021bi cu o lavet\u0103 de unic\u0103 folosin\u021b\u0103 sau prosop de h\u00e2rtie, dac\u0103 este necesar. Nu necesit\u0103 cl\u0103tire.<\/p>\n<p><strong>AMBALARE<\/strong>: Flacoane 500 ml, 1 L, 5 L<\/p>\n<p><strong>CHEMICAL COMPOSITION<\/strong> &#8211; <strong>Ingredient activ pentru 100g produs<\/strong>: 0,0510-0,0549 % clor activ eliberat din acidul hipocloros* \u2013 CAS 7790-92-3; CE 232-232-5<\/p>\n<p>* acidul hipocloros este produs prin electroliza unei solu\u021bii apoase diluate de clorur\u0103 de sodiu<\/p>\n<p><strong>Other ingredients<\/strong>: ap\u0103 \u0219i clorur\u0103 de sodiu (0,013-0,016%)<\/p>\n<p><strong>\u00ceNCADRAREA PRODUSULUI BIOCID<\/strong> &#8211; Grupa principal\u0103: 1; Tipul de produs: 2<\/p>\n<p><strong>CATEGORIE<\/strong>: Profesionali, industriali, popula\u021bie.<\/p>\n<p>&nbsp;<\/p>\n<p>&nbsp;<\/p>\n<p>Manufacturer: KLINTENSIV SRL<br \/>\n\u0218os. Alexandriei 544, Bragadiru, jud. Ilfov.<br \/>\nTel: 021.448.14.99; office@klintensiv.com<\/p>\n<p>&nbsp;<\/p>","protected":false},"excerpt":{"rendered":"<p><strong>Klintensiv Disinfectant&amp;Odorizer Hospital Level <\/strong>este un lichid gata de utilizare, pe baz\u0103 de acid hipocloros, folosit la dezinfectarea suprafe\u021belor din spitale, clinici \u0219i cabinete medicale, unit\u0103\u021bi de primiri urgen\u021be, centre de triaj.<\/p>","protected":false},"featured_media":5848,"comment_status":"open","ping_status":"closed","template":"","meta":[],"product_cat":[52,53],"product_tag":[],"class_list":{"0":"post-6297","1":"product","2":"type-product","3":"status-publish","4":"has-post-thumbnail","6":"product_cat-dezinfectanti-medicali","7":"product_cat-suprafete","9":"first","10":"outofstock","11":"shipping-taxable","12":"purchasable","13":"product-type-simple"},"_links":{"self":[{"href":"https:\/\/klin.managementpro.ro\/en\/wp-json\/wp\/v2\/product\/6297","targetHints":{"allow":["GET"]}}],"collection":[{"href":"https:\/\/klin.managementpro.ro\/en\/wp-json\/wp\/v2\/product"}],"about":[{"href":"https:\/\/klin.managementpro.ro\/en\/wp-json\/wp\/v2\/types\/product"}],"replies":[{"embeddable":true,"href":"https:\/\/klin.managementpro.ro\/en\/wp-json\/wp\/v2\/comments?post=6297"}],"wp:featuredmedia":[{"embeddable":true,"href":"https:\/\/klin.managementpro.ro\/en\/wp-json\/wp\/v2\/media\/5848"}],"wp:attachment":[{"href":"https:\/\/klin.managementpro.ro\/en\/wp-json\/wp\/v2\/media?parent=6297"}],"wp:term":[{"taxonomy":"product_cat","embeddable":true,"href":"https:\/\/klin.managementpro.ro\/en\/wp-json\/wp\/v2\/product_cat?post=6297"},{"taxonomy":"product_tag","embeddable":true,"href":"https:\/\/klin.managementpro.ro\/en\/wp-json\/wp\/v2\/product_tag?post=6297"}],"curies":[{"name":"wp","href":"https:\/\/api.w.org\/{rel}","templated":true}]}}