{"id":6308,"date":"2024-07-23T16:47:30","date_gmt":"2024-07-23T16:47:30","guid":{"rendered":"https:\/\/klin.managementpro.ro\/?post_type=product&#038;p=6308"},"modified":"2024-07-23T16:47:35","modified_gmt":"2024-07-23T16:47:35","slug":"degresant-concentrat-multisuprafete-fara-clatire-1-litru","status":"publish","type":"product","link":"https:\/\/klin.managementpro.ro\/en\/product\/degresant-concentrat-multisuprafete-fara-clatire-1-litru\/","title":{"rendered":"DEGRESANT Concentrat multisuprafete fara clatire, 1 litru"},"content":{"rendered":"<p>Degresantul multisuprafe\u021be, f\u0103r\u0103 necesitate de cl\u0103tire \u0219i cu timp de uscare rapid este recomandat pentru eliminarea reziduurilor de murd\u0103rie de pe diverse suprafe\u021be, cum ar fi inox, ceramic\u0103, PVC, sticl\u0103 etc. Solu\u021bia este potrivit\u0103 pentru utilizare \u00een industria alimentar\u0103 \u0219i agroalimentar\u0103, \u00een buc\u0103t\u0103riile profesionale, \u00een sectorul hotelier, \u00een companiile de catering, fast food-uri, restaurante, cantine, patiserii, mese restaurant, mall-uri, degresare zone inox, sc\u0103ri rulante \u0219i altele asemenea. Nu con\u021bine hidroxid de Sodiu.<\/p>\n<ul>\n<li>Ac\u021bioneaza rapid<\/li>\n<li>Putere mare de cur\u0103\u021bare<\/li>\n<li>Nu produce deterior\u0103ri pe suprafe\u021be<\/li>\n<\/ul>\n<p><strong>Instruc\u021biuni de utilizare<\/strong>: Se poate folosi nediluat sau diluat, \u00een func\u021bie de nivelul de murd\u0103rie, prin pulverizare. Lasa\u021bi solu\u021bia s\u0103 ac\u021bioneze timp de 1-2 minute, apoi \u0219terge\u021bi cu o lavet\u0103 uscat\u0103. Concentra\u021bia recomandat\u0103 este de 5-10% \u00een ap\u0103 rece.<\/p>\n<p>Safety instructions: As per product safety data sheet.<\/p>\n<p>Manufacturer: KLINTENSIV SRL<\/p>","protected":false},"excerpt":{"rendered":"<p>Degresantul multisuprafe\u021be, f\u0103r\u0103 necesitate de cl\u0103tire \u0219i cu timp de uscare rapid este recomandat pentru eliminarea reziduurilor de murd\u0103rie de pe diverse suprafe\u021be, cum ar fi inox, ceramic\u0103, PVC, sticl\u0103 etc.<\/p>\n<ul>\n<li>Ac\u021bioneaza rapid<\/li>\n<li>Putere mare de cur\u0103\u021bare<\/li>\n<li>Nu produce deterior\u0103ri pe suprafe\u021be<\/li>\n<\/ul>","protected":false},"featured_media":5859,"comment_status":"open","ping_status":"closed","template":"","meta":[],"product_cat":[210,177,209],"product_tag":[],"class_list":{"0":"post-6308","1":"product","2":"type-product","3":"status-publish","4":"has-post-thumbnail","6":"product_cat-bucatarie-horeca","7":"product_cat-curatenie-profesionala","8":"product_cat-horeca","10":"first","11":"instock","12":"shipping-taxable","13":"purchasable","14":"product-type-simple"},"_links":{"self":[{"href":"https:\/\/klin.managementpro.ro\/en\/wp-json\/wp\/v2\/product\/6308","targetHints":{"allow":["GET"]}}],"collection":[{"href":"https:\/\/klin.managementpro.ro\/en\/wp-json\/wp\/v2\/product"}],"about":[{"href":"https:\/\/klin.managementpro.ro\/en\/wp-json\/wp\/v2\/types\/product"}],"replies":[{"embeddable":true,"href":"https:\/\/klin.managementpro.ro\/en\/wp-json\/wp\/v2\/comments?post=6308"}],"wp:featuredmedia":[{"embeddable":true,"href":"https:\/\/klin.managementpro.ro\/en\/wp-json\/wp\/v2\/media\/5859"}],"wp:attachment":[{"href":"https:\/\/klin.managementpro.ro\/en\/wp-json\/wp\/v2\/media?parent=6308"}],"wp:term":[{"taxonomy":"product_cat","embeddable":true,"href":"https:\/\/klin.managementpro.ro\/en\/wp-json\/wp\/v2\/product_cat?post=6308"},{"taxonomy":"product_tag","embeddable":true,"href":"https:\/\/klin.managementpro.ro\/en\/wp-json\/wp\/v2\/product_tag?post=6308"}],"curies":[{"name":"wp","href":"https:\/\/api.w.org\/{rel}","templated":true}]}}