{"id":6318,"date":"2024-07-23T16:47:37","date_gmt":"2024-07-23T16:47:37","guid":{"rendered":"https:\/\/klin.managementpro.ro\/?post_type=product&#038;p=6318"},"modified":"2024-07-23T16:47:39","modified_gmt":"2024-07-23T16:47:39","slug":"3in1-sampon-gel-de-dus-balsam-5-litri","status":"publish","type":"product","link":"https:\/\/klin.managementpro.ro\/en\/product\/3in1-sampon-gel-de-dus-balsam-5-litri\/","title":{"rendered":"3\u00een1 &#8211; \u0218AMPON, GEL DE DU\u0218, BALSAM, 5 litri"},"content":{"rendered":"<p>Descoperi\u021bi experien\u021ba revigorant\u0103 a du\u0219ului de diminea\u021b\u0103 \u0219i beneficiile combinate ale \u00eengrijirii complete cu produsul multifunc\u021bional KLINTENSIV 3 \u00een 1 &#8211; \u0218ampon, gel de du\u0219, balsam. Cu puterea sa de cur\u0103\u021bare eficient\u0103, spumarea bogat\u0103 \u0219i u\u0219urin\u021ba cl\u0103tirii, acest produs v\u0103 ofer\u0103 prospe\u021bimea \u0219i relaxarea de care ave\u021bi nevoie \u00een fiecare zi.<\/p>\n<h5><strong>Benefits:<\/strong><\/h5>\n<ul>\n<li>Eficien\u021b\u0103 \u00een cur\u0103\u021bare: Cur\u0103\u021b\u0103 \u00een profunzime pielea \u0219i p\u0103rul, \u00eendep\u0103rt\u00e2nd impurit\u0103\u021bile \u0219i reziduurile de produse.<\/li>\n<li>Versatilitate: Poate fi folosit ca gel de du\u0219, \u0219ampon sau balsam, adapt\u00e2ndu-se nevoilor tale zilnice de \u00eengrijire.<\/li>\n<li>Prospe\u021bime \u0219i relaxare: Combina\u021bia de senza\u021bii revigorante \u0219i relaxante te va \u00eenc\u0103rca pozitiv pentru \u00eentreaga zi.<\/li>\n<li>U\u0219or de utilizat: Se aplic\u0103 pe pielea \u0219i p\u0103rul umed, se maseaz\u0103 u\u0219or \u0219i se cl\u0103te\u0219te cu ap\u0103 din abunden\u021b\u0103.<\/li>\n<li>Potrivit pentru toate tipurile de piele \u0219i p\u0103r.<\/li>\n<\/ul>\n<p style=\"color:#ffff; margin-bottom: 8px;\">.<\/p>\n<h5><strong>How to use:<\/strong><\/h5>\n<p>Se aplic\u0103 o cantitate adecvat\u0103 de produs pe pielea \u0219i p\u0103rul umed, se maseaz\u0103 u\u0219or pentru a forma spum\u0103, apoi se cl\u0103te\u0219te cu ap\u0103 din abunden\u021b\u0103. Se repet\u0103 dac\u0103 este necesar.<\/p>\n<h5><strong>Composition:<\/strong><\/h5>\n<p>Aqua, Sodium Laureth Sulfate, Cocamidopropyl Betaine, Sodium Chloride, PEG-7 Glyceryl Cocoate, Glycerin, Phenoxyethanol, Lactic Acid, Poliquaternium-7, Parfum, Potassium Hydroxide, CI 47005, CI 42090.<\/p>\n<h5><strong>Precautions<\/strong>:<\/h5>\n<ul>\n<li>A se evita contactul cu ochii sau pielea iritat\u0103.<\/li>\n<li>Doar pentru uz extern, a nu se ingera.<\/li>\n<li>Contraindicat persoanelor cu alergii la cel pu\u021bin unul dintre componente.<\/li>\n<li>Produsul trebuie s\u0103 fie p\u0103strat \u00eentr-un loc uscat, la temperaturi \u00eentre 5-30\u00b0C, ferit de razele directe ale soarelui \u0219i de \u00eenghe\u021b.<\/li>\n<\/ul>","protected":false},"excerpt":{"rendered":"<p>Experimenta\u021bi pl\u0103cerea unui du\u0219 matinal revigorant cu beneficiile complete ale produsului multifunc\u021bional <strong>KLINTENSIV 3 \u00een 1 \u2013 \u0218ampon, gel de du\u0219, balsam<\/strong>. Formula puternic\u0103 cur\u0103\u021b\u0103 \u00een profunzime, l\u0103s\u00e2nd pielea \u0219i p\u0103rul curate \u0219i revitalizate. Poate fi utilizat ca gel de du\u0219, \u0219ampon sau balsam, adapt\u00e2ndu-se nevoilor voastre zilnice de \u00eengrijire. Bucura\u021bi-v\u0103 de prospe\u021bimea \u0219i relaxarea oferite de senza\u021biile revigorante \u0219i relaxante, \u00eenc\u0103rc\u00e2ndu-v\u0103 pozitiv pentru \u00eentreaga zi.<\/p>","protected":false},"featured_media":5890,"comment_status":"open","ping_status":"closed","template":"","meta":[],"product_cat":[127,209,126,128],"product_tag":[],"class_list":{"0":"post-6318","1":"product","2":"type-product","3":"status-publish","4":"has-post-thumbnail","6":"product_cat-gel-dus","7":"product_cat-horeca","8":"product_cat-ingrijire-personala","9":"product_cat-sampon","11":"first","12":"instock","13":"shipping-taxable","14":"purchasable","15":"product-type-simple"},"_links":{"self":[{"href":"https:\/\/klin.managementpro.ro\/en\/wp-json\/wp\/v2\/product\/6318","targetHints":{"allow":["GET"]}}],"collection":[{"href":"https:\/\/klin.managementpro.ro\/en\/wp-json\/wp\/v2\/product"}],"about":[{"href":"https:\/\/klin.managementpro.ro\/en\/wp-json\/wp\/v2\/types\/product"}],"replies":[{"embeddable":true,"href":"https:\/\/klin.managementpro.ro\/en\/wp-json\/wp\/v2\/comments?post=6318"}],"wp:featuredmedia":[{"embeddable":true,"href":"https:\/\/klin.managementpro.ro\/en\/wp-json\/wp\/v2\/media\/5890"}],"wp:attachment":[{"href":"https:\/\/klin.managementpro.ro\/en\/wp-json\/wp\/v2\/media?parent=6318"}],"wp:term":[{"taxonomy":"product_cat","embeddable":true,"href":"https:\/\/klin.managementpro.ro\/en\/wp-json\/wp\/v2\/product_cat?post=6318"},{"taxonomy":"product_tag","embeddable":true,"href":"https:\/\/klin.managementpro.ro\/en\/wp-json\/wp\/v2\/product_tag?post=6318"}],"curies":[{"name":"wp","href":"https:\/\/api.w.org\/{rel}","templated":true}]}}