{"id":6319,"date":"2024-07-23T16:47:37","date_gmt":"2024-07-23T16:47:37","guid":{"rendered":"https:\/\/klin.managementpro.ro\/?post_type=product&#038;p=6319"},"modified":"2024-07-23T16:47:40","modified_gmt":"2024-07-23T16:47:40","slug":"klintensiv-aminoquat-1-litru","status":"publish","type":"product","link":"https:\/\/klin.managementpro.ro\/en\/product\/klintensiv-aminoquat-1-litru\/","title":{"rendered":"KLINTENSIV AMINOQUAT, 1 liter"},"content":{"rendered":"<ul>\n<li>Cur\u0103\u021b\u0103 \u0219i dezinfecteaz\u0103 sistemele de aspirare<\/li>\n<li>F\u0103r\u0103 spumare<\/li>\n<li>Wide range<\/li>\n<\/ul>\n<p><strong>KLINTENSIV AMINOQUAT<\/strong>\u00a0este un detergent lichid concentrat cu spectru larg de eficacitate biocid\u0103, destinat cur\u0103\u021b\u0103rii \u0219i dezinfect\u0103rii sistemului de aspirare, \u00een domeniul stomatologic.<\/p>\n<p>Produsul nu decoloreaz\u0103\/pateaz\u0103 dup\u0103 aplicare pe suprafe\u021bele netede \u0219i solide \u0219i prezint\u0103 o eficien\u021b\u0103 demonstrat\u0103, \u00een condi\u021bii de murd\u0103rie. Con\u021bine agen\u021bi tensioactivi cu capacitate bun\u0103 de cur\u0103\u021bare. Nu spumeza.<\/p>\n<p><strong>Aviz emis de Comisia Na\u021bional\u0103 pentru Produse Biocide nr. 6328BIO\/02\/12.24<\/strong><\/p>\n<p><strong>Field of use<\/strong>: Dezinfectante \u0219i algicide care nu sunt destinate aplic\u0103rii directe la oameni sau animale.<\/p>\n<p><strong>Scope<\/strong>: Dezinfec\u021bia \u0219i cur\u0103\u021barea suprafe\u021belor din unit\u0103\u021bile sanitare, unit\u0103\u021bi publice \u0219i private. Dezinfectarea instrumentarului \u0219i dispozitivelor medicale. Dezinfectarea suprafe\u021belor \u00een industria farmaceutic\u0103 \u0219i cosmetic\u0103.<\/p>\n<p><strong>How to use<\/strong>: Recipientul cu produs dezinfectant concentrat este agitat energic \u00eenaintea doz\u0103rii cantit\u0103\u021bii necesare de produs pentru a prepara solu\u021bia gata de lucru. Produsul se poate utiliza pe suprafe\u021be curate \/ murdare. Exemplu mod de preparare: 75 ml detergent dezinfectant concentrat + 9,925 L ap\u0103 potabil\u0103\/distilat\u0103, pentru a ob\u021bine 10 L solu\u021bie gata de lucru 0,75% (v\/v). Pentru dezinfectarea suprafe\u021belor se aplic\u0103 direct prin pulverizare urmat\u0103 de \u0219tergere cu o lavet\u0103 (preferabil din<br \/>\npoliester\/polietilen\u0103) \u0219i \u00een func\u021bie de spectrul de activitate dorit, o cantitate suficient\u0103 de solu\u021bie gata de lucru (0,2-0,75)% v\/v pentru acoperirea total\u0103 a acestora (4-10 ml acoper\u0103 1 m<sup>2<\/sup>). Nu necesit\u0103 cl\u0103tire. \u00cen cazul instrumentarului, acesta se imerseaz\u0103 total \u00een cuva\/recipientul cu solu\u021bie gata de lucru (0,5-1)% v\/v, \u00een func\u021bie de spectrul de activitate dorit, \u0219i se las\u0103 s\u0103 ac\u021bioneze 60 de minute. Se clate\u0219te cu ap\u0103 potabil\u0103\/demineralizat\u0103\/ steril\u0103, \u00een func\u021bie de protocolul intern al unit\u0103\u021bii medicale. O alt\u0103 tehnic\u0103 de aplicare este dezinfectarea prin recirculare.<br \/>\nPoate fi aplicat direct pe suprafe\u021be din: plastic, metal (acoperit prin vopsire\/ galvanizare, cupru, aluminiu, 314L, 316L, alimentar\/ industrial), cauciuc, teflon, silicon, lemn, ceramic\u0103, sticl\u0103, pavimente (beton, gresie, lemn, marmur\u0103, r\u0103\u0219in\u0103, linoleum, covoare\/ mochete).<\/p>\n<p><strong>Packaging<\/strong>: Flacoane 1L, 5L<\/p>\n<p><strong>Compozitie chimica<\/strong>. Ingrediente active pentru 100g produs: 5,1% (m\/m) N-(3-aminopropil)-N-dodecilpropan-1,3-diamina, nr. CAS: 2372-82-9, CE: 219-145-8;<br \/>\n2,5% (m\/m) Clorura de didecildimetilamoniu, nr. CAS: 7173-51-5, CE: 230-525-2.<\/p>\n<p><strong>Other ingredients<\/strong>: &lt;5% surfactan\u021bi nonionici, solubilizan\u021bi, inhibitori de coroziune, agent de chelatizare, ap\u0103.<\/p>\n<p><strong>Incadrarea produsul biocid<\/strong>: Grupa principala: 1. Tipul de produs: 2<\/p>\n<p><strong>User category<\/strong>: profesionali, industriali, popula\u021bie.<\/p>\n<p>Producator: <strong>S.C. KLINTENSIV S.R.L.<\/strong><\/p>\n<p>&nbsp;<\/p>\n<p>&nbsp;<\/p>\n<p>&nbsp;<\/p>\n<p>&nbsp;<\/p>","protected":false},"excerpt":{"rendered":"<p><strong>KLINTENSIV AMINOQUAT<\/strong>\u00a0este un detergent lichid concentrat cu spectru larg de eficacitate biocid\u0103, destinat cur\u0103\u021b\u0103rii \u0219i dezinfect\u0103rii sistemului de aspirare, \u00een domeniul stomatologic.<\/p>","protected":false},"featured_media":5891,"comment_status":"open","ping_status":"closed","template":"","meta":[],"product_cat":[52,63,208,53],"product_tag":[],"class_list":{"0":"post-6319","1":"product","2":"type-product","3":"status-publish","4":"has-post-thumbnail","6":"product_cat-dezinfectanti-medicali","7":"product_cat-instrumentar-echipamente","8":"product_cat-oferte","9":"product_cat-suprafete","11":"first","12":"instock","13":"shipping-taxable","14":"purchasable","15":"product-type-simple"},"_links":{"self":[{"href":"https:\/\/klin.managementpro.ro\/en\/wp-json\/wp\/v2\/product\/6319","targetHints":{"allow":["GET"]}}],"collection":[{"href":"https:\/\/klin.managementpro.ro\/en\/wp-json\/wp\/v2\/product"}],"about":[{"href":"https:\/\/klin.managementpro.ro\/en\/wp-json\/wp\/v2\/types\/product"}],"replies":[{"embeddable":true,"href":"https:\/\/klin.managementpro.ro\/en\/wp-json\/wp\/v2\/comments?post=6319"}],"wp:featuredmedia":[{"embeddable":true,"href":"https:\/\/klin.managementpro.ro\/en\/wp-json\/wp\/v2\/media\/5891"}],"wp:attachment":[{"href":"https:\/\/klin.managementpro.ro\/en\/wp-json\/wp\/v2\/media?parent=6319"}],"wp:term":[{"taxonomy":"product_cat","embeddable":true,"href":"https:\/\/klin.managementpro.ro\/en\/wp-json\/wp\/v2\/product_cat?post=6319"},{"taxonomy":"product_tag","embeddable":true,"href":"https:\/\/klin.managementpro.ro\/en\/wp-json\/wp\/v2\/product_tag?post=6319"}],"curies":[{"name":"wp","href":"https:\/\/api.w.org\/{rel}","templated":true}]}}