{"id":6321,"date":"2024-07-23T16:47:37","date_gmt":"2024-07-23T16:47:37","guid":{"rendered":"https:\/\/klin.managementpro.ro\/?post_type=product&#038;p=6321"},"modified":"2024-07-23T16:47:40","modified_gmt":"2024-07-23T16:47:40","slug":"quat-soap-sapun-igienic-si-chirurgical-1-litru","status":"publish","type":"product","link":"https:\/\/klin.managementpro.ro\/en\/product\/quat-soap-sapun-igienic-si-chirurgical-1-litru\/","title":{"rendered":"QUAT SOAP &#8211; Sapun igienic si chirurgical, 1 litru"},"content":{"rendered":"<ul>\n<li>Dezinfectare igienic\u0103 \u0219i chirurgical\u0103<\/li>\n<li>Efect remanent<\/li>\n<li>Testare MRSA + E. faecium<\/li>\n<li>Testat dermatologi<\/li>\n<\/ul>\n<p><strong>QUAT SOAP<\/strong> \u00a0este un lichid v\u00e2scos care con\u021bine agen\u021bi tensioactivi cu capacitate de cur\u0103\u021bare \u0219i spumare redus\u0103, utilizat pentru dezinfectarea igienic\u0103 \u0219i chirurgical\u0103 a m\u00e2inilor \u0219i a pielii. Produsul are eficien\u021b\u0103 demonstrat\u0103 \u00een condi\u021bii de murd\u0103rie, nu pateaz\u0103, nu decoloreaz\u0103 \u0219i are efect emolient, protectiv asupra pielii prin natura agen\u021bilor protectivi tegumentar. Prezint\u0103 efect remanent \u0219i este testat dermatologic. Produsul este ideal utiliz\u0103rii: acas\u0103, la serviciu\/\u0219coal\u0103, restaurant, institu\u021bii publice, grupuri sanitare, cabine de du\u0219, unit\u0103\u021bi de cazare personal, magazine, toalete publice, \u00een urma contactului direct cu suprafe\u021be atinse \u0219i de alte persoane. \u00cen domenii cu nivel de igien\u0103 specific\u0103 (industria alimentar\u0103, cosmetic\u0103 \u0219i farmaceutic\u0103) produsul asigur\u0103 protec\u021bia ideal\u0103 a personalului, respectiv a calit\u0103\u021bii produselor fabricate \u00een aceste domenii.<\/p>\n<p><strong>Opinion issued by the National Commission for Biocidal Products, no. <\/strong><strong>6470BIO\/02\/12.24<\/strong><\/p>\n<p><strong>Proprietati produs<\/strong>:<\/p>\n<p>Capacitate de cur\u0103\u021bare \u0219i spumare redus\u0103<\/p>\n<p>Are efect emolient, protectiv asupra pielii prin natura agen\u021bilor protectivi tegumentar<\/p>\n<p>Are efect remanent<\/p>\n<p><strong>How to use:<\/strong><\/p>\n<p>Produsul se utilizeaz\u0103 ca atare, nu se dilueaz\u0103. Se poate folosi pe pielea curat\u0103\/murdar\u0103, prezint\u0103 ac\u021biune rapid\u0103 fiind indicat utiliz\u0103rilor repetate.<\/p>\n<p>Pentru dezinfec\u021bia igienic\u0103 a m\u00e2inilor\/\u00eentregului corp se folose\u0219te o cantitate suficient\u0103 pentru acoperirea prin spumare (5 ml) a suprafe\u021bei dorite. Dup\u0103 un timp de contact de minim 1 minut se cl\u0103te\u0219te cu ap\u0103 potabil\u0103. Pentru dezinfec\u021bia chirurgical\u0103 se recomand\u0103 ca accesoriile s\u0103 fie \u00eendep\u0103rtate. Se aplic\u0103 4 ml de produs pe m\u00e2inile umezite \u00een prealabil, se freac\u0103 m\u00e2inile pentru spumare timp de 2 minute, frontal, palm\u0103 pe palm\u0103, apoi se alterneaz\u0103 palma cu dosul m\u00e2inilor. Se freac\u0103 cu aten\u021bie v\u00e2rfurile \u0219i \u00eencheieturile degetelor, \u00een cutele epidermei. Se cl\u0103te\u0219te cu ap\u0103 steril\u0103 15 secunde. Se repet\u0103 procesul de sp\u0103lare cu \u00eenc\u0103 4 ml de produs \u0219i un timp de frecare de 2 minute. La final, se cl\u0103te\u0219te bine cu ap\u0103 steril\u0103 \u0219i se usuc\u0103. S\u0103punul lichid este recomandat cur\u0103\u021b\u0103rii \u00eentregului corp \u00eenaintea interven\u021biilor chirurgicale invazive. \u00cen cazul cur\u0103\u021b\u0103rii \u00eentregului corp\/ du\u0219 se recomand\u0103 evitarea p\u0103trunderii produsului \u00een ochi, respectiv gur\u0103.<\/p>\n<p><strong>Packaging<\/strong>: Flacoane: 1L, 5L<\/p>\n<p><strong>Compozitia chimic\u0103 &#8211; Ingrediente active pentru 100g produs: <\/strong>0,7% m\/m didecildimetilamoniu clorur\u0103 (CAS: 7173-51-5, CE: 230-525-2); 0,1% m\/m compu\u0219i cuaternari de amoniu, benzil-C12-18 alchildimetil, cloruri (CAS: 68391-01-5, CE: 269-919-4)<\/p>\n<p><strong>Other ingredients:<\/strong> &lt;5% surfactan\u021bi nonionici, \u22655% &#8211; &lt;15% surfactan\u021bi anionici, agen\u021bi emolien\u021bi, \u00eengro\u0219\u0103tor, parfum, agent corectare pH, ap\u0103.<\/p>\n<p><strong>Classification of the biocidal product<\/strong>: Grupa principala: 1. Tip produs: 1.<\/p>\n<p><strong>User categories<\/strong>: Professionals, population<\/p>\n<p>&nbsp;<\/p>\n<p>&nbsp;<\/p>\n<p>Producer:\u00a0<strong>S.C. KLINTENSIV S.R.L.<\/strong><\/p>\n<p>Sos. Alexandriei nr 544, Bragadiru, jud. Ilfov<br \/>\nPhone: 021 448 14 99<br \/>\nwww.klintensiv.ro | office@klintensiv.ro<\/p>\n<p>&nbsp;<\/p>\n<p>&nbsp;<\/p>\n<p>&nbsp;<\/p>","protected":false},"excerpt":{"rendered":"<p><strong>QUAT SOAP<\/strong> este un lichid v\u00e2scos utilizat pentru dezinfectarea igienic\u0103 \u0219i chirurgical\u0103 a m\u00e2inilor \u0219i a pielii.<\/p>","protected":false},"featured_media":5893,"comment_status":"open","ping_status":"closed","template":"","meta":[],"product_cat":[52,54],"product_tag":[],"class_list":{"0":"post-6321","1":"product","2":"type-product","3":"status-publish","4":"has-post-thumbnail","6":"product_cat-dezinfectanti-medicali","7":"product_cat-tegumente","9":"first","10":"instock","11":"shipping-taxable","12":"purchasable","13":"product-type-simple"},"_links":{"self":[{"href":"https:\/\/klin.managementpro.ro\/en\/wp-json\/wp\/v2\/product\/6321","targetHints":{"allow":["GET"]}}],"collection":[{"href":"https:\/\/klin.managementpro.ro\/en\/wp-json\/wp\/v2\/product"}],"about":[{"href":"https:\/\/klin.managementpro.ro\/en\/wp-json\/wp\/v2\/types\/product"}],"replies":[{"embeddable":true,"href":"https:\/\/klin.managementpro.ro\/en\/wp-json\/wp\/v2\/comments?post=6321"}],"wp:featuredmedia":[{"embeddable":true,"href":"https:\/\/klin.managementpro.ro\/en\/wp-json\/wp\/v2\/media\/5893"}],"wp:attachment":[{"href":"https:\/\/klin.managementpro.ro\/en\/wp-json\/wp\/v2\/media?parent=6321"}],"wp:term":[{"taxonomy":"product_cat","embeddable":true,"href":"https:\/\/klin.managementpro.ro\/en\/wp-json\/wp\/v2\/product_cat?post=6321"},{"taxonomy":"product_tag","embeddable":true,"href":"https:\/\/klin.managementpro.ro\/en\/wp-json\/wp\/v2\/product_tag?post=6321"}],"curies":[{"name":"wp","href":"https:\/\/api.w.org\/{rel}","templated":true}]}}