{"id":6323,"date":"2024-07-23T16:47:37","date_gmt":"2024-07-23T16:47:37","guid":{"rendered":"https:\/\/klin.managementpro.ro\/?post_type=product&#038;p=6323"},"modified":"2024-07-23T16:47:40","modified_gmt":"2024-07-23T16:47:40","slug":"klinall-soap-sapun-lichid-profesional-antimicrobian-1-litru","status":"publish","type":"product","link":"https:\/\/klin.managementpro.ro\/en\/product\/klinall-soap-sapun-lichid-profesional-antimicrobian-1-litru\/","title":{"rendered":"KLINALL SOAP, liquid PROFESSIONAL antimicrobial liquid soap, 1 liter"},"content":{"rendered":"<p>KLINALL SOAP este un s\u0103pun lichid antimicrobian pe baz\u0103 de clorhexidin\u0103 digluconat. Produsul este destinat dezinfect\u0103rii igienice a m\u00e2inilor \u0219i tegumentelor prin sp\u0103lare. Produs eficient destinat utiliz\u0103rii zilnice repetate. Formula inovativ\u0103 pe baz\u0103 de surfactan\u021bi cu bun\u0103 protec\u021bie tegumentar\u0103 \u0219i spumare redus\u0103. F\u0103r\u0103 aldehide sau fenoli. F\u0103r\u0103 parfum.<\/p>\n<p>Grupa principala: 1. Tipul de produs: 1<\/p>\n<p>Domeniu de utilizare: Igiena uman\u0103.<\/p>\n<p>Aria de aplicare: Dezinfec\u021bia igienic\u0103 a m\u00e2inilor prin sp\u0103lare.<\/p>\n<p>Indica\u021bii de utilizare: Dezinfec\u021bia igienic\u0103 a m\u00e2inilor: 10ml, prin sp\u0103lare 1 minut;<\/p>\n<table style=\"height: 318px;\" width=\"883\">\n<tbody>\n<tr>\n<td width=\"208\">\u00a0 \u00a0Application method<\/td>\n<td width=\"208\">\u00a0 \u00a0 \u00a0 \u00a0Concentra\u021bia solu\u021biei de lucru \/<br \/>\napplication dose<\/td>\n<td width=\"208\">\u00a0 \u00a0 \u00a0 \u00a0 \u00a0 \u00a0 \u00a0 \u00a0Action time<\/td>\n<\/tr>\n<tr>\n<td width=\"208\">\u00a0 Dezinfec\u021bia igienic\u0103 a<br \/>\nm\u00e2inilor prin sp\u0103lare<\/td>\n<td width=\"208\">10 ml<\/td>\n<td width=\"208\">\u00a0 \u00a0 1 minut<\/td>\n<\/tr>\n<tr>\n<td rowspan=\"2\" width=\"208\">Dezinfec\u021bia chirurgical\u0103<br \/>\na m\u00e2inilor prin sp\u0103lare<\/td>\n<td rowspan=\"2\" width=\"208\">50%<\/td>\n<td width=\"208\">2 minute \u2013 inactivare<\/p>\n<p>virusuri anvelopate<\/td>\n<\/tr>\n<tr>\n<td width=\"208\">1 minut &#8211; micobactericid\u0103<\/td>\n<\/tr>\n<\/tbody>\n<\/table>\n<p>&nbsp;<\/p>","protected":false},"excerpt":{"rendered":"<p><strong>KLINALL SOAP<\/strong> este un s\u0103pun lichid antimicrobian, F\u0102R\u0102 PARFUM, pe baz\u0103 de clorhexidin\u0103 digluconat. Produsul este destinat dezinfect\u0103rii igienice a m\u00e2inilor \u0219i tegumentelor prin sp\u0103lare.<\/p>","protected":false},"featured_media":5895,"comment_status":"open","ping_status":"closed","template":"","meta":[],"product_cat":[178],"product_tag":[],"class_list":{"0":"post-6323","1":"product","2":"type-product","3":"status-publish","4":"has-post-thumbnail","6":"product_cat-horeca-industrial","8":"first","9":"instock","10":"shipping-taxable","11":"purchasable","12":"product-type-simple"},"_links":{"self":[{"href":"https:\/\/klin.managementpro.ro\/en\/wp-json\/wp\/v2\/product\/6323","targetHints":{"allow":["GET"]}}],"collection":[{"href":"https:\/\/klin.managementpro.ro\/en\/wp-json\/wp\/v2\/product"}],"about":[{"href":"https:\/\/klin.managementpro.ro\/en\/wp-json\/wp\/v2\/types\/product"}],"replies":[{"embeddable":true,"href":"https:\/\/klin.managementpro.ro\/en\/wp-json\/wp\/v2\/comments?post=6323"}],"wp:featuredmedia":[{"embeddable":true,"href":"https:\/\/klin.managementpro.ro\/en\/wp-json\/wp\/v2\/media\/5895"}],"wp:attachment":[{"href":"https:\/\/klin.managementpro.ro\/en\/wp-json\/wp\/v2\/media?parent=6323"}],"wp:term":[{"taxonomy":"product_cat","embeddable":true,"href":"https:\/\/klin.managementpro.ro\/en\/wp-json\/wp\/v2\/product_cat?post=6323"},{"taxonomy":"product_tag","embeddable":true,"href":"https:\/\/klin.managementpro.ro\/en\/wp-json\/wp\/v2\/product_tag?post=6323"}],"curies":[{"name":"wp","href":"https:\/\/api.w.org\/{rel}","templated":true}]}}