{"id":6324,"date":"2024-07-23T16:47:37","date_gmt":"2024-07-23T16:47:37","guid":{"rendered":"https:\/\/klin.managementpro.ro\/?post_type=product&#038;p=6324"},"modified":"2024-07-23T16:47:40","modified_gmt":"2024-07-23T16:47:40","slug":"igienic-plus-detergent-concentrat-cu-rol-igienizant-pe-baza-de-clor-5-litri","status":"publish","type":"product","link":"https:\/\/klin.managementpro.ro\/en\/product\/igienic-plus-detergent-concentrat-cu-rol-igienizant-pe-baza-de-clor-5-litri\/","title":{"rendered":"IGIENIC PLUS &#8211; Detergent concentrat cu rol igienizant pe baza de clor, 5 litri"},"content":{"rendered":"<ul>\n<li>Detergent concentrat<\/li>\n<li>Pe baz\u0103 de clor<\/li>\n<li>Fast action<\/li>\n<\/ul>\n<p><strong>Igienic Plus<\/strong> este un detergent lichid sub form\u0103 de gel, pe baz\u0103 de hipoclorit de sodiu, cu rol igienizant, fiind destinat cur\u0103\u021b\u0103rii suprafe\u021belor din industria alimentar\u0103 \u0219i a grupurilor sanitare. Se utilizeaz\u0103 pe suprafe\u021bele dure tip gresie, faian\u021b\u0103, ceramic\u0103, linoleum, r\u0103\u0219in\u0103 epoxidic\u0103, inox, email, metale acoperite cu straturi de protec\u021bie rezistente la agen\u021bi oxidan\u021bi, lemn, \u0219.a.<\/p>\n<p><strong>Composition<\/strong>: \u00cen acord cu recomand\u0103rile 648\/2004 EEC: minim 5% hipoclorit de sodiu, \u22655-&lt;15% surfactan\u021bi nonionici, clorur\u0103 de sodiu, hidroxid de sodiu, ap\u0103.<\/p>\n<p><strong>Instruc\u021biuni de utilizare<\/strong>: Produsul se utilizeaz\u0103 ca atare sau se dilueaz\u0103. Se aplic\u0103 pe suprafe\u021be rezistente la coroziune utiliz\u00e2nd un aplicator manual sau o perie\/ burete\/ lavet\u0103 din microfibr\u0103. Dup\u0103 aplicarea produsului, se las\u0103 s\u0103 ac\u021bioneze timp de 3-5 minute, apoi se cur\u0103\u021b\u0103 prin clatire cu ap\u0103. \u00cen func\u021bie de stratul depus, poate fi<br \/>\nnecesar\u0103 repetarea etapei de cur\u0103\u021bare. Pentru o cur\u0103\u021bare rapid\u0103 se recomand\u0103 aplicarea produsului \u0219i frecarea cu un burete dur sau o perie. Pentru suprafe\u021bele din industria alimentar\u0103, inclusiv buc\u0103t\u0103rii, se aplic\u0103 pe suprafe\u021be umezite \u00een prealabil cu ap\u0103 rece sau sub form\u0103 de solu\u021bie de 3-5% (v\/v). Se recomand\u0103 un timp de contact de 15 minute pentru a igieniza adecvat suprafe\u021bele. Dup\u0103 acest timp, suprafe\u021bele sunt cl\u0103tite din abunden\u021b\u0103 cu ap\u0103 cald\u0103 (35\u00b0C -50\u00b0C).<\/p>\n<p>&nbsp;<\/p>\n<p>Manufacturer: KLINTENSIV SRL<br \/>\n\u0218os. Alexandriei nr 544, ora\u0219 Bragadiru,<br \/>\njude\u021b Ilfov. Tel: 021.448.14.99<br \/>\noffice@klintensiv.com | www.klintensiv.com<\/p>","protected":false},"excerpt":{"rendered":"<p><strong>Igienic Plus<\/strong> este un detergent lichid sub form\u0103 de gel, pe baz\u0103 de hipoclorit de sodiu, cu rol igienizant, fiind destinat cur\u0103\u021b\u0103rii suprafe\u021belor din industria alimentar\u0103 \u0219i a grupurilor sanitare.<\/p>","protected":false},"featured_media":5896,"comment_status":"open","ping_status":"closed","template":"","meta":[],"product_cat":[215,210,209],"product_tag":[],"class_list":{"0":"post-6324","1":"product","2":"type-product","3":"status-publish","4":"has-post-thumbnail","6":"product_cat-baie-horeca","7":"product_cat-bucatarie-horeca","8":"product_cat-horeca","10":"first","11":"instock","12":"shipping-taxable","13":"purchasable","14":"product-type-simple"},"_links":{"self":[{"href":"https:\/\/klin.managementpro.ro\/en\/wp-json\/wp\/v2\/product\/6324","targetHints":{"allow":["GET"]}}],"collection":[{"href":"https:\/\/klin.managementpro.ro\/en\/wp-json\/wp\/v2\/product"}],"about":[{"href":"https:\/\/klin.managementpro.ro\/en\/wp-json\/wp\/v2\/types\/product"}],"replies":[{"embeddable":true,"href":"https:\/\/klin.managementpro.ro\/en\/wp-json\/wp\/v2\/comments?post=6324"}],"wp:featuredmedia":[{"embeddable":true,"href":"https:\/\/klin.managementpro.ro\/en\/wp-json\/wp\/v2\/media\/5896"}],"wp:attachment":[{"href":"https:\/\/klin.managementpro.ro\/en\/wp-json\/wp\/v2\/media?parent=6324"}],"wp:term":[{"taxonomy":"product_cat","embeddable":true,"href":"https:\/\/klin.managementpro.ro\/en\/wp-json\/wp\/v2\/product_cat?post=6324"},{"taxonomy":"product_tag","embeddable":true,"href":"https:\/\/klin.managementpro.ro\/en\/wp-json\/wp\/v2\/product_tag?post=6324"}],"curies":[{"name":"wp","href":"https:\/\/api.w.org\/{rel}","templated":true}]}}