{"id":6330,"date":"2024-07-23T16:47:37","date_gmt":"2024-07-23T16:47:37","guid":{"rendered":"https:\/\/klin.managementpro.ro\/?post_type=product&#038;p=6330"},"modified":"2024-07-23T16:47:42","modified_gmt":"2024-07-23T16:47:42","slug":"sapun-lichid-profesional-5l","status":"publish","type":"product","link":"https:\/\/klin.managementpro.ro\/en\/product\/sapun-lichid-profesional-5l\/","title":{"rendered":"S\u0102PUN LICHID PROFESIONAL, 5L"},"content":{"rendered":"<ul>\n<li>Cur\u0103\u021b\u0103 \u0219i igienizeaz\u0103 pielea<\/li>\n<li>F\u0103r\u0103 parfum sau coloran\u021bi<\/li>\n<\/ul>\n<p><strong>S\u0103pun Lichid<\/strong> pentru m\u00e2ini, f\u0103r\u0103 parfum sau coloran\u021bi , destinat pentru utilizare \u00een industria alimentar\u0103 \u0219i Horeca. Cur\u0103\u021b\u0103 \u0219i igienizeaz\u0103 pielea.<\/p>\n<p><strong>Instruc\u021biuni de utilizare<\/strong>: se aplic\u0103 direct pe pielea umed\u0103, se freac\u0103 bine m\u00e2inile timp de 30 secunde, apoi se clate\u0219te cu ap\u0103 din abunden\u021b\u0103. Tehnica de sp\u0103lare trebuie sa cuprind\u0103 toate zonele m\u00e2ini (fa\u021b\u0103, spate, degete, unghii). Pentru o igienizare adecvat\u0103 sunt \u00eendepartate toate accesoriile de la m\u00e2ini.<\/p>\n<p><strong>Ingrediente<\/strong>: Aqua, Sodium Laureth Sulfate, Cocamidopropyl Betaine, Sodium Chlorine, Cocoglucoside, Glycerin, Phenoxyethanol.<\/p>\n<p>&nbsp;<\/p>\n<p>Manufacturer: KLINTENSIV SRL<br \/>\n\u0218os. Alexandriei 544, Bragadiru city, Ilfov county.<br \/>\nTel: 021.448.14.99<br \/>\noffice@klintensiv.com | www.klintensiv.com<\/p>","protected":false},"excerpt":{"rendered":"<p><strong>S\u0103pun Lichid<\/strong> pentru m\u00e2ini, f\u0103r\u0103 parfum sau coloran\u021bi , destinat pentru utilizare \u00een industria alimentar\u0103 \u0219i Horeca. Cur\u0103\u021b\u0103 \u0219i igienizeaz\u0103 pielea.<\/p>","protected":false},"featured_media":5902,"comment_status":"open","ping_status":"closed","template":"","meta":[],"product_cat":[177,218],"product_tag":[],"class_list":{"0":"post-6330","1":"product","2":"type-product","3":"status-publish","4":"has-post-thumbnail","6":"product_cat-curatenie-profesionala","7":"product_cat-igiena-maini","9":"first","10":"outofstock","11":"shipping-taxable","12":"purchasable","13":"product-type-simple"},"_links":{"self":[{"href":"https:\/\/klin.managementpro.ro\/en\/wp-json\/wp\/v2\/product\/6330","targetHints":{"allow":["GET"]}}],"collection":[{"href":"https:\/\/klin.managementpro.ro\/en\/wp-json\/wp\/v2\/product"}],"about":[{"href":"https:\/\/klin.managementpro.ro\/en\/wp-json\/wp\/v2\/types\/product"}],"replies":[{"embeddable":true,"href":"https:\/\/klin.managementpro.ro\/en\/wp-json\/wp\/v2\/comments?post=6330"}],"wp:featuredmedia":[{"embeddable":true,"href":"https:\/\/klin.managementpro.ro\/en\/wp-json\/wp\/v2\/media\/5902"}],"wp:attachment":[{"href":"https:\/\/klin.managementpro.ro\/en\/wp-json\/wp\/v2\/media?parent=6330"}],"wp:term":[{"taxonomy":"product_cat","embeddable":true,"href":"https:\/\/klin.managementpro.ro\/en\/wp-json\/wp\/v2\/product_cat?post=6330"},{"taxonomy":"product_tag","embeddable":true,"href":"https:\/\/klin.managementpro.ro\/en\/wp-json\/wp\/v2\/product_tag?post=6330"}],"curies":[{"name":"wp","href":"https:\/\/api.w.org\/{rel}","templated":true}]}}