{"id":6335,"date":"2024-07-23T16:47:38","date_gmt":"2024-07-23T16:47:38","guid":{"rendered":"https:\/\/klin.managementpro.ro\/?post_type=product&#038;p=6335"},"modified":"2024-07-23T16:47:42","modified_gmt":"2024-07-23T16:47:42","slug":"klinodiol-spray-anti-tantari-copii","status":"publish","type":"product","link":"https:\/\/klin.managementpro.ro\/en\/product\/klinodiol-spray-anti-tantari-copii\/","title":{"rendered":"KLINODIOL\u00ae Mosquito Spray - Children"},"content":{"rendered":"<p>Klinodiol spray pentru copii este un spray repelent anti \u021b\u00e2n\u021bari, gata de lucru, cu efect de p\u00e2na la 8 ore de la aplicare<\/p>\n<p>\u2022 Indicat pentru copiii cu v\u00e2rste de peste 6 luni;<br \/>\n\u2022 Testat dermatologic;<br \/>\n\u2022 Formulat cu Citridiol &#8211; efect de respingere a insectelor de p\u00e2n\u0103 la 8 ore;<br \/>\n\u2022 Produs fabricat cu ingrediente din surse naturale \u0219i vegetale (Lemon Eucalyptus extract);<br \/>\n\u2022 Fara DEET;<br \/>\n\u2022 Eficacitate dovedit\u0103 \u0219tiin\u021bific;<br \/>\n\u2022 Nu las\u0103 urme grase sau lipicioase pe piele;<br \/>\n\u2022 Nu afecteaz\u0103 ramele de ochelari, camera de luat vederi.<\/p>\n<p><strong>Aviz emis de Comisia Na\u021bional\u0103 pentru Produse Biocide nr. 6194BIO\/19\/12.24<\/strong><\/p>\n<p>Indica\u021bii de utilizare: Ca atare, prin pulverizare uniform\u0103 de la o distan\u021b\u0103 de 15-20 cm, aplic\u00e2nd produsul pe pielea copilului, evit\u00e2nd contactul cu m\u00e2inile acestuia. Pulveriza\u021bi uniform pe pielea expus\u0103 (0,5 ml \/ 600 cm\u00b2) \u0219i reaplica\u021bi dup\u0103 contactul cu apa. AGITA\u021aI BINE \u00ceNAINTE DE UTILIZARE.<br \/>\nEficacitatea Klinodiol spray pentru copii va varia \u00een func\u021bie de nivelurile de activitate \u0219i transpira\u021bie. Reaplica\u021bi Klinodiol spray pentru copii la fiecare 6 p\u00e2na la 8 ore. Pentru a proteja fa\u021ba copilului de mu\u0219c\u0103turile de insecte aplica\u021bi mai \u00eent\u00e2i produsul \u00een palm\u0103 \u0219i folosi\u021bi m\u00e2na pentru a aplica cu aten\u021bie pe obraji, barbie \u0219i frunte.<\/p>\n<p><strong>Compozi\u021bia chimica la 100 g produs: Substan\u021ba activa<\/strong>: 13% (m\/m) Citridiol, nr. CAS 1245629-80-4;<\/p>\n<p><strong>Other ingredients<\/strong>: propilenglicol, alcool izopropilic, ap\u0103.<br \/>\n<strong>Grupa principal\u0103<\/strong>: 3.<strong> Type of product<\/strong>: 19.<\/p>\n<p><strong>Field of use<\/strong>: Sectorul de igiena \u0219i sanatate public\u0103.<\/p>\n<p><strong>Scope<\/strong>: Repelent \u00eempotriva insectelor zburatoare (\u021b\u00e2n\u021bari) prin alungare.<\/p>\n<p><strong>User category<\/strong>: profesionali, popula\u021bie, industriali.<\/p>\n<p>&nbsp;<\/p>\n<table style=\"height: 216px;\" width=\"559\">\n<tbody>\n<tr>\n<td width=\"114\"><strong>Activitatea<\/strong><\/td>\n<td width=\"186\"><strong>\u00a0\u00a0\u00a0\u00a0\u00a0\u00a0\u00a0\u00a0\u00a0\u00a0\u00a0\u00a0\u00a0\u00a0 Species<\/strong><\/td>\n<td width=\"192\"><strong>\u00a0\u00a0\u00a0\u00a0 Timpi de actiune<\/strong><\/td>\n<\/tr>\n<tr>\n<td rowspan=\"2\" width=\"114\">Repelenta<\/td>\n<td width=\"186\">T\u00e2ntari (Culex pipiens)<\/td>\n<td width=\"192\">P\u00e2na la 8 ore de la aplicare<\/td>\n<\/tr>\n<tr>\n<td width=\"186\">T\u00e2ntari (Aedes albopictus)<\/td>\n<td width=\"192\">P\u00e2na la 6 ore de la aplicare<\/td>\n<\/tr>\n<\/tbody>\n<\/table>\n<p>&nbsp;<\/p>\n<p>Manufacturer: KLINTENSIV SRL<br \/>\n\u0218os. Alexandriei 544, Bragadiru, jud. Ilfov.<br \/>\nTel: 021.448.14.99; office@klintensiv.com<\/p>\n<p>&nbsp;<\/p>","protected":false},"excerpt":{"rendered":"<p>Klinodiol spray pentru copii este un spray repelent anti \u021b\u00e2n\u021bari, gata de lucru, cu efect de p\u00e2na la 8 ore de la aplicare.<\/p>","protected":false},"featured_media":5933,"comment_status":"open","ping_status":"closed","template":"","meta":[],"product_cat":[57,186],"product_tag":[],"class_list":{"0":"post-6335","1":"product","2":"type-product","3":"status-publish","4":"has-post-thumbnail","6":"product_cat-farmaceutice","7":"product_cat-repelenti","9":"first","10":"instock","11":"purchasable","12":"product-type-simple"},"_links":{"self":[{"href":"https:\/\/klin.managementpro.ro\/en\/wp-json\/wp\/v2\/product\/6335","targetHints":{"allow":["GET"]}}],"collection":[{"href":"https:\/\/klin.managementpro.ro\/en\/wp-json\/wp\/v2\/product"}],"about":[{"href":"https:\/\/klin.managementpro.ro\/en\/wp-json\/wp\/v2\/types\/product"}],"replies":[{"embeddable":true,"href":"https:\/\/klin.managementpro.ro\/en\/wp-json\/wp\/v2\/comments?post=6335"}],"wp:featuredmedia":[{"embeddable":true,"href":"https:\/\/klin.managementpro.ro\/en\/wp-json\/wp\/v2\/media\/5933"}],"wp:attachment":[{"href":"https:\/\/klin.managementpro.ro\/en\/wp-json\/wp\/v2\/media?parent=6335"}],"wp:term":[{"taxonomy":"product_cat","embeddable":true,"href":"https:\/\/klin.managementpro.ro\/en\/wp-json\/wp\/v2\/product_cat?post=6335"},{"taxonomy":"product_tag","embeddable":true,"href":"https:\/\/klin.managementpro.ro\/en\/wp-json\/wp\/v2\/product_tag?post=6335"}],"curies":[{"name":"wp","href":"https:\/\/api.w.org\/{rel}","templated":true}]}}