{"id":6338,"date":"2024-07-23T16:47:38","date_gmt":"2024-07-23T16:47:38","guid":{"rendered":"https:\/\/klin.managementpro.ro\/?post_type=product&#038;p=6338"},"modified":"2024-07-23T16:47:43","modified_gmt":"2024-07-23T16:47:43","slug":"klinodiol-spray-anti-tantari-si-capuse-copii","status":"publish","type":"product","link":"https:\/\/klin.managementpro.ro\/en\/product\/klinodiol-spray-anti-tantari-si-capuse-copii\/","title":{"rendered":"KLINODIOL\u00ae Mosquito and tick spray - Children"},"content":{"rendered":"<p>KLINODIOL SPRAY pentru copii este un repelent anti \u021b\u00e2n\u021bari \u0219i capu\u0219e, sub forma de lichid, cu efect de p\u00e2na la 10 ore de la aplicare.<\/p>\n<ul>\n<li>Indicat pentru copiii cu v\u00e2rste de peste 6 luni;<\/li>\n<li>Dermatologist-tested;<\/li>\n<li>Formulated with citridiol - repels insects for up to 10 hours;<\/li>\n<li>Made with ingredients from natural and plant sources (Lemon Eucalyptus extract);<\/li>\n<li>DEET-free;<\/li>\n<li>Scientifically proven effectiveness;<\/li>\n<li>Does not leave greasy or sticky marks on the skin;<\/li>\n<li>It doesn't affect your eyeglass frames, camera.<\/li>\n<\/ul>\n<p><strong>Opinion issued by the National Commission for Biocidal Products no. 5097BIO\/19\/12.24<\/strong><\/p>\n<p><strong>Indications for use<\/strong>: Ca atare, prin pulverizare uniform\u0103 de la o distan\u021b\u0103 de 15-20 cm, aplic\u00e2nd produsul pe pielea copilului, evit\u00e2nd contactul cu m\u00e2inile acestuia. Pulveriza\u021bi uniform pe pielea expusa (0,3 ml \/ 600 cm\u00b2) \u0219i reaplica\u021bi dup\u0103 contactul cu apa.<\/p>\n<p><strong>Chemical composition per 100 g product<\/strong>Active substance: 30% (m\/m) Eucalyptus citriodora (citridiol) oil hydrate, CAS No 1245629-80-4;<\/p>\n<p><strong>Other ingredients<\/strong>: Ethyl and isopropyl alcohol, denaturing agent, water.<\/p>\n<p><strong>Main group<\/strong>: 3. <strong>Type of product<\/strong>: 19.<\/p>\n<p><strong>Field of use<\/strong>: Repellents and attractants.<\/p>\n<p><strong>User category<\/strong>: professionals, population.<\/p>\n<p><strong>Scope<\/strong>: Products used for the control of harmful organisms (mosquitoes, ticks) by repelling or attracting, including products used for human hygiene directly on the skin or indirectly in the human environment.<\/p>\n<table>\n<tbody>\n<tr>\n<td width=\"114\"><strong>Effectiveness<\/strong><\/td>\n<td width=\"162\"><strong>Species<\/strong><\/td>\n<td width=\"198\"><strong>Action times<\/strong><\/td>\n<\/tr>\n<tr>\n<td width=\"114\">Repellent<\/td>\n<td width=\"162\">mosquitoes<\/p>\n<p><em>Aedes albopictus<\/em><\/p>\n<p><em>Stegomyia albopicta<\/em><\/td>\n<td width=\"198\">1-5 hours (effectiveness 100%)<\/p>\n<p>6-7 hours (effectiveness 99.9%)<\/p>\n<p>10 hours (efficacy 97,31%)<\/td>\n<\/tr>\n<tr>\n<td width=\"114\">Repellent<\/td>\n<td width=\"162\">mosquitoes<\/p>\n<p><em>Culex quinquefasciatus<\/em><\/td>\n<td width=\"198\">6 hours<\/td>\n<\/tr>\n<tr>\n<td width=\"114\">Repellent<\/td>\n<td width=\"162\">Capu\u0219e <em>Ixodes ricinus<\/em><\/td>\n<td width=\"198\">6 hours<\/td>\n<\/tr>\n<\/tbody>\n<\/table>\n<p>&nbsp;<\/p>\n<p>&nbsp;<\/p>\n<p>&nbsp;<\/p>\n<p>Manufacturer: KLINTENSIV SRL<br \/>\n\u0218os. Alexandriei 544, Bragadiru, jud. Ilfov.<br \/>\nTel: 021.448.14.99; office@klintensiv.com<\/p>","protected":false},"excerpt":{"rendered":"<p>KLINODIOL SPRAY pentru copii este un repelent anti \u021b\u00e2n\u021bari \u0219i capu\u0219e, sub forma de lichid, cu efect de p\u00e2na la 10 ore de la aplicare.<\/p>","protected":false},"featured_media":5936,"comment_status":"open","ping_status":"closed","template":"","meta":[],"product_cat":[57,186],"product_tag":[],"class_list":{"0":"post-6338","1":"product","2":"type-product","3":"status-publish","4":"has-post-thumbnail","6":"product_cat-farmaceutice","7":"product_cat-repelenti","9":"first","10":"instock","11":"purchasable","12":"product-type-simple"},"_links":{"self":[{"href":"https:\/\/klin.managementpro.ro\/en\/wp-json\/wp\/v2\/product\/6338","targetHints":{"allow":["GET"]}}],"collection":[{"href":"https:\/\/klin.managementpro.ro\/en\/wp-json\/wp\/v2\/product"}],"about":[{"href":"https:\/\/klin.managementpro.ro\/en\/wp-json\/wp\/v2\/types\/product"}],"replies":[{"embeddable":true,"href":"https:\/\/klin.managementpro.ro\/en\/wp-json\/wp\/v2\/comments?post=6338"}],"wp:featuredmedia":[{"embeddable":true,"href":"https:\/\/klin.managementpro.ro\/en\/wp-json\/wp\/v2\/media\/5936"}],"wp:attachment":[{"href":"https:\/\/klin.managementpro.ro\/en\/wp-json\/wp\/v2\/media?parent=6338"}],"wp:term":[{"taxonomy":"product_cat","embeddable":true,"href":"https:\/\/klin.managementpro.ro\/en\/wp-json\/wp\/v2\/product_cat?post=6338"},{"taxonomy":"product_tag","embeddable":true,"href":"https:\/\/klin.managementpro.ro\/en\/wp-json\/wp\/v2\/product_tag?post=6338"}],"curies":[{"name":"wp","href":"https:\/\/api.w.org\/{rel}","templated":true}]}}