{"id":6342,"date":"2024-07-23T16:47:44","date_gmt":"2024-07-23T16:47:44","guid":{"rendered":"https:\/\/klin.managementpro.ro\/?post_type=product&#038;p=6342"},"modified":"2024-07-23T16:47:45","modified_gmt":"2024-07-23T16:47:45","slug":"klintensiv-apa-de-gura-mentolata-cu-efect-antibacterian-1-l","status":"publish","type":"product","link":"https:\/\/klin.managementpro.ro\/en\/product\/klintensiv-apa-de-gura-mentolata-cu-efect-antibacterian-1-l\/","title":{"rendered":"KLINTENSIV - Menthol mouthwash with antibacterial effect, 1 L"},"content":{"rendered":"<ul>\n<li>F\u0103r\u0103 alcool<\/li>\n<li>Utilizare zilnic\u0103<\/li>\n<li>Con\u021bine ingredient cu rol antibacterian<\/li>\n<\/ul>\n<p>Apa de gur\u0103 cu arom\u0103 mentolat\u0103 este utilizat\u0103 \u00een scopul men\u021binerii igienei bucale la persoanele peste 7 ani, ajut\u0103 la men\u021binerea respira\u021biei placute \u0219i prezint\u0103 ingrediente cu efect antibacterian.<\/p>\n<p><strong>Instruc\u021biuni de utilizare<\/strong>: Produsul prezint\u0103 eficien\u021b\u0103 ridicat\u0103 atunci c\u00e2nd este utilizat diminea\u021ba \u0219i seara dupa periaj. Turna\u021bi 20 ml de produs \u00eentr-un pahar, apoi clati\u021bi energic din\u021bii \u0219i gingiile timp de 30 de secunde, apoi scuipa\u021bi. Nu \u00eenghi\u021bi\u021bi. Nu se recomand\u0103 copiilor sub 7 ani.<\/p>\n<p><strong>Ingrediente<\/strong>: Aqua, Trisodium citrate dihydrate, Xylitol, Acid ascorbic, Sodium benzoate, PEG-40, Clorhexidine digluconate*, Sodium metabisulphite, Menthol, Eugenol, CI 42090.<\/p>\n<p>&nbsp;<\/p>\n<p>Producator: S.C. KLINTENSIV S.R.L.<br \/>\nStr. \u0218os. Alexandriei nr. 544, Ora\u0219 Bragadiru, Jude\u021b Ilfov<br \/>\nTel: 021.448.14.99<br \/>\noffice@klintensiv.ro<\/p>","protected":false},"excerpt":{"rendered":"<p>Apa de gur\u0103 cu arom\u0103 mentolat\u0103 este utilizat\u0103 \u00een scopul men\u021binerii igienei bucale la persoanele peste 7 ani, ajut\u0103 la men\u021binerea respira\u021biei placute \u0219i prezint\u0103 ingrediente cu efect antibacterian.<\/p>","protected":false},"featured_media":5940,"comment_status":"open","ping_status":"closed","template":"","meta":[],"product_cat":[57,126],"product_tag":[],"class_list":{"0":"post-6342","1":"product","2":"type-product","3":"status-publish","4":"has-post-thumbnail","6":"product_cat-farmaceutice","7":"product_cat-ingrijire-personala","9":"first","10":"outofstock","11":"shipping-taxable","12":"purchasable","13":"product-type-simple"},"_links":{"self":[{"href":"https:\/\/klin.managementpro.ro\/en\/wp-json\/wp\/v2\/product\/6342","targetHints":{"allow":["GET"]}}],"collection":[{"href":"https:\/\/klin.managementpro.ro\/en\/wp-json\/wp\/v2\/product"}],"about":[{"href":"https:\/\/klin.managementpro.ro\/en\/wp-json\/wp\/v2\/types\/product"}],"replies":[{"embeddable":true,"href":"https:\/\/klin.managementpro.ro\/en\/wp-json\/wp\/v2\/comments?post=6342"}],"wp:featuredmedia":[{"embeddable":true,"href":"https:\/\/klin.managementpro.ro\/en\/wp-json\/wp\/v2\/media\/5940"}],"wp:attachment":[{"href":"https:\/\/klin.managementpro.ro\/en\/wp-json\/wp\/v2\/media?parent=6342"}],"wp:term":[{"taxonomy":"product_cat","embeddable":true,"href":"https:\/\/klin.managementpro.ro\/en\/wp-json\/wp\/v2\/product_cat?post=6342"},{"taxonomy":"product_tag","embeddable":true,"href":"https:\/\/klin.managementpro.ro\/en\/wp-json\/wp\/v2\/product_tag?post=6342"}],"curies":[{"name":"wp","href":"https:\/\/api.w.org\/{rel}","templated":true}]}}