{"id":6351,"date":"2024-07-23T16:47:44","date_gmt":"2024-07-23T16:47:44","guid":{"rendered":"https:\/\/klin.managementpro.ro\/?post_type=product&#038;p=6351"},"modified":"2024-07-23T16:47:47","modified_gmt":"2024-07-23T16:47:47","slug":"klinsmart-solutie-curatare-multisuprafete-cu-efect-remanent-500-ml","status":"publish","type":"product","link":"https:\/\/klin.managementpro.ro\/en\/product\/klinsmart-solutie-curatare-multisuprafete-cu-efect-remanent-500-ml\/","title":{"rendered":"KlinSMART - MULTISURFACE Remaining Cleaning Solution, 500 ml"},"content":{"rendered":"<p><strong>KlinSmart<\/strong> este o solu\u021bie de cur\u0103\u021bare a suprafe\u021belor cu efect remanent\/efect de respingere a murd\u0103riei ce furnizeaz\u0103 o pelicul\u0103 protectoare pe zonele de aplicare \u0219i astfel \u00eempiedic\u0103 aderarea pic\u0103turilor de ap\u0103, a calcarului, a gr\u0103similor \u0219i a mucegaiului (datorit\u0103 celor doi surfactan\u021bi nonionici care ac\u021bioneaz\u0103 sinergic ca degresan\u021bi). Remanen\u021ba de efect garanteaz\u0103 o suprafa\u021b\u0103 str\u0103lucitoare ce ram\u00e2ne curata timp \u00eendelungat.<\/p>\n<p><strong>Avantaje:<\/strong><br \/>\n\u2022ajut\u0103 la reducerea timpului necesar cur\u0103\u021barii\/u\u0219or de utilizat<br \/>\n\u2022protejeaz\u0103 suprafe\u021bele<br \/>\n\u2022\u00eendeparteaz\u0103 rapid calcarul \u0219i mucegaiul din baie \u0219i previne depunerea lui (depunerile de calcar din baie sunt fie \u00eempiedicate s\u0103 se acumuleze, fie se pot \u00eendeparta foarte u\u0219or)<br \/>\n\u2022\u00eendeparteaz\u0103 f\u0103r\u0103 efort \u0219i f\u0103r\u0103 urme reziduurile de s\u0103pun<br \/>\n\u2022\u00eendeparteaza urmele de gr\u0103sime din buc\u0103t\u0103rie<br \/>\n\u2022efect antiaburire<\/p>\n<p><strong>How to use:<\/strong><br \/>\nProdusul se utilizeaz\u0103 ca atare. Se aplic\u0103 prin pulverizare o cantitate suficient\u0103 de produs pentru a solubiliza depunerile de murd\u0103rie de pe suprafe\u021be. Se las\u0103 solu\u021bia s\u0103 ac\u021bioneze 2-3 minute \u0219i apoi se cur\u0103\u021b\u0103 cu jet de ap\u0103 sau cu o lavet\u0103 umed\u0103 din microfibr\u0103. Acest produs de cur\u0103\u021bare versatil este, de asemenea, compatibil cu majoritatea materialelor precum: o\u021bel inoxidabil, metale cromate\/vopsite, cupru, aluminiu, zinc, sticl\u0103, plastic, cauciuc\/ silicon, lemn natural sau acoperit, ceramic\u0103.<br \/>\nIngrediente: ap\u0103, peroxid de hidrogen, &lt;5% surfactan\u021bi non-ionici, &lt;5% surfactan\u021bi ionici, &lt;5% surfactan\u021bi<br \/>\namfoterici, degresan\u021bi, polimer hidrofilic, agent de chelatare, conservant \u0219i parfum.<br \/>\nDepozitare produs: \u00een recipientul original, ferit de expunere \u00eendelungat\u0103 la lumin\u0103 \u0219i la temperaturi pozitive<br \/>\ncuprinse \u00eentre 5 &#8211; 30\u00b0C.<\/p>\n<p>&nbsp;<\/p>\n<p>Manufacturer: KLINTENSIV SRL<br \/>\n\u0219os. Alexandriei nr. 544, Ora\u0219 Bragadiru, Jude\u021b Ilfov<br \/>\nTel: 021.448.14.99<br \/>\noffice@klintensiv.ro<\/p>","protected":false},"excerpt":{"rendered":"<p><strong>KlinSmart<\/strong> este o solu\u021bie de cur\u0103\u021bare a suprafe\u021belor cu efect remanent\/efect de respingere a murd\u0103riei ce furnizeaz\u0103 o pelicul\u0103 protectoare pe zonele de aplicare \u0219i astfel \u00eempiedic\u0103 aderarea pic\u0103turilor de ap\u0103, a calcarului, a gr\u0103similor \u0219i a mucegaiului (datorit\u0103 celor doi surfactan\u021bi nonionici care ac\u021bioneaz\u0103 sinergic ca degresan\u021bi). Remanen\u021ba de efect garanteaz\u0103 o suprafa\u021b\u0103 str\u0103lucitoare ce ram\u00e2ne curata timp \u00eendelungat.<\/p>","protected":false},"featured_media":5947,"comment_status":"open","ping_status":"closed","template":"","meta":[],"product_cat":[150,151,208,149,152],"product_tag":[],"class_list":{"0":"post-6351","1":"product","2":"type-product","3":"status-publish","4":"has-post-thumbnail","6":"product_cat-baie","7":"product_cat-bucatarie","8":"product_cat-oferte","9":"product_cat-produse-curatenie","10":"product_cat-spatii-comune","12":"first","13":"instock","14":"purchasable","15":"product-type-simple"},"_links":{"self":[{"href":"https:\/\/klin.managementpro.ro\/en\/wp-json\/wp\/v2\/product\/6351","targetHints":{"allow":["GET"]}}],"collection":[{"href":"https:\/\/klin.managementpro.ro\/en\/wp-json\/wp\/v2\/product"}],"about":[{"href":"https:\/\/klin.managementpro.ro\/en\/wp-json\/wp\/v2\/types\/product"}],"replies":[{"embeddable":true,"href":"https:\/\/klin.managementpro.ro\/en\/wp-json\/wp\/v2\/comments?post=6351"}],"wp:featuredmedia":[{"embeddable":true,"href":"https:\/\/klin.managementpro.ro\/en\/wp-json\/wp\/v2\/media\/5947"}],"wp:attachment":[{"href":"https:\/\/klin.managementpro.ro\/en\/wp-json\/wp\/v2\/media?parent=6351"}],"wp:term":[{"taxonomy":"product_cat","embeddable":true,"href":"https:\/\/klin.managementpro.ro\/en\/wp-json\/wp\/v2\/product_cat?post=6351"},{"taxonomy":"product_tag","embeddable":true,"href":"https:\/\/klin.managementpro.ro\/en\/wp-json\/wp\/v2\/product_tag?post=6351"}],"curies":[{"name":"wp","href":"https:\/\/api.w.org\/{rel}","templated":true}]}}